{"id":10989,"date":"2022-05-18T12:39:28","date_gmt":"2022-05-18T12:39:28","guid":{"rendered":"https:\/\/muvu.tech\/sobre-nosotros\/"},"modified":"2024-08-20T13:39:39","modified_gmt":"2024-08-20T13:39:39","slug":"sobre-nosotros","status":"publish","type":"page","link":"https:\/\/muvu.tech\/es\/sobre-nosotros\/","title":{"rendered":"Sobre nosotros"},"content":{"rendered":"<div class=\"wpb-content-wrapper\"><p>[vc_row top_section_title=&#8221;&#8221; bottom_section_title=&#8221;&#8221;][vc_column][rev_slider_vc alias=&#8221;business-slider-1&#8243;][\/vc_column][\/vc_row][vc_row full_width=&#8221;stretch_row&#8221;][vc_column][vc_row_inner css=&#8221;.vc_custom_1652831527131{padding-top: 100px !important;padding-right: 100px !important;padding-left: 100px !important;}&#8221;][vc_column_inner width=&#8221;1\/2&#8243; css=&#8221;.vc_custom_1541584818078{padding-right: 20px !important;}&#8221;]<header class=\"kd-section-title col-lg-12 text-left  kd-animated fadeIn   vc_custom_1652831622046\" data-animation-delay=200><h2 class=\"separator_off\" style=\"color: #1f3562;\">Muvu Technologies es una PYME portuguesa<\/h2><\/header>[vc_column_text]<span style=\"color: #1f3562;\">que desarrollan soluciones de alta tecnolog\u00eda para Industrias Inteligentes.<br \/>\nMuvu desarrolla soluciones de vanguardia basadas en la computaci\u00f3n en nube, el Internet de las Cosas, los Sistemas Ciberf\u00edsicos, el Big Data y la Inteligencia Artificial.<br \/>\nUno de los productos estrella de MUVU es RAILES, una aplicaci\u00f3n de gesti\u00f3n de l\u00edneas de producci\u00f3n industrial en tiempo real.<br \/>\nRAILES encaja en la lista de software de nueva generaci\u00f3n desarrollado para la industria, para ayudar a los fabricantes a tomar mejores decisiones basadas en informaci\u00f3n real recogida en el taller.   <\/span>[\/vc_column_text][vc_empty_space height=&#8221;20px&#8221;][vc_single_image image=&#8221;7439&#8243; img_size=&#8221;Full&#8221; alignment=&#8221;center&#8221; css_animation=&#8221;fadeIn&#8221; css=&#8221;.vc_custom_1652831939402{padding-right: 20px !important;}&#8221;][\/vc_column_inner][vc_column_inner width=&#8221;1\/2&#8243; css=&#8221;.vc_custom_1541584821670{padding-left: 20px !important;}&#8221;][vc_single_image image=&#8221;7661&#8243; img_size=&#8221;full&#8221; alignment=&#8221;center&#8221; css_animation=&#8221;fadeIn&#8221; css=&#8221;.vc_custom_1653407987090{padding-left: 20px !important;}&#8221;][vc_empty_space height=&#8221;40px&#8221;]<header class=\"kd-section-title col-lg-12 text-left  kd-animated fadeIn   vc_custom_1652831688081\" data-animation-delay=200><h2 class=\"separator_off\" style=\"color: #1f3562;\">Misi\u00f3n<\/h2><\/header>[vc_column_text css=&#8221;.vc_custom_1652831777665{padding-left: 20px !important;}&#8221;]<span style=\"color: #1f3562;\">Trabajamos en el presente con las herramientas del futuro, por eso ofrecemos soluciones disruptivas con un importante impacto social.<br \/>\nLas personas son la base de nuestro \u00e9xito, s\u00f3lo el talento y la motivaci\u00f3n nos permiten crear valor en todo lo que nos rodea. <\/span>[\/vc_column_text][\/vc_column_inner][\/vc_row_inner][vc_row_inner css=&#8221;.vc_custom_1652831521782{padding-right: 100px !important;padding-bottom: 80px !important;padding-left: 100px !important;}&#8221;][vc_column_inner width=&#8221;1\/2&#8243; css=&#8221;.vc_custom_1541584818078{padding-right: 20px !important;}&#8221;][vc_empty_space height=&#8221;20px&#8221;]<header class=\"kd-section-title col-lg-12 text-left  kd-animated fadeIn   vc_custom_1652831720080\" data-animation-delay=200><h2 class=\"separator_off\" style=\"color: #1f3562;\">Visi\u00f3n<\/h2><\/header>[vc_column_text]<span style=\"color: #1f3562;\">Trabajamos por un futuro mejor, mediante la implantaci\u00f3n de soluciones innovadoras de tecnolog\u00edas de la informaci\u00f3n y la comunicaci\u00f3n, promoviendo la sostenibilidad y con una fuerte responsabilidad social.<\/span>[\/vc_column_text][vc_empty_space height=&#8221;20px&#8221;][\/vc_column_inner][vc_column_inner width=&#8221;1\/2&#8243; css=&#8221;.vc_custom_1541584821670{padding-left: 20px !important;}&#8221;][vc_single_image image=&#8221;7660&#8243; img_size=&#8221;Full&#8221; alignment=&#8221;center&#8221; css_animation=&#8221;fadeIn&#8221; css=&#8221;.vc_custom_1653407974744{padding-left: 20px !important;}&#8221;][vc_empty_space height=&#8221;40px&#8221;][\/vc_column_inner][\/vc_row_inner][\/vc_column][\/vc_row][vc_row full_width=&#8221;stretch_row&#8221; css=&#8221;.vc_custom_1652832755182{padding-top: 40px !important;}&#8221;][vc_column offset=&#8221;vc_col-lg-12 vc_col-md-12&#8243;][vc_row_inner][vc_column_inner]<header class=\"kd-section-title vc_col-lg-6 vc_col-sm-8 text-center  kd-animated fadeIn   vc_custom_1652832664010\" data-animation-delay=200><h2 class=\"separator_off\" >Valor<\/h2><\/header>[\/vc_column_inner][\/vc_row_inner][\/vc_column][\/vc_row][vc_row full_width=&#8221;stretch_row&#8221;][vc_column css=&#8221;.vc_custom_1516009024901{padding-right: 0px !important;padding-left: 0px !important;}&#8221;][vc_row_inner css=&#8221;.vc_custom_1652832790010{padding-top: 0px !important;padding-bottom: 0px !important;}&#8221;][vc_column_inner width=&#8221;1\/4&#8243; css=&#8221;.vc_custom_1516009093233{padding-right: 0px !important;padding-left: 0px !important;}&#8221;]<div class=\"key-icon-box icon-default icon-top cont-center ib-hover-1  kd-animated fadeInUp\" style=\"background-color: transparent;\" ><div class=\"ib-wrapper\"><i class=\"iconsmind-Layer-Forward iconsmind-User-Interface\" style=\" \"><\/i> <h6 class=\"service-heading\" style=\"color: #1f3562;\">Transparencia<\/h6><p >Promovemos la transparencia en nuestra relaci\u00f3n con los clientes, s\u00f3lo as\u00ed construimos una cooperaci\u00f3n empresarial a largo plazo.<\/p><\/div><\/div>[\/vc_column_inner][vc_column_inner width=&#8221;1\/4&#8243; css=&#8221;.vc_custom_1516009109505{padding-right: 0px !important;padding-left: 0px !important;}&#8221;]<div class=\"key-icon-box icon-default icon-top cont-center ib-hover-1  kd-animated fadeInUp\" style=\"background-color: transparent;\" data-animation-delay=200><div class=\"ib-wrapper\"><i class=\"iconsmind-Security-Check iconsmind-Security\" style=\" \"><\/i> <h6 class=\"service-heading\" style=\"color: #1f3562;\">Confidencialidad e integridad<\/h6><p >Con nosotros, toda tu informaci\u00f3n est\u00e1 segura.<br \/>\nPromovemos una relaci\u00f3n de confianza con nuestros clientes. <\/p><\/div><\/div>[\/vc_column_inner][vc_column_inner width=&#8221;1\/4&#8243; css=&#8221;.vc_custom_1516009124658{padding-right: 0px !important;padding-left: 0px !important;}&#8221;]<div class=\"key-icon-box icon-default icon-top cont-center ib-hover-1  kd-animated fadeInUp\" style=\"background-color: transparent;\" data-animation-delay=400><div class=\"ib-wrapper\"><i class=\"iconsmind-Handshake iconsmind-Business-Finance\" style=\" color: #1f3562;\"><\/i> <h6 class=\"service-heading\" style=\"color: #1f3562;\">Profesionalidad<\/h6><p style=\"color: #1f3562;\">No es s\u00f3lo calidad, sino tambi\u00e9n la clave del \u00e9xito de todo lo que hacemos.<\/p><\/div><\/div>[\/vc_column_inner][vc_column_inner width=&#8221;1\/4&#8243; css=&#8221;.vc_custom_1516009131818{padding-right: 0px !important;padding-left: 0px !important;}&#8221;]<div class=\"key-icon-box icon-default icon-top cont-center ib-hover-1  kd-animated fadeInUp\" style=\"background-color: transparent;\" data-animation-delay=600><div class=\"ib-wrapper\"><i class=\"iconsmind-Environmental iconsmind-Nature\" style=\" \"><\/i> <h6 class=\"service-heading\" style=\"color: #1f3562;\">Responsabilidad social<\/h6><p >La sostenibilidad no s\u00f3lo es importante para el planeta, sino que tambi\u00e9n es vital para el \u00e9xito de una empresa.<\/p><\/div><\/div>[\/vc_column_inner][\/vc_row_inner][vc_empty_space height=&#8221;150px&#8221;][\/vc_column][\/vc_row][vc_row full_width=&#8221;stretch_row&#8221; disable_element=&#8221;yes&#8221; css=&#8221;.vc_custom_1653844372792{padding-top: 60px !important;padding-bottom: 20px !important;}&#8221;][vc_column offset=&#8221;vc_col-lg-12 vc_col-md-12&#8243;][vc_row_inner][vc_column_inner]<header class=\"kd-section-title vc_col-lg-6 vc_col-sm-8 text-center  kd-animated fadeIn   vc_custom_1652832681125\" data-animation-delay=200><h2 class=\"separator_off\" >Empleo<\/h2><\/header>[\/vc_column_inner][\/vc_row_inner][\/vc_column][\/vc_row][vc_row full_width=&#8221;stretch_row&#8221; disable_element=&#8221;yes&#8221;][vc_column css=&#8221;.vc_custom_1516009024901{padding-right: 0px !important;padding-left: 0px !important;}&#8221;][vc_row_inner][vc_column_inner width=&#8221;1\/3&#8243; css=&#8221;.vc_custom_1652833001561{padding-right: 10px !important;padding-left: 0px !important;}&#8221;]<div class=\"key-icon-box icon-default  cont-left ib-hover-1  kd-animated fadeInUp\" style=\"background-color: transparent;\" ><div class=\"ib-wrapper\"><h5 class=\"service-heading\" >Desarrollador de ventas<\/h5><p >Lorem ipsum dolor sit amet, consectetur adipisicing elit.<br \/>\n\u00a1Corporis vel, ipsam repellendus, perferendis quos dolore! <\/p><\/div><\/div>[\/vc_column_inner][vc_column_inner width=&#8221;1\/3&#8243; css=&#8221;.vc_custom_1652833007562{padding-right: 10px !important;padding-left: 0px !important;}&#8221;]<div class=\"key-icon-box icon-default  cont-left ib-hover-1  kd-animated fadeInUp\" style=\"background-color: transparent;\" ><div class=\"ib-wrapper\"><h5 class=\"service-heading\" >Desarrollador de ventas<\/h5><p >Lorem ipsum dolor sit amet, consectetur adipisicing elit.<br \/>\n\u00a1Corporis vel, ipsam repellendus, perferendis quos dolore! <\/p><\/div><\/div>[\/vc_column_inner][vc_column_inner width=&#8221;1\/3&#8243; css=&#8221;.vc_custom_1516009018730{padding-right: 0px !important;padding-left: 0px !important;}&#8221;]<div class=\"key-icon-box icon-default  cont-left ib-hover-1  kd-animated fadeInUp\" style=\"background-color: transparent;\" ><div class=\"ib-wrapper\"><h5 class=\"service-heading\" >Desarrollador Full Stack<\/h5><p >Lorem ipsum dolor sit amet, consectetur adipisicing elit.<br \/>\n\u00a1Corporis vel, ipsam repellendus, perferendis quos dolore! <\/p><\/div><\/div>[\/vc_column_inner][\/vc_row_inner][\/vc_column][\/vc_row][vc_row full_width=&#8221;stretch_row&#8221; disable_element=&#8221;yes&#8221;][vc_column css=&#8221;.vc_custom_1516095665984{padding-right: 0px !important;padding-left: 0px !important;}&#8221;][vc_row_inner css=&#8221;.vc_custom_1539086948584{padding-top: 100px !important;padding-bottom: 73px !important;}&#8221;][vc_column_inner width=&#8221;1\/2&#8243; css=&#8221;.vc_custom_1541508372335{padding-left: 15px !important;}&#8221; offset=&#8221;vc_col-lg-6 vc_col-md-12 vc_hidden-md&#8221;][vc_single_image image=&#8221;7688&#8243; img_size=&#8221;Full&#8221;][\/vc_column_inner][vc_column_inner width=&#8221;1\/2&#8243; css=&#8221;.vc_custom_1522244799532{padding-right: 15px !important;padding-left: 80px !important;}&#8221; offset=&#8221;vc_col-lg-6 vc_col-md-12&#8243;]<header class=\"kd-section-title col-lg-12 text-left  kd-animated fadeIn  \" data-animation-delay=200><h2 class=\"separator_off\" >Contacta con nosotros<\/h2><h6 class=\"subtitle \" >Ll\u00e1manos o p\u00e1sate en cualquier momento, nos esforzamos por responder a todas las consultas en un plazo de 24 horas en d\u00edas laborables.<\/h6><\/header>[vc_empty_space height=&#8221;30px&#8221;]<div class=\"kd-contact-form full-width-cf\" >\n<div class=\"wpcf7 no-js\" id=\"wpcf7-f10768-o1\" lang=\"es-ES\" dir=\"ltr\" data-wpcf7-id=\"10768\">\n<div class=\"screen-reader-response\"><p role=\"status\" aria-live=\"polite\" aria-atomic=\"true\"><\/p> <ul><\/ul><\/div>\n<form action=\"\/es\/wp-json\/wp\/v2\/pages\/10989#wpcf7-f10768-o1\" method=\"post\" class=\"wpcf7-form init\" aria-label=\"Formulario de contacto\" novalidate=\"novalidate\" data-status=\"init\">\n<fieldset class=\"hidden-fields-container\"><input type=\"hidden\" name=\"_wpcf7\" value=\"10768\" \/><input type=\"hidden\" name=\"_wpcf7_version\" value=\"6.1.5\" \/><input type=\"hidden\" name=\"_wpcf7_locale\" value=\"es_ES\" \/><input type=\"hidden\" name=\"_wpcf7_unit_tag\" value=\"wpcf7-f10768-o1\" \/><input type=\"hidden\" name=\"_wpcf7_container_post\" value=\"0\" \/><input type=\"hidden\" name=\"_wpcf7_posted_data_hash\" value=\"\" \/><input type=\"hidden\" name=\"_wpcf7_recaptcha_response\" value=\"\" \/>\n<\/fieldset>\n<p><span class=\"wpcf7-form-control-wrap\" data-name=\"your-name\"><input size=\"40\" maxlength=\"400\" class=\"wpcf7-form-control wpcf7-text wpcf7-validates-as-required\" aria-required=\"true\" aria-invalid=\"false\" placeholder=\"Tu nombre\" value=\"\" type=\"text\" name=\"your-name\" \/><\/span><span class=\"wpcf7-form-control-wrap\" data-name=\"your-email\"><input size=\"40\" maxlength=\"400\" class=\"wpcf7-form-control wpcf7-email wpcf7-validates-as-required wpcf7-text wpcf7-validates-as-email\" aria-required=\"true\" aria-invalid=\"false\" placeholder=\"Tu correo electr\u00f3nico\" value=\"\" type=\"email\" name=\"your-email\" \/><\/span><span class=\"wpcf7-form-control-wrap\" data-name=\"your-message\"><textarea cols=\"40\" rows=\"10\" maxlength=\"2000\" class=\"wpcf7-form-control wpcf7-textarea\" aria-invalid=\"false\" placeholder=\"Tu mensaje\" name=\"your-message\"><\/textarea><\/span><input class=\"wpcf7-form-control wpcf7-submit has-spinner\" type=\"submit\" value=\"Enviar mensaje\" \/>\n<\/p><div class=\"wpcf7-response-output\" aria-hidden=\"true\"><\/div>\n<\/form>\n<\/div>\n<\/div>[\/vc_column_inner][\/vc_row_inner][\/vc_column][\/vc_row]<\/p>\n<\/div>","protected":false},"excerpt":{"rendered":"<p>[vc_row top_section_title=&#8221;&#8221; bottom_section_title=&#8221;&#8221;][vc_column][rev_slider_vc alias=&#8221;business-slider-1&#8243;][\/vc_column][\/vc_row][vc_row full_width=&#8221;stretch_row&#8221;][vc_column][vc_row_inner css=&#8221;.vc_custom_1652831527131{padding-top: 100px !important;padding-right: 100px !important;padding-left: 100px !important;}&#8221;][vc_column_inner width=&#8221;1\/2&#8243; css=&#8221;.vc_custom_1541584818078{padding-right: 20px [&hellip;]<\/p>\n","protected":false},"author":1,"featured_media":0,"parent":0,"menu_order":0,"comment_status":"closed","ping_status":"closed","template":"","meta":{"inline_featured_image":false,"footnotes":""},"class_list":["post-10989","page","type-page","status-publish","hentry"],"yoast_head":"<!-- This site is optimized with the Yoast SEO plugin v27.4 - https:\/\/yoast.com\/product\/yoast-seo-wordpress\/ -->\n<title>Sobre nosotros - Muvu Technologies - Railes MES<\/title>\n<meta name=\"description\" content=\"Muvu Technologies, una PYME portuguesa l\u00edder, crea soluciones avanzadas para Industrias Inteligentes utilizando computaci\u00f3n en la nube, IoT, Big Data e IA. Nuestro producto estrella, RAILES, revoluciona la gesti\u00f3n de las l\u00edneas de producci\u00f3n en tiempo real. Arraigados en valores de transparencia, integridad y responsabilidad social, nos dedicamos a dar forma al futuro con la innovaci\u00f3n y la sostenibilidad en primer plano.\" \/>\n<meta name=\"robots\" content=\"index, follow, max-snippet:-1, max-image-preview:large, max-video-preview:-1\" \/>\n<link rel=\"canonical\" href=\"https:\/\/muvu.tech\/es\/sobre-nosotros\/\" \/>\n<meta property=\"og:locale\" content=\"es_ES\" \/>\n<meta property=\"og:type\" content=\"article\" \/>\n<meta property=\"og:title\" content=\"Sobre nosotros - Muvu Technologies - Railes MES\" \/>\n<meta property=\"og:description\" content=\"Muvu Technologies, una PYME portuguesa l\u00edder, crea soluciones avanzadas para Industrias Inteligentes utilizando computaci\u00f3n en la nube, IoT, Big Data e IA. Nuestro producto estrella, RAILES, revoluciona la gesti\u00f3n de las l\u00edneas de producci\u00f3n en tiempo real. Arraigados en valores de transparencia, integridad y responsabilidad social, nos dedicamos a dar forma al futuro con la innovaci\u00f3n y la sostenibilidad en primer plano.\" \/>\n<meta property=\"og:url\" content=\"https:\/\/muvu.tech\/es\/sobre-nosotros\/\" \/>\n<meta property=\"og:site_name\" content=\"Muvu Technologies - Railes MES\" \/>\n<meta property=\"article:publisher\" content=\"https:\/\/www.facebook.com\/muvutechnologies\" \/>\n<meta property=\"article:modified_time\" content=\"2024-08-20T13:39:39+00:00\" \/>\n<meta name=\"twitter:card\" content=\"summary_large_image\" \/>\n<meta name=\"twitter:site\" content=\"@muvutech\" \/>\n<meta name=\"twitter:label1\" content=\"Tiempo de lectura\" \/>\n\t<meta name=\"twitter:data1\" content=\"8 minutos\" \/>\n<script type=\"application\/ld+json\" class=\"yoast-schema-graph\">{\"@context\":\"https:\\\/\\\/schema.org\",\"@graph\":[{\"@type\":\"WebPage\",\"@id\":\"https:\\\/\\\/muvu.tech\\\/es\\\/sobre-nosotros\\\/\",\"url\":\"https:\\\/\\\/muvu.tech\\\/es\\\/sobre-nosotros\\\/\",\"name\":\"Sobre nosotros - Muvu Technologies - Railes MES\",\"isPartOf\":{\"@id\":\"https:\\\/\\\/muvu.tech\\\/es\\\/#website\"},\"datePublished\":\"2022-05-18T12:39:28+00:00\",\"dateModified\":\"2024-08-20T13:39:39+00:00\",\"description\":\"Muvu Technologies, una PYME portuguesa l\u00edder, crea soluciones avanzadas para Industrias Inteligentes utilizando computaci\u00f3n en la nube, IoT, Big Data e IA. Nuestro producto estrella, RAILES, revoluciona la gesti\u00f3n de las l\u00edneas de producci\u00f3n en tiempo real. Arraigados en valores de transparencia, integridad y responsabilidad social, nos dedicamos a dar forma al futuro con la innovaci\u00f3n y la sostenibilidad en primer plano.\",\"breadcrumb\":{\"@id\":\"https:\\\/\\\/muvu.tech\\\/es\\\/sobre-nosotros\\\/#breadcrumb\"},\"inLanguage\":\"es\",\"potentialAction\":[{\"@type\":\"ReadAction\",\"target\":[\"https:\\\/\\\/muvu.tech\\\/es\\\/sobre-nosotros\\\/\"]}]},{\"@type\":\"BreadcrumbList\",\"@id\":\"https:\\\/\\\/muvu.tech\\\/es\\\/sobre-nosotros\\\/#breadcrumb\",\"itemListElement\":[{\"@type\":\"ListItem\",\"position\":1,\"name\":\"Home\",\"item\":\"https:\\\/\\\/muvu.tech\\\/es\\\/\"},{\"@type\":\"ListItem\",\"position\":2,\"name\":\"Sobre nosotros\"}]},{\"@type\":\"WebSite\",\"@id\":\"https:\\\/\\\/muvu.tech\\\/es\\\/#website\",\"url\":\"https:\\\/\\\/muvu.tech\\\/es\\\/\",\"name\":\"Muvu Technologies - Railes MES\",\"description\":\"Empowering Industries with Muvu Technologies: Unleash the Potential of Railes MES for Optimal Efficiency and Quality.\",\"publisher\":{\"@id\":\"https:\\\/\\\/muvu.tech\\\/es\\\/#organization\"},\"potentialAction\":[{\"@type\":\"SearchAction\",\"target\":{\"@type\":\"EntryPoint\",\"urlTemplate\":\"https:\\\/\\\/muvu.tech\\\/es\\\/?s={search_term_string}\"},\"query-input\":{\"@type\":\"PropertyValueSpecification\",\"valueRequired\":true,\"valueName\":\"search_term_string\"}}],\"inLanguage\":\"es\"},{\"@type\":\"Organization\",\"@id\":\"https:\\\/\\\/muvu.tech\\\/es\\\/#organization\",\"name\":\"MUVU Technologies\",\"alternateName\":\"Railes MES\",\"url\":\"https:\\\/\\\/muvu.tech\\\/es\\\/\",\"logo\":{\"@type\":\"ImageObject\",\"inLanguage\":\"es\",\"@id\":\"https:\\\/\\\/muvu.tech\\\/es\\\/#\\\/schema\\\/logo\\\/image\\\/\",\"url\":\"https:\\\/\\\/muvu.tech\\\/wp-content\\\/uploads\\\/2022\\\/05\\\/muvu-logo-colour.svg\",\"contentUrl\":\"https:\\\/\\\/muvu.tech\\\/wp-content\\\/uploads\\\/2022\\\/05\\\/muvu-logo-colour.svg\",\"width\":1,\"height\":1,\"caption\":\"MUVU Technologies\"},\"image\":{\"@id\":\"https:\\\/\\\/muvu.tech\\\/es\\\/#\\\/schema\\\/logo\\\/image\\\/\"},\"sameAs\":[\"https:\\\/\\\/www.facebook.com\\\/muvutechnologies\",\"https:\\\/\\\/x.com\\\/muvutech\",\"https:\\\/\\\/www.instagram.com\\\/muvu.tech\\\/\",\"https:\\\/\\\/www.linkedin.com\\\/company\\\/muvutechnologies\\\/\"]}]}<\/script>\n<!-- \/ Yoast SEO plugin. -->","yoast_head_json":{"title":"Sobre nosotros - Muvu Technologies - Railes MES","description":"Muvu Technologies, una PYME portuguesa l\u00edder, crea soluciones avanzadas para Industrias Inteligentes utilizando computaci\u00f3n en la nube, IoT, Big Data e IA. Nuestro producto estrella, RAILES, revoluciona la gesti\u00f3n de las l\u00edneas de producci\u00f3n en tiempo real. Arraigados en valores de transparencia, integridad y responsabilidad social, nos dedicamos a dar forma al futuro con la innovaci\u00f3n y la sostenibilidad en primer plano.","robots":{"index":"index","follow":"follow","max-snippet":"max-snippet:-1","max-image-preview":"max-image-preview:large","max-video-preview":"max-video-preview:-1"},"canonical":"https:\/\/muvu.tech\/es\/sobre-nosotros\/","og_locale":"es_ES","og_type":"article","og_title":"Sobre nosotros - Muvu Technologies - Railes MES","og_description":"Muvu Technologies, una PYME portuguesa l\u00edder, crea soluciones avanzadas para Industrias Inteligentes utilizando computaci\u00f3n en la nube, IoT, Big Data e IA. Nuestro producto estrella, RAILES, revoluciona la gesti\u00f3n de las l\u00edneas de producci\u00f3n en tiempo real. Arraigados en valores de transparencia, integridad y responsabilidad social, nos dedicamos a dar forma al futuro con la innovaci\u00f3n y la sostenibilidad en primer plano.","og_url":"https:\/\/muvu.tech\/es\/sobre-nosotros\/","og_site_name":"Muvu Technologies - Railes MES","article_publisher":"https:\/\/www.facebook.com\/muvutechnologies","article_modified_time":"2024-08-20T13:39:39+00:00","twitter_card":"summary_large_image","twitter_site":"@muvutech","twitter_misc":{"Tiempo de lectura":"8 minutos"},"schema":{"@context":"https:\/\/schema.org","@graph":[{"@type":"WebPage","@id":"https:\/\/muvu.tech\/es\/sobre-nosotros\/","url":"https:\/\/muvu.tech\/es\/sobre-nosotros\/","name":"Sobre nosotros - Muvu Technologies - Railes MES","isPartOf":{"@id":"https:\/\/muvu.tech\/es\/#website"},"datePublished":"2022-05-18T12:39:28+00:00","dateModified":"2024-08-20T13:39:39+00:00","description":"Muvu Technologies, una PYME portuguesa l\u00edder, crea soluciones avanzadas para Industrias Inteligentes utilizando computaci\u00f3n en la nube, IoT, Big Data e IA. Nuestro producto estrella, RAILES, revoluciona la gesti\u00f3n de las l\u00edneas de producci\u00f3n en tiempo real. Arraigados en valores de transparencia, integridad y responsabilidad social, nos dedicamos a dar forma al futuro con la innovaci\u00f3n y la sostenibilidad en primer plano.","breadcrumb":{"@id":"https:\/\/muvu.tech\/es\/sobre-nosotros\/#breadcrumb"},"inLanguage":"es","potentialAction":[{"@type":"ReadAction","target":["https:\/\/muvu.tech\/es\/sobre-nosotros\/"]}]},{"@type":"BreadcrumbList","@id":"https:\/\/muvu.tech\/es\/sobre-nosotros\/#breadcrumb","itemListElement":[{"@type":"ListItem","position":1,"name":"Home","item":"https:\/\/muvu.tech\/es\/"},{"@type":"ListItem","position":2,"name":"Sobre nosotros"}]},{"@type":"WebSite","@id":"https:\/\/muvu.tech\/es\/#website","url":"https:\/\/muvu.tech\/es\/","name":"Muvu Technologies - Railes MES","description":"Empowering Industries with Muvu Technologies: Unleash the Potential of Railes MES for Optimal Efficiency and Quality.","publisher":{"@id":"https:\/\/muvu.tech\/es\/#organization"},"potentialAction":[{"@type":"SearchAction","target":{"@type":"EntryPoint","urlTemplate":"https:\/\/muvu.tech\/es\/?s={search_term_string}"},"query-input":{"@type":"PropertyValueSpecification","valueRequired":true,"valueName":"search_term_string"}}],"inLanguage":"es"},{"@type":"Organization","@id":"https:\/\/muvu.tech\/es\/#organization","name":"MUVU Technologies","alternateName":"Railes MES","url":"https:\/\/muvu.tech\/es\/","logo":{"@type":"ImageObject","inLanguage":"es","@id":"https:\/\/muvu.tech\/es\/#\/schema\/logo\/image\/","url":"https:\/\/muvu.tech\/wp-content\/uploads\/2022\/05\/muvu-logo-colour.svg","contentUrl":"https:\/\/muvu.tech\/wp-content\/uploads\/2022\/05\/muvu-logo-colour.svg","width":1,"height":1,"caption":"MUVU Technologies"},"image":{"@id":"https:\/\/muvu.tech\/es\/#\/schema\/logo\/image\/"},"sameAs":["https:\/\/www.facebook.com\/muvutechnologies","https:\/\/x.com\/muvutech","https:\/\/www.instagram.com\/muvu.tech\/","https:\/\/www.linkedin.com\/company\/muvutechnologies\/"]}]}},"_links":{"self":[{"href":"https:\/\/muvu.tech\/es\/wp-json\/wp\/v2\/pages\/10989","targetHints":{"allow":["GET"]}}],"collection":[{"href":"https:\/\/muvu.tech\/es\/wp-json\/wp\/v2\/pages"}],"about":[{"href":"https:\/\/muvu.tech\/es\/wp-json\/wp\/v2\/types\/page"}],"author":[{"embeddable":true,"href":"https:\/\/muvu.tech\/es\/wp-json\/wp\/v2\/users\/1"}],"replies":[{"embeddable":true,"href":"https:\/\/muvu.tech\/es\/wp-json\/wp\/v2\/comments?post=10989"}],"version-history":[{"count":0,"href":"https:\/\/muvu.tech\/es\/wp-json\/wp\/v2\/pages\/10989\/revisions"}],"wp:attachment":[{"href":"https:\/\/muvu.tech\/es\/wp-json\/wp\/v2\/media?parent=10989"}],"curies":[{"name":"wp","href":"https:\/\/api.w.org\/{rel}","templated":true}]}}