{"id":10977,"date":"2022-05-19T00:00:42","date_gmt":"2022-05-19T00:00:42","guid":{"rendered":"https:\/\/muvu.tech\/experiencia\/"},"modified":"2024-08-20T13:39:38","modified_gmt":"2024-08-20T13:39:38","slug":"experiencia","status":"publish","type":"page","link":"https:\/\/muvu.tech\/es\/experiencia\/","title":{"rendered":"Experiencia"},"content":{"rendered":"<div class=\"wpb-content-wrapper\"><p>[vc_row css=&#8221;.vc_custom_1652826273981{padding-bottom: 80px !important;}&#8221;][vc_column][rev_slider_vc alias=&#8221;about-1-1&#8243;][\/vc_column][\/vc_row][vc_row full_width=&#8221;stretch_row&#8221;][vc_column][vc_column_text css=&#8221;&#8221;]<\/p>\n<p style=\"text-align: center;\"><span style=\"color: #1f3562; font-size: 30px;\">Railes MES proporciona un entorno multiplataforma que permite una r\u00e1pida adaptaci\u00f3n a las distintas funciones u operaciones del taller y la comunicaci\u00f3n en tiempo real entre cada plataforma.<\/span><\/p>\n<p>[\/vc_column_text][\/vc_column][\/vc_row][vc_row full_width=&#8221;stretch_row_content_no_spaces&#8221; css=&#8221;.vc_custom_1652917701538{padding-top: 100px !important;}&#8221;][vc_column][vc_tta_tabs alignment=&#8221;center&#8221; active_section=&#8221;1&#8243;][vc_tta_section title=&#8221;Aplicaci\u00f3n Railes&#8221; tab_id=&#8221;railes-app&#8221;][vc_row_inner css=&#8221;.vc_custom_1536151167985{padding-top: 100px !important;padding-bottom: 100px !important;}&#8221;][vc_column_inner width=&#8221;1\/2&#8243; css=&#8221;.vc_custom_1652917326926{padding-top: 27px !important;padding-right: 150px !important;padding-left: 0px !important;}&#8221; offset=&#8221;vc_col-lg-5&#8243;][vc_empty_space height=&#8221;60px&#8221;]<header class=\"kd-section-title col-lg-12 text-left    \" ><h2 class=\"separator_off\" style=\"color: #1f3562;\">Aplicaci\u00f3n Railes<\/h2><h6 class=\"subtitle \" style=\"color: #1f3562;\">RAILES APP es una potente herramienta de gesti\u00f3n y an\u00e1lisis de datos&lt;br&gt;.<\/h6><\/header>[vc_column_text]Permite el control integral de las actividades de la f\u00e1brica y la interoperabilidad completa entre los distintos departamentos.[\/vc_column_text][vc_empty_space height=&#8221;30px&#8221;][\/vc_column_inner][vc_column_inner width=&#8221;1\/2&#8243; offset=&#8221;vc_col-lg-7 vc_hidden-md&#8221;][vc_single_image image=&#8221;7666&#8243; img_size=&#8221;600\u200a\u00d7\u200a523&#8243;][\/vc_column_inner][\/vc_row_inner][\/vc_tta_section][vc_tta_section title=&#8221;Quiosco Railes&#8221; tab_id=&#8221;railes-kiosk&#8221;][vc_row_inner css=&#8221;.vc_custom_1536151167985{padding-top: 100px !important;padding-bottom: 100px !important;}&#8221;][vc_column_inner width=&#8221;1\/2&#8243; css=&#8221;.vc_custom_1652917326926{padding-top: 27px !important;padding-right: 150px !important;padding-left: 0px !important;}&#8221; offset=&#8221;vc_col-lg-5&#8243;][vc_empty_space height=&#8221;60px&#8221;]<header class=\"kd-section-title col-lg-12 text-left    \" ><h2 class=\"separator_off\" style=\"color: #1f3562;\">Quiosco Railes<\/h2><h6 class=\"subtitle \" style=\"color: #1f3562;\">RAILES Kiosk se utiliza para hacer registros&lt;br&gt; en un entorno de f\u00e1brica.<\/h6><\/header>[vc_column_text]Una herramienta sencilla e intuitiva que muestra lo que realmente importa para la ejecuci\u00f3n de las operaciones de fabricaci\u00f3n.[\/vc_column_text][vc_empty_space height=&#8221;30px&#8221;][\/vc_column_inner][vc_column_inner width=&#8221;1\/2&#8243; offset=&#8221;vc_col-lg-7 vc_hidden-md&#8221;][vc_single_image image=&#8221;7667&#8243; img_size=&#8221;600\u200a\u00d7\u200a523&#8243;][\/vc_column_inner][\/vc_row_inner][\/vc_tta_section][vc_tta_section title=&#8221;Aplicaci\u00f3n m\u00f3vil Railes&#8221; tab_id=&#8221;railes-mobile-app&#8221;][vc_row_inner css=&#8221;.vc_custom_1536151167985{padding-top: 100px !important;padding-bottom: 100px !important;}&#8221;][vc_column_inner width=&#8221;1\/2&#8243; css=&#8221;.vc_custom_1652917326926{padding-top: 27px !important;padding-right: 150px !important;padding-left: 0px !important;}&#8221; offset=&#8221;vc_col-lg-5&#8243;][vc_empty_space height=&#8221;60px&#8221;]<header class=\"kd-section-title col-lg-12 text-left    \" ><h2 class=\"separator_off\" style=\"color: #1f3562;\">Railes&lt;br&gt; Aplicaci\u00f3n m\u00f3vil<\/h2><h6 class=\"subtitle \" style=\"color: #1f3562;\">Gestiona tu f\u00e1brica y toma decisiones&lt;br&gt; utilizando tu smartphone.&lt;br&gt; Disponible en Android e iOS<\/h6><\/header>[vc_column_text]Permite el control integral de las actividades de la f\u00e1brica y la interoperabilidad completa entre los distintos departamentos.[\/vc_column_text][vc_empty_space height=&#8221;30px&#8221;][\/vc_column_inner][vc_column_inner width=&#8221;1\/2&#8243; offset=&#8221;vc_col-lg-7 vc_hidden-md&#8221;][vc_single_image image=&#8221;7668&#8243; img_size=&#8221;600\u200a\u00d7\u200a523&#8243;][\/vc_column_inner][\/vc_row_inner][\/vc_tta_section][vc_tta_section title=&#8221;Railes IoT&#8221; tab_id=&#8221;railes-iot&#8221;][vc_row_inner css=&#8221;.vc_custom_1536151167985{padding-top: 100px !important;padding-bottom: 100px !important;}&#8221;][vc_column_inner width=&#8221;1\/2&#8243; css=&#8221;.vc_custom_1652917326926{padding-top: 27px !important;padding-right: 150px !important;padding-left: 0px !important;}&#8221; offset=&#8221;vc_col-lg-5&#8243;][vc_empty_space height=&#8221;60px&#8221;]<header class=\"kd-section-title col-lg-12 text-left    \" ><h2 class=\"separator_off\" style=\"color: #1f3562;\">Railes IoT<\/h2><h6 class=\"subtitle \" style=\"color: #1f3562;\">Simplifica los registros y mejora&lt;br&gt; la precisi\u00f3n de los datos de tu f\u00e1brica.<\/h6><\/header>[vc_column_text]<span style=\"color: #1f3562;\">Permite el control integral de las actividades de la f\u00e1brica y la interoperabilidad completa entre los distintos departamentos.<\/span>[\/vc_column_text][vc_empty_space height=&#8221;30px&#8221;][\/vc_column_inner][vc_column_inner width=&#8221;1\/2&#8243; offset=&#8221;vc_col-lg-7 vc_hidden-md&#8221;][vc_single_image image=&#8221;7670&#8243; img_size=&#8221;600\u200a\u00d7\u200a523&#8243;][\/vc_column_inner][\/vc_row_inner][\/vc_tta_section][\/vc_tta_tabs][\/vc_column][\/vc_row][vc_row full_width=&#8221;stretch_row&#8221; disable_element=&#8221;yes&#8221;][vc_column css=&#8221;.vc_custom_1516095014613{padding-right: 0px !important;padding-left: 0px !important;}&#8221;][vc_row_inner css=&#8221;.vc_custom_1652918160392{padding-top: 60px !important;padding-bottom: 60px !important;}&#8221;][vc_column_inner width=&#8221;1\/4&#8243; offset=&#8221;vc_hidden-md vc_hidden-sm vc_hidden-xs&#8221;][\/vc_column_inner][vc_column_inner offset=&#8221;vc_col-lg-6&#8243;][vc_custom_heading text=&#8221;Conoce m\u00e1s a fondo lo que podemos hacer por tu explotaci\u00f3n y tu empresa.&#8221; font_container=&#8221;tag:h3|text_align:center|color:%231f3562&#8243; use_theme_fonts=&#8221;yes&#8221; css_animation=&#8221;fadeIn&#8221; css=&#8221;.vc_custom_1652918138048{margin-bottom: 50px !important;}&#8221; el_class=&#8221;light&#8221;]<a  href=\"#\"  target=\"_self\"  title=\"\" class=\"tt_button tt_secondary_button btn_primary_color  button-center button-action-link  kd-animated zoomIn\" data-animation-delay=200><span class=\"prim_text\">Saber m\u00e1s<\/span><\/a>[\/vc_column_inner][vc_column_inner width=&#8221;1\/4&#8243; offset=&#8221;vc_hidden-md vc_hidden-sm vc_hidden-xs&#8221;][\/vc_column_inner][\/vc_row_inner][\/vc_column][\/vc_row][vc_row full_width=&#8221;stretch_row&#8221; disable_element=&#8221;yes&#8221;][vc_column css=&#8221;.vc_custom_1516029036131{padding-right: 0px !important;padding-left: 0px !important;}&#8221;][vc_row_inner css=&#8221;.vc_custom_1652915153758{padding-top: 100px !important;padding-bottom: 100px !important;}&#8221;][vc_column_inner css=&#8221;.vc_custom_1516029043443{padding-right: 0px !important;padding-left: 0px !important;}&#8221;]<div class=\"slider testimonials black-navigation kd-testimonial-69e02a3f605ce  without-image\" ><div class=\"tt-content \">\n              <div class=\"tt-content-inner\">\n                <div class=\"tt-container\" style=\"color: #001938; \">\n                    <h6 style=\"color: #001938; \"\">&quot;Railes es una herramienta pr\u00e1ctica totalmente repleta de construcci\u00f3n y dise\u00f1o de primera calidad.&lt;br&gt; Por lo tanto, es estupenda para empresas emergentes sin definir que buscan un mercado de clientes espec\u00edfico&lt;br&gt;.&quot;<\/h6>\n                    <span class=\"author\" style=\"color: #001938;\">Sara Pascoal<\/span>\n                    <span class=\"content\" style=\"color: #001938;\">Jefe de Producci\u00f3n de la Empresa XYZ<\/span>\n                <\/div>\n                <div class=\"tt-image\"><\/div>\n                <\/div>\n            <\/div><\/div><script type=\"text\/javascript\">\n              jQuery(document).ready(function($){\n                if ($(\".slider.testimonials.kd-testimonial-69e02a3f605ce\").length) {\n                  $(\".slider.testimonials.kd-testimonial-69e02a3f605ce\").owlCarousel({\n                    stageClass: \"owl-wrapper\",\n                    stageOuterClass: \"owl-wrapper-outer\",\n                    loadedClass: \"owl-carousel\",responsive:{\n                        0:{\n                            dots: false,\n                            nav: true,\n                            navSpeed: 500,\n                        },\n                        960:{\nnav: true,\n                              navSpeed: 500,\n                              dots: true,\n                              dotsSpeed: 500,\n                              dotsEach: true,}\n                    },\n                    items: 1,\n                    rewind: true,\n                    loop: true,autoplay: false,autoplayHoverPause: false,\n                  });\n                }\n              });\n            <\/script>[\/vc_column_inner][\/vc_row_inner][\/vc_column][\/vc_row][vc_row full_width=&#8221;stretch_row&#8221; css=&#8221;.vc_custom_1515593633102{padding-top: 100px !important;padding-bottom: 100px !important;}&#8221;][vc_column width=&#8221;1\/2&#8243; css=&#8221;.vc_custom_1539591979391{padding-left: 0px !important;}&#8221; offset=&#8221;vc_col-lg-6 vc_col-md-12&#8243;][vc_single_image image=&#8221;10055&#8243; img_size=&#8221;500&#215;400&#8243; alignment=&#8221;center&#8221; css_animation=&#8221;none&#8221; css=&#8221;.vc_custom_1720621194050{margin-bottom: 0px !important;}&#8221;][\/vc_column][vc_column width=&#8221;1\/2&#8243; offset=&#8221;vc_col-lg-6 vc_col-md-12&#8243;][vc_row_inner css=&#8221;.vc_custom_1539591907369{margin-top: 30px !important;}&#8221;][vc_column_inner width=&#8221;5\/6&#8243; css=&#8221;.vc_custom_1541520012278{padding-right: 0px !important;padding-left: 0px !important;}&#8221; offset=&#8221;vc_col-lg-offset-0 vc_col-lg-10 vc_col-md-offset-1 vc_col-md-10 vc_col-sm-offset-0&#8243;]<header class=\"kd-section-title col-lg-12 text-left  kd-animated fadeIn  \" data-animation-delay=200><h2 class=\"separator_off\" style=\"color: #1f3562;\">Caracter\u00edsticas clave de la experiencia<\/h2><h6 class=\"subtitle \" >Libera todo el potencial de tu fabricaci\u00f3n con la experiencia MES de Railes<\/h6><\/header>[\/vc_column_inner][vc_column_inner width=&#8221;1\/6&#8243; offset=&#8221;vc_hidden-md vc_hidden-sm vc_hidden-xs&#8221;][\/vc_column_inner][\/vc_row_inner][vc_row_inner css=&#8221;.vc_custom_1513613877158{margin-top: 10px !important;margin-bottom: 35px !important;}&#8221;][vc_column_inner width=&#8221;1\/2&#8243; css=&#8221;.vc_custom_1522313756272{padding-left: 0px !important;}&#8221; offset=&#8221;vc_col-lg-offset-0 vc_col-lg-6 vc_col-md-offset-1 vc_col-md-4 vc_col-xs-12&#8243;][vc_column_text css_animation=&#8221;fadeIn&#8221; css=&#8221;&#8221;]<\/p>\n<ul>\n<li>F\u00e1cil de usar<\/li>\n<li>Soluciones a medida<\/li>\n<li>Atenci\u00f3n al cliente receptiva\n<div class=\"mt-1 flex gap-3 empty:hidden juice:-ml-3\">\n<div class=\"items-center justify-start rounded-xl p-1 flex\"><\/div>\n<\/div>\n<\/li>\n<\/ul>\n<p>[\/vc_column_text][\/vc_column_inner][vc_column_inner width=&#8221;1\/2&#8243; offset=&#8221;vc_col-lg-6 vc_col-md-6 vc_col-xs-12&#8243; css=&#8221;.vc_custom_1522313619560{margin-left: -50px !important;}&#8221;][vc_column_text css_animation=&#8221;fadeIn&#8221; css=&#8221;&#8221;]<\/p>\n<ul>\n<li>Enfoque centrado en el cliente<\/li>\n<li>Mejora continua<\/li>\n<li>Enfoque innovador<\/li>\n<\/ul>\n<p>[\/vc_column_text][\/vc_column_inner][\/vc_row_inner][vc_row_inner css=&#8221;.vc_custom_1522314825805{padding-left: 0px !important;}&#8221;][vc_column_inner css=&#8221;.vc_custom_1541519966835{margin-bottom: 20px !important;padding-left: 0px !important;}&#8221; offset=&#8221;vc_col-lg-offset-0 vc_col-md-offset-1 vc_col-sm-offset-0&#8243;]<a  href=\"https:\/\/muvu.tech\/es\/?page_id=10806\"  target=\"_self\"  title=\"Programa una demostraci\u00f3n\" class=\"tt_button tt_secondary_button btn_primary_color  pull-left button-action-link  kd-animated zoomIn\" data-animation-delay=200><span class=\"prim_text\">Programa una demostraci\u00f3n<\/span><\/a>[\/vc_column_inner][\/vc_row_inner][\/vc_column][\/vc_row][vc_row][vc_column width=&#8221;1\/2&#8243;][vc_row_inner css=&#8221;.vc_custom_1539606985318{margin-bottom: 10px !important;padding-top: 40px !important;padding-right: 80px !important;}&#8221;][vc_column_inner][vc_empty_space height=&#8221;84px&#8221;]<header class=\"kd-section-title col-lg-12 text-left  kd-animated fadeIn  \" data-animation-delay=200><h2 class=\"separator_off\" style=\"color: #1f3562;\">Descubre nuestros m\u00f3dulos<\/h2><p class=\"subtitle \" style=\"color: #1f3562;\">Plataforma modular e integrada para acelerar la innovaci\u00f3n y la eficacia de&lt;br&gt; hacia las F\u00e1bricas Inteligentes.<\/p><\/header>[vc_empty_space height=&#8221;20px&#8221;]<a  href=\"https:\/\/muvu.tech\/es\/?page_id=10902\"  target=\"_self\"  title=\"M\u00f3dulos\" class=\"tt_button tt_secondary_button btn_primary_color  pull-left button-action-link  kd-animated zoomIn\" data-animation-delay=200><span class=\"prim_text\">Saber m\u00e1s<\/span><\/a>[\/vc_column_inner][\/vc_row_inner][\/vc_column][vc_column width=&#8221;1\/2&#8243;][vc_row_inner css=&#8221;.vc_custom_1539595715348{margin-right: -15px !important;padding-right: 0px !important;}&#8221;][vc_column_inner css=&#8221;.vc_custom_1539595642996{padding-right: 0px !important;padding-left: 0px !important;}&#8221;][vc_single_image image=&#8221;7520&#8243; img_size=&#8221;full&#8221;][\/vc_column_inner][\/vc_row_inner][\/vc_column][\/vc_row][vc_section full_width=&#8221;stretch_row_content&#8221;][vc_row][vc_column width=&#8221;1\/3&#8243;][\/vc_column][vc_column width=&#8221;1\/3&#8243;][vc_column_text css_animation=&#8221;fadeIn&#8221; css=&#8221;&#8221;]<\/p>\n<h6 style=\"text-align: center;\">M\u00e1s informaci\u00f3n sobre Railes MES<\/h6>\n<p>[\/vc_column_text][vc_empty_space height=&#8221;15px&#8221;][vc_custom_heading text=&#8221;Descubre c\u00f3mo nuestras funciones pueden agilizar tus procesos de fabricaci\u00f3n.&#8221; font_container=&#8221;tag:h3|text_align:center|color:%231f3562&#8243; use_theme_fonts=&#8221;yes&#8221; css_animation=&#8221;fadeIn&#8221; css=&#8221;.vc_custom_1720609468122{margin-bottom: 35px !important;}&#8221;][vc_empty_space height=&#8221;15px&#8221;][\/vc_column][vc_column width=&#8221;1\/3&#8243;][\/vc_column][\/vc_row][\/vc_section][vc_row][vc_column width=&#8221;1\/6&#8243;][\/vc_column][vc_column width=&#8221;1\/6&#8243;][\/vc_column][vc_column width=&#8221;1\/6&#8243;]<a  href=\"https:\/\/muvu.tech\/es\/?page_id=10970\"  target=\"_self\"  title=\"Tecnolog\u00eda\" class=\"tt_button tt_primary_button btn_primary_color  button-center button-action-link\" ><span class=\"prim_text\">Tecnolog\u00eda<\/span><\/a>[\/vc_column][vc_column width=&#8221;1\/6&#8243;]<a  href=\"https:\/\/muvu.tech\/es\/?page_id=10961\"  target=\"_self\"  title=\"Integraci\u00f3n\" class=\"tt_button tt_primary_button btn_primary_color  button-center button-action-link\" ><span class=\"prim_text\">Integraci\u00f3n<\/span><\/a>[\/vc_column][vc_column width=&#8221;1\/6&#8243;][\/vc_column][vc_column width=&#8221;1\/6&#8243;][\/vc_column][\/vc_row][vc_row][vc_column][vc_empty_space][\/vc_column][\/vc_row]<\/p>\n<\/div>","protected":false},"excerpt":{"rendered":"<p>[vc_row css=&#8221;.vc_custom_1652826273981{padding-bottom: 80px !important;}&#8221;][vc_column][rev_slider_vc alias=&#8221;about-1-1&#8243;][\/vc_column][\/vc_row][vc_row full_width=&#8221;stretch_row&#8221;][vc_column][vc_column_text css=&#8221;&#8221;] Railes MES proporciona un entorno multiplataforma que permite [&hellip;]<\/p>\n","protected":false},"author":1,"featured_media":0,"parent":0,"menu_order":0,"comment_status":"closed","ping_status":"closed","template":"","meta":{"inline_featured_image":false,"footnotes":""},"class_list":["post-10977","page","type-page","status-publish","hentry"],"yoast_head":"<!-- This site is optimized with the Yoast SEO plugin v27.4 - https:\/\/yoast.com\/product\/yoast-seo-wordpress\/ -->\n<title>Experiencia - Muvu Technologies - Railes MES<\/title>\n<meta name=\"description\" content=\"Explora la Experiencia RAILES de Muvu Technologies. Sum\u00e9rgete en nuestro software de nueva generaci\u00f3n, RAILES, dise\u00f1ado para transformar la gesti\u00f3n de la l\u00ednea de producci\u00f3n industrial utilizando datos en tiempo real. S\u00e9 testigo de la industria 4.0 en acci\u00f3n y comprueba c\u00f3mo las decisiones inteligentes se basan en informaci\u00f3n procedente directamente del taller.\" \/>\n<meta name=\"robots\" content=\"index, follow, max-snippet:-1, max-image-preview:large, max-video-preview:-1\" \/>\n<link rel=\"canonical\" href=\"https:\/\/muvu.tech\/es\/experiencia\/\" \/>\n<meta property=\"og:locale\" content=\"es_ES\" \/>\n<meta property=\"og:type\" content=\"article\" \/>\n<meta property=\"og:title\" content=\"Experiencia - Muvu Technologies - Railes MES\" \/>\n<meta property=\"og:description\" content=\"Explora la Experiencia RAILES de Muvu Technologies. Sum\u00e9rgete en nuestro software de nueva generaci\u00f3n, RAILES, dise\u00f1ado para transformar la gesti\u00f3n de la l\u00ednea de producci\u00f3n industrial utilizando datos en tiempo real. S\u00e9 testigo de la industria 4.0 en acci\u00f3n y comprueba c\u00f3mo las decisiones inteligentes se basan en informaci\u00f3n procedente directamente del taller.\" \/>\n<meta property=\"og:url\" content=\"https:\/\/muvu.tech\/es\/experiencia\/\" \/>\n<meta property=\"og:site_name\" content=\"Muvu Technologies - Railes MES\" \/>\n<meta property=\"article:publisher\" content=\"https:\/\/www.facebook.com\/muvutechnologies\" \/>\n<meta property=\"article:modified_time\" content=\"2024-08-20T13:39:38+00:00\" \/>\n<meta name=\"twitter:card\" content=\"summary_large_image\" \/>\n<meta name=\"twitter:site\" content=\"@muvutech\" \/>\n<meta name=\"twitter:label1\" content=\"Tiempo de lectura\" \/>\n\t<meta name=\"twitter:data1\" content=\"9 minutos\" \/>\n<script type=\"application\/ld+json\" class=\"yoast-schema-graph\">{\"@context\":\"https:\\\/\\\/schema.org\",\"@graph\":[{\"@type\":\"WebPage\",\"@id\":\"https:\\\/\\\/muvu.tech\\\/es\\\/experiencia\\\/\",\"url\":\"https:\\\/\\\/muvu.tech\\\/es\\\/experiencia\\\/\",\"name\":\"Experiencia - Muvu Technologies - Railes MES\",\"isPartOf\":{\"@id\":\"https:\\\/\\\/muvu.tech\\\/es\\\/#website\"},\"datePublished\":\"2022-05-19T00:00:42+00:00\",\"dateModified\":\"2024-08-20T13:39:38+00:00\",\"description\":\"Explora la Experiencia RAILES de Muvu Technologies. Sum\u00e9rgete en nuestro software de nueva generaci\u00f3n, RAILES, dise\u00f1ado para transformar la gesti\u00f3n de la l\u00ednea de producci\u00f3n industrial utilizando datos en tiempo real. S\u00e9 testigo de la industria 4.0 en acci\u00f3n y comprueba c\u00f3mo las decisiones inteligentes se basan en informaci\u00f3n procedente directamente del taller.\",\"breadcrumb\":{\"@id\":\"https:\\\/\\\/muvu.tech\\\/es\\\/experiencia\\\/#breadcrumb\"},\"inLanguage\":\"es\",\"potentialAction\":[{\"@type\":\"ReadAction\",\"target\":[\"https:\\\/\\\/muvu.tech\\\/es\\\/experiencia\\\/\"]}]},{\"@type\":\"BreadcrumbList\",\"@id\":\"https:\\\/\\\/muvu.tech\\\/es\\\/experiencia\\\/#breadcrumb\",\"itemListElement\":[{\"@type\":\"ListItem\",\"position\":1,\"name\":\"Home\",\"item\":\"https:\\\/\\\/muvu.tech\\\/es\\\/\"},{\"@type\":\"ListItem\",\"position\":2,\"name\":\"Experiencia\"}]},{\"@type\":\"WebSite\",\"@id\":\"https:\\\/\\\/muvu.tech\\\/es\\\/#website\",\"url\":\"https:\\\/\\\/muvu.tech\\\/es\\\/\",\"name\":\"Muvu Technologies - Railes MES\",\"description\":\"Empowering Industries with Muvu Technologies: Unleash the Potential of Railes MES for Optimal Efficiency and Quality.\",\"publisher\":{\"@id\":\"https:\\\/\\\/muvu.tech\\\/es\\\/#organization\"},\"potentialAction\":[{\"@type\":\"SearchAction\",\"target\":{\"@type\":\"EntryPoint\",\"urlTemplate\":\"https:\\\/\\\/muvu.tech\\\/es\\\/?s={search_term_string}\"},\"query-input\":{\"@type\":\"PropertyValueSpecification\",\"valueRequired\":true,\"valueName\":\"search_term_string\"}}],\"inLanguage\":\"es\"},{\"@type\":\"Organization\",\"@id\":\"https:\\\/\\\/muvu.tech\\\/es\\\/#organization\",\"name\":\"MUVU Technologies\",\"alternateName\":\"Railes MES\",\"url\":\"https:\\\/\\\/muvu.tech\\\/es\\\/\",\"logo\":{\"@type\":\"ImageObject\",\"inLanguage\":\"es\",\"@id\":\"https:\\\/\\\/muvu.tech\\\/es\\\/#\\\/schema\\\/logo\\\/image\\\/\",\"url\":\"https:\\\/\\\/muvu.tech\\\/wp-content\\\/uploads\\\/2022\\\/05\\\/muvu-logo-colour.svg\",\"contentUrl\":\"https:\\\/\\\/muvu.tech\\\/wp-content\\\/uploads\\\/2022\\\/05\\\/muvu-logo-colour.svg\",\"width\":1,\"height\":1,\"caption\":\"MUVU Technologies\"},\"image\":{\"@id\":\"https:\\\/\\\/muvu.tech\\\/es\\\/#\\\/schema\\\/logo\\\/image\\\/\"},\"sameAs\":[\"https:\\\/\\\/www.facebook.com\\\/muvutechnologies\",\"https:\\\/\\\/x.com\\\/muvutech\",\"https:\\\/\\\/www.instagram.com\\\/muvu.tech\\\/\",\"https:\\\/\\\/www.linkedin.com\\\/company\\\/muvutechnologies\\\/\"]}]}<\/script>\n<!-- \/ Yoast SEO plugin. -->","yoast_head_json":{"title":"Experiencia - Muvu Technologies - Railes MES","description":"Explora la Experiencia RAILES de Muvu Technologies. Sum\u00e9rgete en nuestro software de nueva generaci\u00f3n, RAILES, dise\u00f1ado para transformar la gesti\u00f3n de la l\u00ednea de producci\u00f3n industrial utilizando datos en tiempo real. S\u00e9 testigo de la industria 4.0 en acci\u00f3n y comprueba c\u00f3mo las decisiones inteligentes se basan en informaci\u00f3n procedente directamente del taller.","robots":{"index":"index","follow":"follow","max-snippet":"max-snippet:-1","max-image-preview":"max-image-preview:large","max-video-preview":"max-video-preview:-1"},"canonical":"https:\/\/muvu.tech\/es\/experiencia\/","og_locale":"es_ES","og_type":"article","og_title":"Experiencia - Muvu Technologies - Railes MES","og_description":"Explora la Experiencia RAILES de Muvu Technologies. Sum\u00e9rgete en nuestro software de nueva generaci\u00f3n, RAILES, dise\u00f1ado para transformar la gesti\u00f3n de la l\u00ednea de producci\u00f3n industrial utilizando datos en tiempo real. S\u00e9 testigo de la industria 4.0 en acci\u00f3n y comprueba c\u00f3mo las decisiones inteligentes se basan en informaci\u00f3n procedente directamente del taller.","og_url":"https:\/\/muvu.tech\/es\/experiencia\/","og_site_name":"Muvu Technologies - Railes MES","article_publisher":"https:\/\/www.facebook.com\/muvutechnologies","article_modified_time":"2024-08-20T13:39:38+00:00","twitter_card":"summary_large_image","twitter_site":"@muvutech","twitter_misc":{"Tiempo de lectura":"9 minutos"},"schema":{"@context":"https:\/\/schema.org","@graph":[{"@type":"WebPage","@id":"https:\/\/muvu.tech\/es\/experiencia\/","url":"https:\/\/muvu.tech\/es\/experiencia\/","name":"Experiencia - Muvu Technologies - Railes MES","isPartOf":{"@id":"https:\/\/muvu.tech\/es\/#website"},"datePublished":"2022-05-19T00:00:42+00:00","dateModified":"2024-08-20T13:39:38+00:00","description":"Explora la Experiencia RAILES de Muvu Technologies. Sum\u00e9rgete en nuestro software de nueva generaci\u00f3n, RAILES, dise\u00f1ado para transformar la gesti\u00f3n de la l\u00ednea de producci\u00f3n industrial utilizando datos en tiempo real. S\u00e9 testigo de la industria 4.0 en acci\u00f3n y comprueba c\u00f3mo las decisiones inteligentes se basan en informaci\u00f3n procedente directamente del taller.","breadcrumb":{"@id":"https:\/\/muvu.tech\/es\/experiencia\/#breadcrumb"},"inLanguage":"es","potentialAction":[{"@type":"ReadAction","target":["https:\/\/muvu.tech\/es\/experiencia\/"]}]},{"@type":"BreadcrumbList","@id":"https:\/\/muvu.tech\/es\/experiencia\/#breadcrumb","itemListElement":[{"@type":"ListItem","position":1,"name":"Home","item":"https:\/\/muvu.tech\/es\/"},{"@type":"ListItem","position":2,"name":"Experiencia"}]},{"@type":"WebSite","@id":"https:\/\/muvu.tech\/es\/#website","url":"https:\/\/muvu.tech\/es\/","name":"Muvu Technologies - Railes MES","description":"Empowering Industries with Muvu Technologies: Unleash the Potential of Railes MES for Optimal Efficiency and Quality.","publisher":{"@id":"https:\/\/muvu.tech\/es\/#organization"},"potentialAction":[{"@type":"SearchAction","target":{"@type":"EntryPoint","urlTemplate":"https:\/\/muvu.tech\/es\/?s={search_term_string}"},"query-input":{"@type":"PropertyValueSpecification","valueRequired":true,"valueName":"search_term_string"}}],"inLanguage":"es"},{"@type":"Organization","@id":"https:\/\/muvu.tech\/es\/#organization","name":"MUVU Technologies","alternateName":"Railes MES","url":"https:\/\/muvu.tech\/es\/","logo":{"@type":"ImageObject","inLanguage":"es","@id":"https:\/\/muvu.tech\/es\/#\/schema\/logo\/image\/","url":"https:\/\/muvu.tech\/wp-content\/uploads\/2022\/05\/muvu-logo-colour.svg","contentUrl":"https:\/\/muvu.tech\/wp-content\/uploads\/2022\/05\/muvu-logo-colour.svg","width":1,"height":1,"caption":"MUVU Technologies"},"image":{"@id":"https:\/\/muvu.tech\/es\/#\/schema\/logo\/image\/"},"sameAs":["https:\/\/www.facebook.com\/muvutechnologies","https:\/\/x.com\/muvutech","https:\/\/www.instagram.com\/muvu.tech\/","https:\/\/www.linkedin.com\/company\/muvutechnologies\/"]}]}},"_links":{"self":[{"href":"https:\/\/muvu.tech\/es\/wp-json\/wp\/v2\/pages\/10977","targetHints":{"allow":["GET"]}}],"collection":[{"href":"https:\/\/muvu.tech\/es\/wp-json\/wp\/v2\/pages"}],"about":[{"href":"https:\/\/muvu.tech\/es\/wp-json\/wp\/v2\/types\/page"}],"author":[{"embeddable":true,"href":"https:\/\/muvu.tech\/es\/wp-json\/wp\/v2\/users\/1"}],"replies":[{"embeddable":true,"href":"https:\/\/muvu.tech\/es\/wp-json\/wp\/v2\/comments?post=10977"}],"version-history":[{"count":0,"href":"https:\/\/muvu.tech\/es\/wp-json\/wp\/v2\/pages\/10977\/revisions"}],"wp:attachment":[{"href":"https:\/\/muvu.tech\/es\/wp-json\/wp\/v2\/media?parent=10977"}],"curies":[{"name":"wp","href":"https:\/\/api.w.org\/{rel}","templated":true}]}}