{"id":10944,"date":"2022-09-14T22:02:26","date_gmt":"2022-09-14T22:02:26","guid":{"rendered":"https:\/\/muvu.tech\/proyectos-de-id\/elevado\/"},"modified":"2024-08-22T12:01:58","modified_gmt":"2024-08-22T12:01:58","slug":"elevado","status":"publish","type":"page","link":"https:\/\/muvu.tech\/es\/proyectos-de-id\/elevado\/","title":{"rendered":"Elevado"},"content":{"rendered":"<div class=\"wpb-content-wrapper\"><p>[vc_row css=&#8221;.vc_custom_1652826273981{padding-bottom: 80px !important;}&#8221;][vc_column][rev_slider_vc alias=&#8221;Raized&#8221;][\/vc_column][\/vc_row][vc_row full_width=&#8221;stretch_row&#8221;][vc_column width=&#8221;5\/6&#8243;][vc_empty_space height=&#8221;64px&#8221;]<header class=\"kd-section-title col-lg-12 text-left  kd-animated fadeIn  \" data-animation-delay=200><h2 class=\"separator_off\" style=\"color: #1f3562;\">Proyecto ZDMP<\/h2><\/header>[\/vc_column][vc_column width=&#8221;1\/6&#8243;][vc_single_image image=&#8221;7902&#8243; img_size=&#8221;100%&#8221;][\/vc_column][\/vc_row][vc_row full_width=&#8221;stretch_row&#8221; gap=&#8221;30&#8243;][vc_column width=&#8221;1\/2&#8243; css=&#8221;.vc_custom_1515686761275{padding-right: 0px !important;padding-left: 0px !important;}&#8221;][vc_column_text]<\/p>\n<p class=\"p1\" style=\"text-align: justify;\">ZDMP tiene como objetivo proporcionar una plataforma ampliable de apoyo a las f\u00e1bricas con un alto nivel de interoperabilidad para hacer frente al concepto de f\u00e1bricas conectadas para alcanzar el objetivo de cero defectos.<br \/>\nEn este contexto, ZDMP permitir\u00e1 a los usuarios finales <\/p>\n<p>[\/vc_column_text][\/vc_column][vc_column width=&#8221;1\/2&#8243;][vc_column_text]<\/p>\n<p class=\"p1\" style=\"text-align: justify;\">conectar sus sistemas para beneficiarse de las prestaciones de la plataforma.<br \/>\nZDMP ha recibido financiaci\u00f3n del programa de investigaci\u00f3n e innovaci\u00f3n Horizonte 2020 de la Uni\u00f3n Europea mediante el acuerdo de subvenci\u00f3n n\u00ba 825631. <\/p>\n<p>[\/vc_column_text][\/vc_column][\/vc_row][vc_row full_width=&#8221;stretch_row&#8221; css=&#8221;.vc_custom_1663109483848{background-color: #74fac4 !important;}&#8221;][vc_column][vc_empty_space height=&#8221;64px&#8221;]<header class=\"kd-section-title col-lg-12 text-left  kd-animated fadeIn  \" data-animation-delay=200><h2 class=\"separator_off\" style=\"color: #1f3562;\">Subproyecto RAIZED<\/h2><\/header>[\/vc_column][\/vc_row][vc_row full_width=&#8221;stretch_row&#8221; gap=&#8221;30&#8243; css=&#8221;.vc_custom_1663109537554{background-color: #74fac4 !important;}&#8221;][vc_column width=&#8221;1\/2&#8243; css=&#8221;.vc_custom_1515686761275{padding-right: 0px !important;padding-left: 0px !important;}&#8221;][vc_column_text]<\/p>\n<p class=\"p1\" style=\"text-align: justify;\">El control de calidad es esencial para que una empresa de fabricaci\u00f3n desarrolle un negocio sostenible, no s\u00f3lo desde el punto de vista medioambiental, sino tambi\u00e9n social y econ\u00f3mico.<br \/>\nPor ello, es esencial facilitar la integraci\u00f3n de una plataforma como ZDMP en <\/p>\n<p>[\/vc_column_text][\/vc_column][vc_column width=&#8221;1\/2&#8243;][vc_column_text]<\/p>\n<p class=\"p1\">instalaciones industriales donde el software existente puede hacerlo.<br \/>\nEste proyecto pretende integrar la plataforma RAILES, encargada de realizar algunas funcionalidades en el taller, con ZDMP.<br \/>\nRAILES puede utilizarse para extraer datos y enviarlos a ZDMP.  <\/p>\n<p>[\/vc_column_text][\/vc_column][\/vc_row][vc_row full_width=&#8221;stretch_row&#8221; gap=&#8221;30&#8243; css=&#8221;.vc_custom_1663109546128{background-color: #74fac4 !important;}&#8221;][vc_column css=&#8221;.vc_custom_1515686761275{padding-right: 0px !important;padding-left: 0px !important;}&#8221;][vc_empty_space height=&#8221;64px&#8221;][\/vc_column][\/vc_row][vc_row][vc_column][vc_empty_space height=&#8221;64px&#8221;]<header class=\"kd-section-title col-lg-12 text-left  kd-animated fadeIn  \" data-animation-delay=200><h2 class=\"separator_off\" style=\"color: #1f3562;\">Arquitectura RAIZED<\/h2><\/header>[\/vc_column][\/vc_row][vc_row][vc_column][vc_single_image image=&#8221;7930&#8243; img_size=&#8221;full&#8221;][\/vc_column][\/vc_row][vc_row][vc_column][vc_empty_space height=&#8221;64px&#8221;]<header class=\"kd-section-title col-lg-12 text-left  kd-animated fadeIn  \" data-animation-delay=200><h2 class=\"separator_off\" style=\"color: #1f3562;\">Socios<\/h2><\/header>[\/vc_column][\/vc_row][vc_row css=&#8221;.vc_custom_1663190918722{padding-top: 40px !important;padding-right: 40px !important;padding-bottom: 40px !important;padding-left: 20px !important;background-color: #1f3562 !important;}&#8221;][vc_column width=&#8221;1\/4&#8243;][vc_empty_space height=&#8221;44px&#8221;][vc_single_image image=&#8221;7405&#8243; img_size=&#8221;Full&#8221; alignment=&#8221;center&#8221;][\/vc_column][vc_column width=&#8221;3\/4&#8243;][vc_column_text]<\/p>\n<p class=\"p1\" style=\"text-align: justify; margin-bottom: 0px;\"><span style=\"color: #ffffff !important;\"><strong style=\"color: #ffffff !important; font-size: 18px;\">Proveedor de tecnolog\u00eda<\/strong><\/span><\/p>\n<p class=\"p2\" style=\"text-align: justify;\"><span style=\"color: #ffffff;\"><i>Muvu es una empresa portuguesa especializada en el desarrollo de software basado en la Industria 4.0.<br \/>\nUna de sus   <\/i><i>producto estrella es RAILES, un Smart MES que utiliza tecnolog\u00edas de vanguardia, como Cloud Computing, AI, <\/i><i>IoT, y big data para transformar los datos significativos de las m\u00e1quinas en potentes conocimientos para aumentar los niveles <\/i><i>de toma de decisiones.<\/i><\/span><\/p>\n<p>[\/vc_column_text][\/vc_column][\/vc_row][vc_row css=&#8221;.vc_custom_1663191231835{padding-top: 40px !important;padding-right: 40px !important;padding-bottom: 40px !important;padding-left: 20px !important;background-color: #dfdfdf !important;}&#8221;][vc_column width=&#8221;1\/4&#8243;][vc_single_image image=&#8221;7952&#8243; img_size=&#8221;Full&#8221; alignment=&#8221;center&#8221;][\/vc_column][vc_column width=&#8221;3\/4&#8243;][vc_column_text]<\/p>\n<p class=\"p1\" style=\"text-align: justify; margin-bottom: 0px;\"><strong style=\"color: #1f3562; font-size: 18px;\">VIPEX<\/strong><\/p>\n<p class=\"p1\">VIPEX es una empresa portuguesa centrada en el codesarrollo con los clientes, industrializa y fabrica productos de pl\u00e1stico duradero.<br \/>\nVIPEX desarrolla sus productos en materiales pl\u00e1sticos que necesitan socios para su dise\u00f1o, desarrollo y producci\u00f3n. <\/p>\n<p>[\/vc_column_text][\/vc_column][\/vc_row][vc_row][vc_column][vc_empty_space height=&#8221;64px&#8221;]<header class=\"kd-section-title col-lg-12 text-left  kd-animated fadeIn  \" data-animation-delay=200><h2 class=\"separator_off\" style=\"color: #1f3562;\">Plan de Subproyectos RAIZED<\/h2><\/header>[\/vc_column][\/vc_row][vc_row][vc_column][vc_single_image image=&#8221;7931&#8243; img_size=&#8221;full&#8221;][\/vc_column][\/vc_row][vc_row][vc_column width=&#8221;2\/3&#8243;][vc_single_image image=&#8221;7947&#8243; img_size=&#8221;full&#8221;][\/vc_column][vc_column width=&#8221;1\/3&#8243;][\/vc_column][\/vc_row][vc_row full_width=&#8221;stretch_row&#8221; disable_element=&#8221;yes&#8221; top_section_title=&#8221;&#8221; bottom_section_title=&#8221;&#8221;][vc_column css=&#8221;.vc_custom_1516095014613{padding-right: 0px !important;padding-left: 0px !important;}&#8221;][vc_row_inner css=&#8221;.vc_custom_1652918160392{padding-top: 60px !important;padding-bottom: 60px !important;}&#8221;][vc_column_inner width=&#8221;1\/4&#8243; offset=&#8221;vc_hidden-md vc_hidden-sm vc_hidden-xs&#8221;][\/vc_column_inner][vc_column_inner offset=&#8221;vc_col-lg-6&#8243;][vc_custom_heading text=&#8221;Conoce m\u00e1s a fondo lo que podemos hacer por tu explotaci\u00f3n y tu empresa.&#8221; font_container=&#8221;tag:h3|text_align:center|color:%231f3562&#8243; use_theme_fonts=&#8221;yes&#8221; css_animation=&#8221;fadeIn&#8221; css=&#8221;.vc_custom_1652918138048{margin-bottom: 50px !important;}&#8221; el_class=&#8221;light&#8221;]<a  href=\"#\"  target=\"_self\"  title=\"\" class=\"tt_button tt_primary_button btn_secondary_color  button-center button-action-link  kd-animated zoomIn\" data-animation-delay=200><span class=\"prim_text\">Saber m\u00e1s<\/span><\/a>[\/vc_column_inner][vc_column_inner width=&#8221;1\/4&#8243; offset=&#8221;vc_hidden-md vc_hidden-sm vc_hidden-xs&#8221;][\/vc_column_inner][\/vc_row_inner][\/vc_column][\/vc_row]<\/p>\n<\/div>","protected":false},"excerpt":{"rendered":"<p>[vc_row css=&#8221;.vc_custom_1652826273981{padding-bottom: 80px !important;}&#8221;][vc_column][rev_slider_vc alias=&#8221;Raized&#8221;][\/vc_column][\/vc_row][vc_row full_width=&#8221;stretch_row&#8221;][vc_column width=&#8221;5\/6&#8243;][vc_empty_space height=&#8221;64px&#8221;][\/vc_column][vc_column width=&#8221;1\/6&#8243;][vc_single_image image=&#8221;7902&#8243; img_size=&#8221;100%&#8221;][\/vc_column][\/vc_row][vc_row full_width=&#8221;stretch_row&#8221; gap=&#8221;30&#8243;][vc_column width=&#8221;1\/2&#8243; css=&#8221;.vc_custom_1515686761275{padding-right: [&hellip;]<\/p>\n","protected":false},"author":1,"featured_media":0,"parent":10927,"menu_order":0,"comment_status":"closed","ping_status":"closed","template":"","meta":{"inline_featured_image":false,"footnotes":""},"class_list":["post-10944","page","type-page","status-publish","hentry"],"yoast_head":"<!-- This site is optimized with the Yoast SEO plugin v27.4 - https:\/\/yoast.com\/product\/yoast-seo-wordpress\/ -->\n<title>Elevado - Muvu Technologies - Railes MES<\/title>\n<meta name=\"robots\" content=\"index, follow, max-snippet:-1, max-image-preview:large, max-video-preview:-1\" \/>\n<link rel=\"canonical\" href=\"https:\/\/muvu.tech\/es\/proyectos-de-id\/elevado\/\" \/>\n<meta property=\"og:locale\" content=\"es_ES\" \/>\n<meta property=\"og:type\" content=\"article\" \/>\n<meta property=\"og:title\" content=\"Elevado - Muvu Technologies - Railes MES\" \/>\n<meta property=\"og:description\" content=\"[vc_row css=&#8221;.vc_custom_1652826273981{padding-bottom: 80px !important;}&#8221;][vc_column][rev_slider_vc alias=&#8221;Raized&#8221;][\/vc_column][\/vc_row][vc_row full_width=&#8221;stretch_row&#8221;][vc_column width=&#8221;5\/6&#8243;][vc_empty_space height=&#8221;64px&#8221;][\/vc_column][vc_column width=&#8221;1\/6&#8243;][vc_single_image image=&#8221;7902&#8243; img_size=&#8221;100%&#8221;][\/vc_column][\/vc_row][vc_row full_width=&#8221;stretch_row&#8221; gap=&#8221;30&#8243;][vc_column width=&#8221;1\/2&#8243; css=&#8221;.vc_custom_1515686761275{padding-right: [&hellip;]\" \/>\n<meta property=\"og:url\" content=\"https:\/\/muvu.tech\/es\/proyectos-de-id\/elevado\/\" \/>\n<meta property=\"og:site_name\" content=\"Muvu Technologies - Railes MES\" \/>\n<meta property=\"article:publisher\" content=\"https:\/\/www.facebook.com\/muvutechnologies\" \/>\n<meta property=\"article:modified_time\" content=\"2024-08-22T12:01:58+00:00\" \/>\n<meta name=\"twitter:card\" content=\"summary_large_image\" \/>\n<meta name=\"twitter:site\" content=\"@muvutech\" \/>\n<meta name=\"twitter:label1\" content=\"Tiempo de lectura\" \/>\n\t<meta name=\"twitter:data1\" content=\"5 minutos\" \/>\n<script type=\"application\/ld+json\" class=\"yoast-schema-graph\">{\"@context\":\"https:\\\/\\\/schema.org\",\"@graph\":[{\"@type\":\"WebPage\",\"@id\":\"https:\\\/\\\/muvu.tech\\\/es\\\/proyectos-de-id\\\/elevado\\\/\",\"url\":\"https:\\\/\\\/muvu.tech\\\/es\\\/proyectos-de-id\\\/elevado\\\/\",\"name\":\"Elevado - Muvu Technologies - Railes MES\",\"isPartOf\":{\"@id\":\"https:\\\/\\\/muvu.tech\\\/es\\\/#website\"},\"datePublished\":\"2022-09-14T22:02:26+00:00\",\"dateModified\":\"2024-08-22T12:01:58+00:00\",\"breadcrumb\":{\"@id\":\"https:\\\/\\\/muvu.tech\\\/es\\\/proyectos-de-id\\\/elevado\\\/#breadcrumb\"},\"inLanguage\":\"es\",\"potentialAction\":[{\"@type\":\"ReadAction\",\"target\":[\"https:\\\/\\\/muvu.tech\\\/es\\\/proyectos-de-id\\\/elevado\\\/\"]}]},{\"@type\":\"BreadcrumbList\",\"@id\":\"https:\\\/\\\/muvu.tech\\\/es\\\/proyectos-de-id\\\/elevado\\\/#breadcrumb\",\"itemListElement\":[{\"@type\":\"ListItem\",\"position\":1,\"name\":\"Home\",\"item\":\"https:\\\/\\\/muvu.tech\\\/es\\\/\"},{\"@type\":\"ListItem\",\"position\":2,\"name\":\"Proyectos de I+D\",\"item\":\"https:\\\/\\\/muvu.tech\\\/es\\\/?page_id=10927\"},{\"@type\":\"ListItem\",\"position\":3,\"name\":\"Elevado\"}]},{\"@type\":\"WebSite\",\"@id\":\"https:\\\/\\\/muvu.tech\\\/es\\\/#website\",\"url\":\"https:\\\/\\\/muvu.tech\\\/es\\\/\",\"name\":\"Muvu Technologies - Railes MES\",\"description\":\"Empowering Industries with Muvu Technologies: Unleash the Potential of Railes MES for Optimal Efficiency and Quality.\",\"publisher\":{\"@id\":\"https:\\\/\\\/muvu.tech\\\/es\\\/#organization\"},\"potentialAction\":[{\"@type\":\"SearchAction\",\"target\":{\"@type\":\"EntryPoint\",\"urlTemplate\":\"https:\\\/\\\/muvu.tech\\\/es\\\/?s={search_term_string}\"},\"query-input\":{\"@type\":\"PropertyValueSpecification\",\"valueRequired\":true,\"valueName\":\"search_term_string\"}}],\"inLanguage\":\"es\"},{\"@type\":\"Organization\",\"@id\":\"https:\\\/\\\/muvu.tech\\\/es\\\/#organization\",\"name\":\"MUVU Technologies\",\"alternateName\":\"Railes MES\",\"url\":\"https:\\\/\\\/muvu.tech\\\/es\\\/\",\"logo\":{\"@type\":\"ImageObject\",\"inLanguage\":\"es\",\"@id\":\"https:\\\/\\\/muvu.tech\\\/es\\\/#\\\/schema\\\/logo\\\/image\\\/\",\"url\":\"https:\\\/\\\/muvu.tech\\\/wp-content\\\/uploads\\\/2022\\\/05\\\/muvu-logo-colour.svg\",\"contentUrl\":\"https:\\\/\\\/muvu.tech\\\/wp-content\\\/uploads\\\/2022\\\/05\\\/muvu-logo-colour.svg\",\"width\":1,\"height\":1,\"caption\":\"MUVU Technologies\"},\"image\":{\"@id\":\"https:\\\/\\\/muvu.tech\\\/es\\\/#\\\/schema\\\/logo\\\/image\\\/\"},\"sameAs\":[\"https:\\\/\\\/www.facebook.com\\\/muvutechnologies\",\"https:\\\/\\\/x.com\\\/muvutech\",\"https:\\\/\\\/www.instagram.com\\\/muvu.tech\\\/\",\"https:\\\/\\\/www.linkedin.com\\\/company\\\/muvutechnologies\\\/\"]}]}<\/script>\n<!-- \/ Yoast SEO plugin. -->","yoast_head_json":{"title":"Elevado - Muvu Technologies - Railes MES","robots":{"index":"index","follow":"follow","max-snippet":"max-snippet:-1","max-image-preview":"max-image-preview:large","max-video-preview":"max-video-preview:-1"},"canonical":"https:\/\/muvu.tech\/es\/proyectos-de-id\/elevado\/","og_locale":"es_ES","og_type":"article","og_title":"Elevado - Muvu Technologies - Railes MES","og_description":"[vc_row css=&#8221;.vc_custom_1652826273981{padding-bottom: 80px !important;}&#8221;][vc_column][rev_slider_vc alias=&#8221;Raized&#8221;][\/vc_column][\/vc_row][vc_row full_width=&#8221;stretch_row&#8221;][vc_column width=&#8221;5\/6&#8243;][vc_empty_space height=&#8221;64px&#8221;][\/vc_column][vc_column width=&#8221;1\/6&#8243;][vc_single_image image=&#8221;7902&#8243; img_size=&#8221;100%&#8221;][\/vc_column][\/vc_row][vc_row full_width=&#8221;stretch_row&#8221; gap=&#8221;30&#8243;][vc_column width=&#8221;1\/2&#8243; css=&#8221;.vc_custom_1515686761275{padding-right: [&hellip;]","og_url":"https:\/\/muvu.tech\/es\/proyectos-de-id\/elevado\/","og_site_name":"Muvu Technologies - Railes MES","article_publisher":"https:\/\/www.facebook.com\/muvutechnologies","article_modified_time":"2024-08-22T12:01:58+00:00","twitter_card":"summary_large_image","twitter_site":"@muvutech","twitter_misc":{"Tiempo de lectura":"5 minutos"},"schema":{"@context":"https:\/\/schema.org","@graph":[{"@type":"WebPage","@id":"https:\/\/muvu.tech\/es\/proyectos-de-id\/elevado\/","url":"https:\/\/muvu.tech\/es\/proyectos-de-id\/elevado\/","name":"Elevado - Muvu Technologies - Railes MES","isPartOf":{"@id":"https:\/\/muvu.tech\/es\/#website"},"datePublished":"2022-09-14T22:02:26+00:00","dateModified":"2024-08-22T12:01:58+00:00","breadcrumb":{"@id":"https:\/\/muvu.tech\/es\/proyectos-de-id\/elevado\/#breadcrumb"},"inLanguage":"es","potentialAction":[{"@type":"ReadAction","target":["https:\/\/muvu.tech\/es\/proyectos-de-id\/elevado\/"]}]},{"@type":"BreadcrumbList","@id":"https:\/\/muvu.tech\/es\/proyectos-de-id\/elevado\/#breadcrumb","itemListElement":[{"@type":"ListItem","position":1,"name":"Home","item":"https:\/\/muvu.tech\/es\/"},{"@type":"ListItem","position":2,"name":"Proyectos de I+D","item":"https:\/\/muvu.tech\/es\/?page_id=10927"},{"@type":"ListItem","position":3,"name":"Elevado"}]},{"@type":"WebSite","@id":"https:\/\/muvu.tech\/es\/#website","url":"https:\/\/muvu.tech\/es\/","name":"Muvu Technologies - Railes MES","description":"Empowering Industries with Muvu Technologies: Unleash the Potential of Railes MES for Optimal Efficiency and Quality.","publisher":{"@id":"https:\/\/muvu.tech\/es\/#organization"},"potentialAction":[{"@type":"SearchAction","target":{"@type":"EntryPoint","urlTemplate":"https:\/\/muvu.tech\/es\/?s={search_term_string}"},"query-input":{"@type":"PropertyValueSpecification","valueRequired":true,"valueName":"search_term_string"}}],"inLanguage":"es"},{"@type":"Organization","@id":"https:\/\/muvu.tech\/es\/#organization","name":"MUVU Technologies","alternateName":"Railes MES","url":"https:\/\/muvu.tech\/es\/","logo":{"@type":"ImageObject","inLanguage":"es","@id":"https:\/\/muvu.tech\/es\/#\/schema\/logo\/image\/","url":"https:\/\/muvu.tech\/wp-content\/uploads\/2022\/05\/muvu-logo-colour.svg","contentUrl":"https:\/\/muvu.tech\/wp-content\/uploads\/2022\/05\/muvu-logo-colour.svg","width":1,"height":1,"caption":"MUVU Technologies"},"image":{"@id":"https:\/\/muvu.tech\/es\/#\/schema\/logo\/image\/"},"sameAs":["https:\/\/www.facebook.com\/muvutechnologies","https:\/\/x.com\/muvutech","https:\/\/www.instagram.com\/muvu.tech\/","https:\/\/www.linkedin.com\/company\/muvutechnologies\/"]}]}},"_links":{"self":[{"href":"https:\/\/muvu.tech\/es\/wp-json\/wp\/v2\/pages\/10944","targetHints":{"allow":["GET"]}}],"collection":[{"href":"https:\/\/muvu.tech\/es\/wp-json\/wp\/v2\/pages"}],"about":[{"href":"https:\/\/muvu.tech\/es\/wp-json\/wp\/v2\/types\/page"}],"author":[{"embeddable":true,"href":"https:\/\/muvu.tech\/es\/wp-json\/wp\/v2\/users\/1"}],"replies":[{"embeddable":true,"href":"https:\/\/muvu.tech\/es\/wp-json\/wp\/v2\/comments?post=10944"}],"version-history":[{"count":0,"href":"https:\/\/muvu.tech\/es\/wp-json\/wp\/v2\/pages\/10944\/revisions"}],"up":[{"embeddable":true,"href":"https:\/\/muvu.tech\/es\/wp-json\/wp\/v2\/pages\/10927"}],"wp:attachment":[{"href":"https:\/\/muvu.tech\/es\/wp-json\/wp\/v2\/media?parent=10944"}],"curies":[{"name":"wp","href":"https:\/\/api.w.org\/{rel}","templated":true}]}}