{"id":10934,"date":"2022-09-14T22:34:38","date_gmt":"2022-09-14T22:34:38","guid":{"rendered":"https:\/\/muvu.tech\/proyectos-de-id\/dih4cps\/"},"modified":"2024-08-22T12:19:56","modified_gmt":"2024-08-22T12:19:56","slug":"dih4cps","status":"publish","type":"page","link":"https:\/\/muvu.tech\/es\/proyectos-de-id\/dih4cps\/","title":{"rendered":"Dih4cps"},"content":{"rendered":"<div class=\"wpb-content-wrapper\"><p>[vc_row css=&#8221;.vc_custom_1652826273981{padding-bottom: 80px !important;}&#8221;][vc_column][rev_slider_vc alias=&#8221;Dih4cps&#8221;][\/vc_column][\/vc_row][vc_row full_width=&#8221;stretch_row&#8221;][vc_column width=&#8221;5\/6&#8243;][vc_empty_space height=&#8221;64px&#8221;]<header class=\"kd-section-title col-lg-12 text-left  kd-animated fadeIn  \" data-animation-delay=200><h2 class=\"separator_off\" style=\"color: #1f3562;\">Proyecto Dih4cps<\/h2><\/header>[\/vc_column][vc_column width=&#8221;1\/6&#8243;][vc_single_image image=&#8221;7902&#8243; img_size=&#8221;100%&#8221;][\/vc_column][\/vc_row][vc_row full_width=&#8221;stretch_row&#8221; gap=&#8221;30&#8243;][vc_column css=&#8221;.vc_custom_1515686761275{padding-right: 0px !important;padding-left: 0px !important;}&#8221;][vc_column_text]<\/p>\n<p class=\"p1\">El experimento de ERISING, MUVU y CATIM fue aceptado en la Convocatoria Abierta del proyecto DIH4CPS, financiado por la UE.<br \/>\nEste proyecto europeo pretende crear una red interdisciplinar de DIH y proveedores de soluciones que se centren en los CPS y los sistemas embebidos, entrelazando conocimientos y tecnolog\u00edas de diversos territorios, y conectarla con expertos europeos. <\/p>\n<p class=\"p1\">El proyecto ayuda a las PYME europeas a superar los obst\u00e1culos que plantea la tecnolog\u00eda innovadora.<br \/>\nEl consorcio trabajar\u00e1 en este experimento hasta agosto de 2022. <\/p>\n<p>[\/vc_column_text][vc_row_inner][vc_column_inner width=&#8221;1\/6&#8243;][\/vc_column_inner][vc_column_inner width=&#8221;2\/3&#8243;][vc_single_image image=&#8221;7959&#8243; img_size=&#8221;full&#8221;][\/vc_column_inner][vc_column_inner width=&#8221;1\/6&#8243;][\/vc_column_inner][\/vc_row_inner][\/vc_column][\/vc_row][vc_row full_width=&#8221;stretch_row&#8221; css=&#8221;.vc_custom_1663109483848{background-color: #74fac4 !important;}&#8221;][vc_column][vc_empty_space height=&#8221;64px&#8221;]<header class=\"kd-section-title col-lg-12 text-left  kd-animated fadeIn  \" data-animation-delay=200><h2 class=\"separator_off\" style=\"color: #1f3562;\">Introducci\u00f3n<\/h2><\/header>[\/vc_column][\/vc_row][vc_row full_width=&#8221;stretch_row&#8221; gap=&#8221;30&#8243; css=&#8221;.vc_custom_1663109537554{background-color: #74fac4 !important;}&#8221;][vc_column width=&#8221;1\/2&#8243; css=&#8221;.vc_custom_1515686761275{padding-right: 0px !important;padding-left: 0px !important;}&#8221;][vc_column_text]<\/p>\n<p class=\"p1\" style=\"text-align: justify;\">Las industrias se volver\u00e1n totalmente digitales en las pr\u00f3ximas d\u00e9cadas.<br \/>\nLos avances en los sistemas de adquisici\u00f3n de datos, la velocidad de procesamiento y la infraestructura de red crearon las condiciones para esta transformaci\u00f3n.<br \/>\nLa competencia del mercado cre\u00f3 la necesidad de un proceso de fabricaci\u00f3n m\u00e1s eficiente, s\u00f3lo posible mediante la digitalizaci\u00f3n y la Inteligencia Artificial (IA).<br \/>\nLos sistemas empotrados ciberf\u00edsicos (CPES) desempe\u00f1an un papel predominante   <\/p>\n<p>[\/vc_column_text][\/vc_column][vc_column width=&#8221;1\/2&#8243;][vc_column_text]<\/p>\n<p class=\"p1\" style=\"text-align: justify;\">papel en el control y el funcionamiento de una f\u00e1brica durante la pandemia.<br \/>\nProporciona informaci\u00f3n sobre el entorno f\u00edsico y el rendimiento de la producci\u00f3n.<br \/>\nPor ejemplo, el software RAILES desarrollado por MUVU supervisa y gestiona todos los procesos de la planta de producci\u00f3n a trav\u00e9s de una plataforma web que proporciona datos en tiempo real recogidos por un sistema IoT o por el operario.  <\/p>\n<p>[\/vc_column_text][\/vc_column][\/vc_row][vc_row full_width=&#8221;stretch_row&#8221; gap=&#8221;30&#8243; css=&#8221;.vc_custom_1663109546128{background-color: #74fac4 !important;}&#8221;][vc_column css=&#8221;.vc_custom_1515686761275{padding-right: 0px !important;padding-left: 0px !important;}&#8221;][vc_empty_space height=&#8221;64px&#8221;][\/vc_column][\/vc_row][vc_row full_width=&#8221;stretch_row&#8221;][vc_column][vc_empty_space height=&#8221;64px&#8221;]<header class=\"kd-section-title col-lg-12 text-left  kd-animated fadeIn  \" data-animation-delay=200><h2 class=\"separator_off\" style=\"color: #1f3562;\">Objetivo<\/h2><\/header>[vc_column_text]<\/p>\n<p class=\"p1\" style=\"text-align: justify;\">El experimento pretende validar la integraci\u00f3n de dispositivos inteligentes (c\u00e1mara y smartwatches), algoritmos avanzados de procesamiento de datos y cuadros de mando intuitivos (accionados local y remotamente), es decir, un Sistema Ciberf\u00edsico e Integrado (CPES) para supervisar, retroalimentar y mejorar dos necesidades contrapuestas en las PYME manufactureras:<\/p>\n<ul>\n<li class=\"p1\" style=\"text-align: justify;\">el pleno respeto de las normas de salud y seguridad reforzadas por COVID (uso de equipos por el personal, distancia de seguridad, rutinas higi\u00e9nicas, etc.)<\/li>\n<li class=\"p1\" style=\"text-align: justify;\">el respeto de la optimizaci\u00f3n de los operarios y de los movimientos de materiales, as\u00ed como de los procedimientos operativos y de calidad.<\/li>\n<\/ul>\n<p>[\/vc_column_text][vc_empty_space height=&#8221;64px&#8221;][\/vc_column][\/vc_row][vc_row full_width=&#8221;stretch_row&#8221; css=&#8221;.vc_custom_1666045106415{background-color: #dfdfdf !important;}&#8221;][vc_column][vc_empty_space height=&#8221;64px&#8221;]<header class=\"kd-section-title col-lg-12 text-left  kd-animated fadeIn  \" data-animation-delay=200><h2 class=\"separator_off\" style=\"color: #1f3562;\">Concepto<\/h2><\/header>[vc_row_inner][vc_column_inner width=&#8221;1\/2&#8243;][vc_column_text]<\/p>\n<p class=\"p1\" style=\"text-align: justify;\">el cumplimiento de las normas de salud y seguridad por parte de las PYME (reduciendo el riesgo de propagaci\u00f3n de COVID), y garantizando un alto rendimiento operativo.<\/p>\n<p class=\"p1\" style=\"text-align: justify;\">Las PYME manufactureras se esfuerzan por equilibrar estas dos necesidades para mantener un bajo riesgo de contaminaci\u00f3n cruzada y evitar el bloqueo de la producci\u00f3n y, al mismo tiempo, mantener altos niveles de eficiencia y eficacia operativas.<\/p>\n<p>[\/vc_column_text][\/vc_column_inner][vc_column_inner width=&#8221;1\/2&#8243;][vc_column_text]<\/p>\n<p class=\"p1\" style=\"text-align: justify;\">El experimento CPES propuesto en un entorno industrial permitir\u00e1 enviar se\u00f1ales alarmistas en tiempo real a los operarios cuando se produzcan desviaciones y, adem\u00e1s, realizar una supervisi\u00f3n remota y una evaluaci\u00f3n inteligente mediante la identificaci\u00f3n de puntos cr\u00edticos y procedimientos (muy necesario en el contexto COVID, que exige reducir el n\u00famero de elementos en el taller).<br \/>\nEste experimento tendr\u00e1 un gran impacto en la <\/p>\n<p>[\/vc_column_text][\/vc_column_inner][\/vc_row_inner][\/vc_column][\/vc_row][vc_row full_width=&#8221;stretch_row&#8221; css=&#8221;.vc_custom_1666045110680{background-color: #dfdfdf !important;}&#8221;][vc_column][vc_row_inner][vc_column_inner][vc_single_image image=&#8221;8086&#8243; img_size=&#8221;Full&#8221;][\/vc_column_inner][\/vc_row_inner][\/vc_column][\/vc_row][vc_row][vc_column][vc_empty_space height=&#8221;64px&#8221;]<header class=\"kd-section-title col-lg-12 text-left  kd-animated fadeIn  \" data-animation-delay=200><h2 class=\"separator_off\" style=\"color: #1f3562;\">Equipo<\/h2><\/header>[vc_row_inner][vc_column_inner][vc_column_text]<\/p>\n<p class=\"p1\" style=\"text-align: justify;\">Para las PYME del consorcio, este experimento (es decir, el nuevo producto resultante) permitir\u00e1 ampliar los servicios de apoyo a la mejora continua para que se realicen a distancia de forma eficaz (ERISING) y aumentar la influencia y el rendimiento de las aplicaciones inform\u00e1ticas relacionadas con la gesti\u00f3n de la producci\u00f3n (MUVU), y para ambas PYME ampliar sus servicios a la evaluaci\u00f3n de las normas de salud y seguridad.<\/p>\n<p class=\"p1\" style=\"text-align: justify;\">El representante de DIH, CATIM, aumentar\u00e1 su impacto en las PYME sectoriales en lo que respecta al cumplimiento de los procedimientos de salud y seguridad, y poniendo en acci\u00f3n las competencias y la red de DIH.<br \/>\nEste consorcio cuenta con competencias complementarias, en cuanto a penetraci\u00f3n sectorial e industrial en las PYMEs, alta experiencia en proyectos industriales lean y de mejora continua, y altas competencias y cartera en el desarrollo e implantaci\u00f3n de soluciones basadas en software impulsadas por los datos adquiridos en el taller. <\/p>\n<p>[\/vc_column_text][\/vc_column_inner][\/vc_row_inner][\/vc_column][\/vc_row][vc_row][vc_column][vc_empty_space height=&#8221;64px&#8221;]<header class=\"kd-section-title col-lg-12 text-left  kd-animated fadeIn  \" data-animation-delay=200><h2 class=\"separator_off\" style=\"color: #1f3562;\">Socios<\/h2><\/header>[\/vc_column][\/vc_row][vc_row][vc_column width=&#8221;1\/3&#8243; css=&#8221;.vc_custom_1663194842298{padding-top: 20px !important;padding-right: 40px !important;padding-bottom: 20px !important;padding-left: 40px !important;background-color: #dfdfdf !important;}&#8221;][vc_empty_space][vc_single_image image=&#8221;7965&#8243; img_size=&#8221;Full&#8221; alignment=&#8221;center&#8221;][vc_empty_space][vc_column_text]<\/p>\n<p class=\"p1\" style=\"text-align: justify; margin-bottom: 0px;\"><strong style=\"color: #1f3562; font-size: 18px;\">L\u00edder del experimento<\/strong><\/p>\n<p class=\"p1\">Erising (Efficiencyrising, Lda) es una empresa fundada por dos ingenieros mec\u00e1nicos formados en el Instituto Superior T\u00e9cnico.<br \/>\nEl objetivo de Erising es promover el talento y el valor del cliente buscando los residuos y las ineficiencias y transform\u00e1ndolos en oportunidades de mejora. <\/p>\n<p>[\/vc_column_text][vc_empty_space][\/vc_column][vc_column width=&#8221;1\/3&#8243; css=&#8221;.vc_custom_1663194848929{padding-top: 20px !important;padding-right: 40px !important;padding-bottom: 20px !important;padding-left: 40px !important;background-color: #1f3562 !important;}&#8221;][vc_empty_space][vc_single_image image=&#8221;7405&#8243; img_size=&#8221;Full&#8221; alignment=&#8221;center&#8221;][vc_empty_space][vc_column_text]<\/p>\n<p class=\"p1\" style=\"text-align: justify; margin-bottom: 0px;\"><span style=\"color: #ffffff !important;\"><strong style=\"color: #ffffff !important; font-size: 18px;\">Proveedor de tecnolog\u00eda<\/strong><\/span><\/p>\n<p class=\"p2\" style=\"text-align: justify;\"><span style=\"color: #ffffff;\"><i>Muvu es una empresa portuguesa especializada en el desarrollo de software basado en la Industria 4.0.<br \/>\nUna de sus   <\/i><i>producto estrella es RAILES, un Smart MES que utiliza tecnolog\u00edas de vanguardia, como Cloud Computing, AI, <\/i><i>IoT, y big data para transformar los datos significativos de las m\u00e1quinas en potentes conocimientos para aumentar los niveles <\/i><i>de toma de decisiones.<\/i><\/span><\/p>\n<p>[\/vc_column_text][vc_empty_space][\/vc_column][vc_column width=&#8221;1\/3&#8243; css=&#8221;.vc_custom_1663194855684{padding-top: 20px !important;padding-right: 40px !important;padding-bottom: 20px !important;padding-left: 40px !important;background-color: #dfdfdf !important;}&#8221;][vc_empty_space][vc_single_image image=&#8221;7964&#8243; img_size=&#8221;Full&#8221; alignment=&#8221;center&#8221;][vc_empty_space][vc_column_text]<\/p>\n<p class=\"p1\" style=\"text-align: justify; margin-bottom: 0px;\"><strong style=\"color: #1f3562; font-size: 18px;\">DIH<\/strong><\/p>\n<p class=\"p1\">La misi\u00f3n del Digital Innovation Hub for Customer-Driven Manufacturing at Norte (iMan-Norte Hub) es fomentar la transformaci\u00f3n digital de las empresas manufactureras de la Regi\u00f3n Norte de Portugal (Norte) y nutrir el respectivo ecosistema de innovaci\u00f3n.<\/p>\n<p>[\/vc_column_text][vc_empty_space][\/vc_column][\/vc_row][vc_row][vc_column width=&#8221;1\/4&#8243;][vc_empty_space height=&#8221;64px&#8221;][vc_single_image image=&#8221;7969&#8243; img_size=&#8221;full&#8221;][\/vc_column][vc_column width=&#8221;3\/4&#8243;][vc_empty_space height=&#8221;64px&#8221;][vc_column_text]<\/p>\n<p class=\"p1\">DIH4CPS ha recibido financiaci\u00f3n del programa de investigaci\u00f3n e innovaci\u00f3n Horizonte 2020 de la Uni\u00f3n Europea en virtud del Acuerdo de subvenci\u00f3n n\u00ba 872548.<br \/>\nEl contenido de este sitio web no representa la opini\u00f3n de la Uni\u00f3n Europea, y la Uni\u00f3n Europea no es responsable del uso que pueda hacerse de dicho contenido. <\/p>\n<p>[\/vc_column_text][\/vc_column][\/vc_row][vc_row full_width=&#8221;stretch_row&#8221; disable_element=&#8221;yes&#8221;][vc_column css=&#8221;.vc_custom_1516095014613{padding-right: 0px !important;padding-left: 0px !important;}&#8221;][vc_row_inner css=&#8221;.vc_custom_1652918160392{padding-top: 60px !important;padding-bottom: 60px !important;}&#8221;][vc_column_inner width=&#8221;1\/4&#8243; offset=&#8221;vc_hidden-md vc_hidden-sm vc_hidden-xs&#8221;][\/vc_column_inner][vc_column_inner offset=&#8221;vc_col-lg-6&#8243;][vc_custom_heading text=&#8221;Conoce m\u00e1s a fondo lo que podemos hacer por tu explotaci\u00f3n y tu empresa.&#8221; font_container=&#8221;tag:h3|text_align:center|color:%231f3562&#8243; use_theme_fonts=&#8221;yes&#8221; css_animation=&#8221;fadeIn&#8221; css=&#8221;.vc_custom_1652918138048{margin-bottom: 50px !important;}&#8221; el_class=&#8221;light&#8221;]<a  href=\"https:\/\/muvu.tech\/contacts\/\"  target=\"_self\"  title=\"Contactos\" class=\"tt_button tt_primary_button btn_secondary_color  button-center button-action-link  kd-animated zoomIn\" data-animation-delay=200><span class=\"prim_text\">Saber m\u00e1s<\/span><\/a>[\/vc_column_inner][vc_column_inner width=&#8221;1\/4&#8243; offset=&#8221;vc_hidden-md vc_hidden-sm vc_hidden-xs&#8221;][\/vc_column_inner][\/vc_row_inner][\/vc_column][\/vc_row]<\/p>\n<\/div>","protected":false},"excerpt":{"rendered":"<p>[vc_row css=&#8221;.vc_custom_1652826273981{padding-bottom: 80px !important;}&#8221;][vc_column][rev_slider_vc alias=&#8221;Dih4cps&#8221;][\/vc_column][\/vc_row][vc_row full_width=&#8221;stretch_row&#8221;][vc_column width=&#8221;5\/6&#8243;][vc_empty_space height=&#8221;64px&#8221;][\/vc_column][vc_column width=&#8221;1\/6&#8243;][vc_single_image image=&#8221;7902&#8243; img_size=&#8221;100%&#8221;][\/vc_column][\/vc_row][vc_row full_width=&#8221;stretch_row&#8221; gap=&#8221;30&#8243;][vc_column css=&#8221;.vc_custom_1515686761275{padding-right: 0px [&hellip;]<\/p>\n","protected":false},"author":1,"featured_media":0,"parent":10927,"menu_order":0,"comment_status":"closed","ping_status":"closed","template":"","meta":{"inline_featured_image":false,"footnotes":""},"class_list":["post-10934","page","type-page","status-publish","hentry"],"yoast_head":"<!-- This site is optimized with the Yoast SEO plugin v27.4 - https:\/\/yoast.com\/product\/yoast-seo-wordpress\/ -->\n<title>Dih4cps - Muvu Technologies - Railes MES<\/title>\n<meta name=\"robots\" content=\"index, follow, max-snippet:-1, max-image-preview:large, max-video-preview:-1\" \/>\n<link rel=\"canonical\" href=\"https:\/\/muvu.tech\/es\/proyectos-de-id\/dih4cps\/\" \/>\n<meta property=\"og:locale\" content=\"es_ES\" \/>\n<meta property=\"og:type\" content=\"article\" \/>\n<meta property=\"og:title\" content=\"Dih4cps - Muvu Technologies - Railes MES\" \/>\n<meta property=\"og:description\" content=\"[vc_row css=&#8221;.vc_custom_1652826273981{padding-bottom: 80px !important;}&#8221;][vc_column][rev_slider_vc alias=&#8221;Dih4cps&#8221;][\/vc_column][\/vc_row][vc_row full_width=&#8221;stretch_row&#8221;][vc_column width=&#8221;5\/6&#8243;][vc_empty_space height=&#8221;64px&#8221;][\/vc_column][vc_column width=&#8221;1\/6&#8243;][vc_single_image image=&#8221;7902&#8243; img_size=&#8221;100%&#8221;][\/vc_column][\/vc_row][vc_row full_width=&#8221;stretch_row&#8221; gap=&#8221;30&#8243;][vc_column css=&#8221;.vc_custom_1515686761275{padding-right: 0px [&hellip;]\" \/>\n<meta property=\"og:url\" content=\"https:\/\/muvu.tech\/es\/proyectos-de-id\/dih4cps\/\" \/>\n<meta property=\"og:site_name\" content=\"Muvu Technologies - Railes MES\" \/>\n<meta property=\"article:publisher\" content=\"https:\/\/www.facebook.com\/muvutechnologies\" \/>\n<meta property=\"article:modified_time\" content=\"2024-08-22T12:19:56+00:00\" \/>\n<meta name=\"twitter:card\" content=\"summary_large_image\" \/>\n<meta name=\"twitter:site\" content=\"@muvutech\" \/>\n<meta name=\"twitter:label1\" content=\"Tiempo de lectura\" \/>\n\t<meta name=\"twitter:data1\" content=\"9 minutos\" \/>\n<script type=\"application\/ld+json\" class=\"yoast-schema-graph\">{\"@context\":\"https:\\\/\\\/schema.org\",\"@graph\":[{\"@type\":\"WebPage\",\"@id\":\"https:\\\/\\\/muvu.tech\\\/es\\\/proyectos-de-id\\\/dih4cps\\\/\",\"url\":\"https:\\\/\\\/muvu.tech\\\/es\\\/proyectos-de-id\\\/dih4cps\\\/\",\"name\":\"Dih4cps - Muvu Technologies - Railes MES\",\"isPartOf\":{\"@id\":\"https:\\\/\\\/muvu.tech\\\/es\\\/#website\"},\"datePublished\":\"2022-09-14T22:34:38+00:00\",\"dateModified\":\"2024-08-22T12:19:56+00:00\",\"breadcrumb\":{\"@id\":\"https:\\\/\\\/muvu.tech\\\/es\\\/proyectos-de-id\\\/dih4cps\\\/#breadcrumb\"},\"inLanguage\":\"es\",\"potentialAction\":[{\"@type\":\"ReadAction\",\"target\":[\"https:\\\/\\\/muvu.tech\\\/es\\\/proyectos-de-id\\\/dih4cps\\\/\"]}]},{\"@type\":\"BreadcrumbList\",\"@id\":\"https:\\\/\\\/muvu.tech\\\/es\\\/proyectos-de-id\\\/dih4cps\\\/#breadcrumb\",\"itemListElement\":[{\"@type\":\"ListItem\",\"position\":1,\"name\":\"Home\",\"item\":\"https:\\\/\\\/muvu.tech\\\/es\\\/\"},{\"@type\":\"ListItem\",\"position\":2,\"name\":\"Proyectos de I+D\",\"item\":\"https:\\\/\\\/muvu.tech\\\/es\\\/?page_id=10927\"},{\"@type\":\"ListItem\",\"position\":3,\"name\":\"Dih4cps\"}]},{\"@type\":\"WebSite\",\"@id\":\"https:\\\/\\\/muvu.tech\\\/es\\\/#website\",\"url\":\"https:\\\/\\\/muvu.tech\\\/es\\\/\",\"name\":\"Muvu Technologies - Railes MES\",\"description\":\"Empowering Industries with Muvu Technologies: Unleash the Potential of Railes MES for Optimal Efficiency and Quality.\",\"publisher\":{\"@id\":\"https:\\\/\\\/muvu.tech\\\/es\\\/#organization\"},\"potentialAction\":[{\"@type\":\"SearchAction\",\"target\":{\"@type\":\"EntryPoint\",\"urlTemplate\":\"https:\\\/\\\/muvu.tech\\\/es\\\/?s={search_term_string}\"},\"query-input\":{\"@type\":\"PropertyValueSpecification\",\"valueRequired\":true,\"valueName\":\"search_term_string\"}}],\"inLanguage\":\"es\"},{\"@type\":\"Organization\",\"@id\":\"https:\\\/\\\/muvu.tech\\\/es\\\/#organization\",\"name\":\"MUVU Technologies\",\"alternateName\":\"Railes MES\",\"url\":\"https:\\\/\\\/muvu.tech\\\/es\\\/\",\"logo\":{\"@type\":\"ImageObject\",\"inLanguage\":\"es\",\"@id\":\"https:\\\/\\\/muvu.tech\\\/es\\\/#\\\/schema\\\/logo\\\/image\\\/\",\"url\":\"https:\\\/\\\/muvu.tech\\\/wp-content\\\/uploads\\\/2022\\\/05\\\/muvu-logo-colour.svg\",\"contentUrl\":\"https:\\\/\\\/muvu.tech\\\/wp-content\\\/uploads\\\/2022\\\/05\\\/muvu-logo-colour.svg\",\"width\":1,\"height\":1,\"caption\":\"MUVU Technologies\"},\"image\":{\"@id\":\"https:\\\/\\\/muvu.tech\\\/es\\\/#\\\/schema\\\/logo\\\/image\\\/\"},\"sameAs\":[\"https:\\\/\\\/www.facebook.com\\\/muvutechnologies\",\"https:\\\/\\\/x.com\\\/muvutech\",\"https:\\\/\\\/www.instagram.com\\\/muvu.tech\\\/\",\"https:\\\/\\\/www.linkedin.com\\\/company\\\/muvutechnologies\\\/\"]}]}<\/script>\n<!-- \/ Yoast SEO plugin. -->","yoast_head_json":{"title":"Dih4cps - Muvu Technologies - Railes MES","robots":{"index":"index","follow":"follow","max-snippet":"max-snippet:-1","max-image-preview":"max-image-preview:large","max-video-preview":"max-video-preview:-1"},"canonical":"https:\/\/muvu.tech\/es\/proyectos-de-id\/dih4cps\/","og_locale":"es_ES","og_type":"article","og_title":"Dih4cps - Muvu Technologies - Railes MES","og_description":"[vc_row css=&#8221;.vc_custom_1652826273981{padding-bottom: 80px !important;}&#8221;][vc_column][rev_slider_vc alias=&#8221;Dih4cps&#8221;][\/vc_column][\/vc_row][vc_row full_width=&#8221;stretch_row&#8221;][vc_column width=&#8221;5\/6&#8243;][vc_empty_space height=&#8221;64px&#8221;][\/vc_column][vc_column width=&#8221;1\/6&#8243;][vc_single_image image=&#8221;7902&#8243; img_size=&#8221;100%&#8221;][\/vc_column][\/vc_row][vc_row full_width=&#8221;stretch_row&#8221; gap=&#8221;30&#8243;][vc_column css=&#8221;.vc_custom_1515686761275{padding-right: 0px [&hellip;]","og_url":"https:\/\/muvu.tech\/es\/proyectos-de-id\/dih4cps\/","og_site_name":"Muvu Technologies - Railes MES","article_publisher":"https:\/\/www.facebook.com\/muvutechnologies","article_modified_time":"2024-08-22T12:19:56+00:00","twitter_card":"summary_large_image","twitter_site":"@muvutech","twitter_misc":{"Tiempo de lectura":"9 minutos"},"schema":{"@context":"https:\/\/schema.org","@graph":[{"@type":"WebPage","@id":"https:\/\/muvu.tech\/es\/proyectos-de-id\/dih4cps\/","url":"https:\/\/muvu.tech\/es\/proyectos-de-id\/dih4cps\/","name":"Dih4cps - Muvu Technologies - Railes MES","isPartOf":{"@id":"https:\/\/muvu.tech\/es\/#website"},"datePublished":"2022-09-14T22:34:38+00:00","dateModified":"2024-08-22T12:19:56+00:00","breadcrumb":{"@id":"https:\/\/muvu.tech\/es\/proyectos-de-id\/dih4cps\/#breadcrumb"},"inLanguage":"es","potentialAction":[{"@type":"ReadAction","target":["https:\/\/muvu.tech\/es\/proyectos-de-id\/dih4cps\/"]}]},{"@type":"BreadcrumbList","@id":"https:\/\/muvu.tech\/es\/proyectos-de-id\/dih4cps\/#breadcrumb","itemListElement":[{"@type":"ListItem","position":1,"name":"Home","item":"https:\/\/muvu.tech\/es\/"},{"@type":"ListItem","position":2,"name":"Proyectos de I+D","item":"https:\/\/muvu.tech\/es\/?page_id=10927"},{"@type":"ListItem","position":3,"name":"Dih4cps"}]},{"@type":"WebSite","@id":"https:\/\/muvu.tech\/es\/#website","url":"https:\/\/muvu.tech\/es\/","name":"Muvu Technologies - Railes MES","description":"Empowering Industries with Muvu Technologies: Unleash the Potential of Railes MES for Optimal Efficiency and Quality.","publisher":{"@id":"https:\/\/muvu.tech\/es\/#organization"},"potentialAction":[{"@type":"SearchAction","target":{"@type":"EntryPoint","urlTemplate":"https:\/\/muvu.tech\/es\/?s={search_term_string}"},"query-input":{"@type":"PropertyValueSpecification","valueRequired":true,"valueName":"search_term_string"}}],"inLanguage":"es"},{"@type":"Organization","@id":"https:\/\/muvu.tech\/es\/#organization","name":"MUVU Technologies","alternateName":"Railes MES","url":"https:\/\/muvu.tech\/es\/","logo":{"@type":"ImageObject","inLanguage":"es","@id":"https:\/\/muvu.tech\/es\/#\/schema\/logo\/image\/","url":"https:\/\/muvu.tech\/wp-content\/uploads\/2022\/05\/muvu-logo-colour.svg","contentUrl":"https:\/\/muvu.tech\/wp-content\/uploads\/2022\/05\/muvu-logo-colour.svg","width":1,"height":1,"caption":"MUVU Technologies"},"image":{"@id":"https:\/\/muvu.tech\/es\/#\/schema\/logo\/image\/"},"sameAs":["https:\/\/www.facebook.com\/muvutechnologies","https:\/\/x.com\/muvutech","https:\/\/www.instagram.com\/muvu.tech\/","https:\/\/www.linkedin.com\/company\/muvutechnologies\/"]}]}},"_links":{"self":[{"href":"https:\/\/muvu.tech\/es\/wp-json\/wp\/v2\/pages\/10934","targetHints":{"allow":["GET"]}}],"collection":[{"href":"https:\/\/muvu.tech\/es\/wp-json\/wp\/v2\/pages"}],"about":[{"href":"https:\/\/muvu.tech\/es\/wp-json\/wp\/v2\/types\/page"}],"author":[{"embeddable":true,"href":"https:\/\/muvu.tech\/es\/wp-json\/wp\/v2\/users\/1"}],"replies":[{"embeddable":true,"href":"https:\/\/muvu.tech\/es\/wp-json\/wp\/v2\/comments?post=10934"}],"version-history":[{"count":0,"href":"https:\/\/muvu.tech\/es\/wp-json\/wp\/v2\/pages\/10934\/revisions"}],"up":[{"embeddable":true,"href":"https:\/\/muvu.tech\/es\/wp-json\/wp\/v2\/pages\/10927"}],"wp:attachment":[{"href":"https:\/\/muvu.tech\/es\/wp-json\/wp\/v2\/media?parent=10934"}],"curies":[{"name":"wp","href":"https:\/\/api.w.org\/{rel}","templated":true}]}}