{"id":10927,"date":"2022-09-13T22:20:09","date_gmt":"2022-09-13T22:20:09","guid":{"rendered":"https:\/\/muvu.tech\/proyectos-de-id\/"},"modified":"2024-08-22T11:40:08","modified_gmt":"2024-08-22T11:40:08","slug":"proyectos-de-id","status":"publish","type":"page","link":"https:\/\/muvu.tech\/es\/proyectos-de-id\/","title":{"rendered":"Proyectos de I+D"},"content":{"rendered":"<div class=\"wpb-content-wrapper\"><p>[vc_row css=&#8221;.vc_custom_1652826273981{padding-bottom: 80px !important;}&#8221;][vc_column][rev_slider_vc alias=&#8221;RDprojects&#8221;][\/vc_column][\/vc_row][vc_row full_width=&#8221;stretch_row&#8221;][vc_column][vc_empty_space]<header class=\"kd-section-title col-lg-12 text-left  kd-animated fadeIn  \" data-animation-delay=200><h2 class=\"separator_off\" style=\"color: #1f3562;\">Introducci\u00f3n<\/h2><\/header>[vc_column_text]<span data-contrast=\"auto\">Nuestro departamento de Investigaci\u00f3n es clave para la innovaci\u00f3n, donde invertimos a largo plazo para diferenciar nuestros negocios y desarrollar soluciones de vanguardia en todos nuestros sectores industriales y m\u00e1s all\u00e1<\/span><span data-ccp-props=\"{\"201341983\":0,\"335559685\":0,\"335559731\":0,\"335559739\":0,\"335559740\":240}\"> <\/span><\/p>\n<p><span data-contrast=\"auto\">Somos un equipo global e interdisciplinar que trabaja en estrecha colaboraci\u00f3n con nuestras empresas, clientes y otros socios externos para avanzar en la transici\u00f3n digital.<\/span><span data-ccp-props=\"{\"201341983\":0,\"335559685\":0,\"335559731\":0,\"335559739\":0,\"335559740\":240}\"> <\/span>[\/vc_column_text][vc_empty_space][\/vc_column][\/vc_row][vc_row full_width=&#8221;stretch_row&#8221; css=&#8221;.vc_custom_1536060448074{padding-top: 100px !important;}&#8221;][vc_column css=&#8221;.vc_custom_1515686761275{padding-right: 0px !important;padding-left: 0px !important;}&#8221;][vc_row_inner][vc_column_inner]<header class=\"kd-section-title col-lg-12 text-left  kd-animated fadeIn  \" data-animation-delay=200><h2 class=\"separator_off\" style=\"color: #1f3562;\">Proyectos<\/h2><\/header>[\/vc_column_inner][\/vc_row_inner][vc_row_inner css=&#8221;.vc_custom_1586285995816{margin-bottom: 30px !important;}&#8221;][vc_column_inner width=&#8221;1\/3&#8243; css=&#8221;.vc_custom_1586286000110{padding-right: 0px !important;padding-left: 0px !important;}&#8221;]<div class=\"kd-photobox  \" ><div class=\"photobox-img\"><a href=\"https:\/\/muvu.tech\/wp-content\/uploads\/2023\/11\/5_Ficha-de-Projeto-PRODUTECH-R3_V2.pdf\"  title=\"PRODUTECH R3\"><img decoding=\"async\" width=\"358\" height=\"224\" data-src=\"https:\/\/muvu.tech\/wp-content\/uploads\/2023\/11\/ProdutechR3.webp\" class=\"attachment-full lazyload\" alt=\"\" title=\"ProdutechR3\" data-srcset=\"https:\/\/muvu.tech\/wp-content\/uploads\/2023\/11\/ProdutechR3.webp 358w, https:\/\/muvu.tech\/wp-content\/uploads\/2023\/11\/ProdutechR3-300x188.webp 300w\" data-sizes=\"(max-width: 358px) 100vw, 358px\" src=\"data:image\/svg+xml;base64,PHN2ZyB3aWR0aD0iMSIgaGVpZ2h0PSIxIiB4bWxucz0iaHR0cDovL3d3dy53My5vcmcvMjAwMC9zdmciPjwvc3ZnPg==\" style=\"--smush-placeholder-width: 358px; --smush-placeholder-aspect-ratio: 358\/224;\" \/><\/a><\/div><div class=\"phb-content text-left \" >\n                  <h5 >PRODUTECH R3<\/h5>\n                  <p >PRODUTECH R3 - Recupera\u00e7\u00e3o-Resili\u00eancia-Reindustrializa\u00e7\u00e3o - Agenda Mobilizadora da Fileira das Tecnolog\u00edas de Produ\u00e7\u00e3o para a Reindustrializa\u00e7\u00e3o<\/p><div class=\"phb-btncontainer\">\n                        <a href=\"https:\/\/muvu.tech\/wp-content\/uploads\/2023\/11\/5_Ficha-de-Projeto-PRODUTECH-R3_V2.pdf\"  title=\"PRODUTECH R3\" class=\"tt_button tt_secondary_button button-action-link btn_primary_color\" >Leer m\u00e1s<\/a>\n                    <\/div><\/div><\/div>[\/vc_column_inner][vc_column_inner width=&#8221;1\/3&#8243; css=&#8221;.vc_custom_1586286012881{padding-right: 0px !important;padding-left: 0px !important;}&#8221;]<div class=\"kd-photobox  \" ><div class=\"photobox-img\"><a href=\"https:\/\/muvu.tech\/es\/?page_id=10881\"  title=\"KITT4SME\"><img decoding=\"async\" width=\"358\" height=\"224\" data-src=\"https:\/\/muvu.tech\/wp-content\/uploads\/2023\/02\/ai4mos.jpg\" class=\"attachment-full lazyload\" alt=\"\" title=\"ai4mos\" data-srcset=\"https:\/\/muvu.tech\/wp-content\/uploads\/2023\/02\/ai4mos.jpg 358w, https:\/\/muvu.tech\/wp-content\/uploads\/2023\/02\/ai4mos-300x188.jpg 300w\" data-sizes=\"(max-width: 358px) 100vw, 358px\" src=\"data:image\/svg+xml;base64,PHN2ZyB3aWR0aD0iMSIgaGVpZ2h0PSIxIiB4bWxucz0iaHR0cDovL3d3dy53My5vcmcvMjAwMC9zdmciPjwvc3ZnPg==\" style=\"--smush-placeholder-width: 358px; --smush-placeholder-aspect-ratio: 358\/224;\" \/><\/a><\/div><div class=\"phb-content text-left \" >\n                  <h5 >KITT4SME<\/h5>\n                  <p >KITT4SME se dirige a las PYME europeas para proporcionarles programas inform\u00e1ticos que introduzcan la IA en sus sistemas de producci\u00f3n...<\/p><div class=\"phb-btncontainer\">\n                        <a href=\"https:\/\/muvu.tech\/es\/?page_id=10881\"  title=\"KITT4SME\" class=\"tt_button tt_secondary_button button-action-link btn_primary_color\" >Leer m\u00e1s<\/a>\n                    <\/div><\/div><\/div>[\/vc_column_inner][vc_column_inner width=&#8221;1\/3&#8243; css=&#8221;.vc_custom_1586286016899{padding-right: 0px !important;padding-left: 0px !important;}&#8221;]<div class=\"kd-photobox  \" ><div class=\"photobox-img\"><a href=\"https:\/\/muvu.tech\/rd-projects\/qu4lity\/\"  title=\"QU4LIDAD\"><img decoding=\"async\" width=\"358\" height=\"224\" data-src=\"https:\/\/muvu.tech\/wp-content\/uploads\/2022\/09\/Qu4lity.jpg\" class=\"attachment-full lazyload\" alt=\"\" title=\"Qu4lity\" data-srcset=\"https:\/\/muvu.tech\/wp-content\/uploads\/2022\/09\/Qu4lity.jpg 358w, https:\/\/muvu.tech\/wp-content\/uploads\/2022\/09\/Qu4lity-300x188.jpg 300w\" data-sizes=\"(max-width: 358px) 100vw, 358px\" src=\"data:image\/svg+xml;base64,PHN2ZyB3aWR0aD0iMSIgaGVpZ2h0PSIxIiB4bWxucz0iaHR0cDovL3d3dy53My5vcmcvMjAwMC9zdmciPjwvc3ZnPg==\" style=\"--smush-placeholder-width: 358px; --smush-placeholder-aspect-ratio: 358\/224;\" \/><\/a><\/div><div class=\"phb-content text-left \" >\n                  <h5 >Cu4lidad<\/h5>\n                  <p >Qu4lity utiliza tecnolog\u00eda punta para garantizar la escalabilidad, la disponibilidad y la flexibilidad, bas\u00e1ndose en los conceptos de la industria 4.0...<\/p><div class=\"phb-btncontainer\">\n                        <a href=\"https:\/\/muvu.tech\/rd-projects\/qu4lity\/\"  title=\"QU4LIDAD\" class=\"tt_button tt_secondary_button button-action-link btn_primary_color\" >Leer m\u00e1s<\/a>\n                    <\/div><\/div><\/div>[\/vc_column_inner][\/vc_row_inner][vc_row_inner css=&#8221;.vc_custom_1586285995816{margin-bottom: 30px !important;}&#8221;][vc_column_inner width=&#8221;1\/3&#8243; css=&#8221;.vc_custom_1586286000110{padding-right: 0px !important;padding-left: 0px !important;}&#8221;]<div class=\"kd-photobox  \" ><div class=\"photobox-img\"><a href=\"https:\/\/muvu.tech\/rd-projects\/raized\/\"  title=\"Elevado\"><img decoding=\"async\" width=\"359\" height=\"224\" data-src=\"https:\/\/muvu.tech\/wp-content\/uploads\/2022\/09\/ZDMP.jpg\" class=\"attachment-full lazyload\" alt=\"\" title=\"ZDMP\" data-srcset=\"https:\/\/muvu.tech\/wp-content\/uploads\/2022\/09\/ZDMP.jpg 359w, https:\/\/muvu.tech\/wp-content\/uploads\/2022\/09\/ZDMP-300x187.jpg 300w\" data-sizes=\"(max-width: 359px) 100vw, 359px\" src=\"data:image\/svg+xml;base64,PHN2ZyB3aWR0aD0iMSIgaGVpZ2h0PSIxIiB4bWxucz0iaHR0cDovL3d3dy53My5vcmcvMjAwMC9zdmciPjwvc3ZnPg==\" style=\"--smush-placeholder-width: 359px; --smush-placeholder-aspect-ratio: 359\/224;\" \/><\/a><\/div><div class=\"phb-content text-left \" >\n                  <h5 >ZDMP<\/h5>\n                  <p >ZDMP pretende proporcionar una plataforma a las f\u00e1bricas con un alto nivel de interoperabilidad para alcanzar el objetivo de cero defectos...<\/p><div class=\"phb-btncontainer\">\n                        <a href=\"https:\/\/muvu.tech\/rd-projects\/raized\/\"  title=\"Elevado\" class=\"tt_button tt_secondary_button button-action-link btn_primary_color\" >Leer m\u00e1s<\/a>\n                    <\/div><\/div><\/div>[\/vc_column_inner][vc_column_inner width=&#8221;1\/3&#8243; css=&#8221;.vc_custom_1586286012881{padding-right: 0px !important;padding-left: 0px !important;}&#8221;]<div class=\"kd-photobox  \" ><div class=\"photobox-img\"><a href=\"https:\/\/muvu.tech\/rd-projects\/dih4cps\/\"  title=\"Dih4cps\"><img decoding=\"async\" width=\"358\" height=\"224\" data-src=\"https:\/\/muvu.tech\/wp-content\/uploads\/2022\/09\/Dih4cps0A.jpg\" class=\"attachment-full lazyload\" alt=\"\" title=\"Dih4cps\" data-srcset=\"https:\/\/muvu.tech\/wp-content\/uploads\/2022\/09\/Dih4cps0A.jpg 358w, https:\/\/muvu.tech\/wp-content\/uploads\/2022\/09\/Dih4cps0A-300x188.jpg 300w\" data-sizes=\"(max-width: 358px) 100vw, 358px\" src=\"data:image\/svg+xml;base64,PHN2ZyB3aWR0aD0iMSIgaGVpZ2h0PSIxIiB4bWxucz0iaHR0cDovL3d3dy53My5vcmcvMjAwMC9zdmciPjwvc3ZnPg==\" style=\"--smush-placeholder-width: 358px; --smush-placeholder-aspect-ratio: 358\/224;\" \/><\/a><\/div><div class=\"phb-content text-left \" >\n                  <h5 >Dih4cps<\/h5>\n                  <p >Dih4cps crea una red interdisciplinar de DIH y proveedores de soluciones que se centran en los CPS y los sistemas embebidos...<\/p><div class=\"phb-btncontainer\">\n                        <a href=\"https:\/\/muvu.tech\/rd-projects\/dih4cps\/\"  title=\"Dih4cps\" class=\"tt_button tt_secondary_button button-action-link btn_primary_color\" >Leer m\u00e1s<\/a>\n                    <\/div><\/div><\/div>[\/vc_column_inner][vc_column_inner width=&#8221;1\/3&#8243; css=&#8221;.vc_custom_1586286016899{padding-right: 0px !important;padding-left: 0px !important;}&#8221;]<div class=\"kd-photobox  \" ><div class=\"photobox-img\"><a href=\"https:\/\/muvu.tech\/industry-care\/\"  title=\"Cuidado de la industria\"><img decoding=\"async\" width=\"358\" height=\"224\" data-src=\"https:\/\/muvu.tech\/wp-content\/uploads\/2022\/09\/Industry-Care.jpg\" class=\"attachment-full lazyload\" alt=\"\" title=\"Industry Care\" data-srcset=\"https:\/\/muvu.tech\/wp-content\/uploads\/2022\/09\/Industry-Care.jpg 358w, https:\/\/muvu.tech\/wp-content\/uploads\/2022\/09\/Industry-Care-300x188.jpg 300w\" data-sizes=\"(max-width: 358px) 100vw, 358px\" src=\"data:image\/svg+xml;base64,PHN2ZyB3aWR0aD0iMSIgaGVpZ2h0PSIxIiB4bWxucz0iaHR0cDovL3d3dy53My5vcmcvMjAwMC9zdmciPjwvc3ZnPg==\" style=\"--smush-placeholder-width: 358px; --smush-placeholder-aspect-ratio: 358\/224;\" \/><\/a><\/div><div class=\"phb-content text-left \" >\n                  <h5 >Cuidado de la industria<\/h5>\n                  <p >Estrategias de base cient\u00edfica, que agilizan la aplicaci\u00f3n del plan de contingencia adecuado de forma inteligente e intuitiva...<\/p><div class=\"phb-btncontainer\">\n                        <a href=\"https:\/\/muvu.tech\/industry-care\/\"  title=\"Cuidado de la industria\" class=\"tt_button tt_secondary_button button-action-link btn_primary_color\" >Leer m\u00e1s<\/a>\n                    <\/div><\/div><\/div>[\/vc_column_inner][\/vc_row_inner][vc_row_inner css=&#8221;.vc_custom_1586285990673{padding-bottom: 100px !important;}&#8221;][vc_column_inner width=&#8221;1\/3&#8243; css=&#8221;.vc_custom_1586286004472{padding-right: 0px !important;padding-left: 0px !important;}&#8221;]<div class=\"kd-photobox  \" ><div class=\"photobox-img\"><a href=\"https:\/\/muvu.tech\/instagri\/\"  title=\"Instagri\"><img decoding=\"async\" width=\"358\" height=\"224\" data-src=\"https:\/\/muvu.tech\/wp-content\/uploads\/2022\/09\/INSTAGri.jpg\" class=\"attachment-full lazyload\" alt=\"\" title=\"INSTAGri\" data-srcset=\"https:\/\/muvu.tech\/wp-content\/uploads\/2022\/09\/INSTAGri.jpg 358w, https:\/\/muvu.tech\/wp-content\/uploads\/2022\/09\/INSTAGri-300x188.jpg 300w\" data-sizes=\"(max-width: 358px) 100vw, 358px\" src=\"data:image\/svg+xml;base64,PHN2ZyB3aWR0aD0iMSIgaGVpZ2h0PSIxIiB4bWxucz0iaHR0cDovL3d3dy53My5vcmcvMjAwMC9zdmciPjwvc3ZnPg==\" style=\"--smush-placeholder-width: 358px; --smush-placeholder-aspect-ratio: 358\/224;\" \/><\/a><\/div><div class=\"phb-content text-left \" >\n                  <h5 >INSTAGri<\/h5>\n                  <p >Entorno inteligente basado en la nube para la Agricultura de precisi\u00f3n utilizando Tecnolog\u00eda de teledetecci\u00f3n, proporcionando informaci\u00f3n sobre productividad, condiciones de riego y...<\/p><div class=\"phb-btncontainer\">\n                        <a href=\"https:\/\/muvu.tech\/instagri\/\"  title=\"Instagri\" class=\"tt_button tt_secondary_button button-action-link btn_primary_color\" >Leer m\u00e1s<\/a>\n                    <\/div><\/div><\/div>[\/vc_column_inner][vc_column_inner width=&#8221;1\/3&#8243; css=&#8221;.vc_custom_1586286008638{padding-right: 0px !important;padding-left: 0px !important;}&#8221;][\/vc_column_inner][vc_column_inner width=&#8221;1\/3&#8243; css=&#8221;.vc_custom_1586286020710{padding-right: 0px !important;padding-left: 0px !important;}&#8221;][\/vc_column_inner][\/vc_row_inner][\/vc_column][\/vc_row][vc_row full_width=&#8221;stretch_row&#8221;][vc_column css=&#8221;.vc_custom_1516095014613{padding-right: 0px !important;padding-left: 0px !important;}&#8221;][vc_row_inner css=&#8221;.vc_custom_1652918160392{padding-top: 60px !important;padding-bottom: 60px !important;}&#8221;][vc_column_inner width=&#8221;1\/4&#8243; offset=&#8221;vc_hidden-md vc_hidden-sm vc_hidden-xs&#8221;][\/vc_column_inner][vc_column_inner offset=&#8221;vc_col-lg-6&#8243;][vc_custom_heading text=&#8221;Deja que Muvu Technologies te ayude a digitalizar tus operaciones.&#8221; font_container=&#8221;tag:h3|text_align:center|color:%231f3562&#8243; use_theme_fonts=&#8221;yes&#8221; css_animation=&#8221;fadeIn&#8221; css=&#8221;.vc_custom_1665580913554{margin-bottom: 50px !important;}&#8221; el_class=&#8221;light&#8221;]<a  href=\"https:\/\/muvu.tech\/contacts\/\"  target=\"_self\"  title=\"\" class=\"tt_button tt_secondary_button btn_primary_color  button-center button-action-link  kd-animated zoomIn\" data-animation-delay=200><span class=\"prim_text\">Contacta con nosotros<\/span><\/a>[\/vc_column_inner][vc_column_inner width=&#8221;1\/4&#8243; offset=&#8221;vc_hidden-md vc_hidden-sm vc_hidden-xs&#8221;][\/vc_column_inner][\/vc_row_inner][\/vc_column][\/vc_row]<\/p>\n<\/div>","protected":false},"excerpt":{"rendered":"<p>[vc_row css=&#8221;.vc_custom_1652826273981{padding-bottom: 80px !important;}&#8221;][vc_column][rev_slider_vc alias=&#8221;RDprojects&#8221;][\/vc_column][\/vc_row][vc_row full_width=&#8221;stretch_row&#8221;][vc_column][vc_empty_space][vc_column_text]Nuestro departamento de Investigaci\u00f3n es clave para la innovaci\u00f3n, donde [&hellip;]<\/p>\n","protected":false},"author":1,"featured_media":0,"parent":0,"menu_order":0,"comment_status":"closed","ping_status":"closed","template":"","meta":{"inline_featured_image":false,"footnotes":""},"class_list":["post-10927","page","type-page","status-publish","hentry"],"yoast_head":"<!-- This site is optimized with the Yoast SEO plugin v27.4 - https:\/\/yoast.com\/product\/yoast-seo-wordpress\/ -->\n<title>Proyectos de I+D - Muvu Technologies - Railes MES<\/title>\n<meta name=\"robots\" content=\"index, follow, max-snippet:-1, max-image-preview:large, max-video-preview:-1\" \/>\n<link rel=\"canonical\" href=\"https:\/\/muvu.tech\/es\/proyectos-de-id\/\" \/>\n<meta property=\"og:locale\" content=\"es_ES\" \/>\n<meta property=\"og:type\" content=\"article\" \/>\n<meta property=\"og:title\" content=\"Proyectos de I+D - Muvu Technologies - Railes MES\" \/>\n<meta property=\"og:description\" content=\"[vc_row css=&#8221;.vc_custom_1652826273981{padding-bottom: 80px !important;}&#8221;][vc_column][rev_slider_vc alias=&#8221;RDprojects&#8221;][\/vc_column][\/vc_row][vc_row full_width=&#8221;stretch_row&#8221;][vc_column][vc_empty_space][vc_column_text]Nuestro departamento de Investigaci\u00f3n es clave para la innovaci\u00f3n, donde [&hellip;]\" \/>\n<meta property=\"og:url\" content=\"https:\/\/muvu.tech\/es\/proyectos-de-id\/\" \/>\n<meta property=\"og:site_name\" content=\"Muvu Technologies - Railes MES\" \/>\n<meta property=\"article:publisher\" content=\"https:\/\/www.facebook.com\/muvutechnologies\" \/>\n<meta property=\"article:modified_time\" content=\"2024-08-22T11:40:08+00:00\" \/>\n<meta name=\"twitter:card\" content=\"summary_large_image\" \/>\n<meta name=\"twitter:site\" content=\"@muvutech\" \/>\n<meta name=\"twitter:label1\" content=\"Tiempo de lectura\" \/>\n\t<meta name=\"twitter:data1\" content=\"6 minutos\" \/>\n<script type=\"application\/ld+json\" class=\"yoast-schema-graph\">{\"@context\":\"https:\\\/\\\/schema.org\",\"@graph\":[{\"@type\":\"WebPage\",\"@id\":\"https:\\\/\\\/muvu.tech\\\/es\\\/proyectos-de-id\\\/\",\"url\":\"https:\\\/\\\/muvu.tech\\\/es\\\/proyectos-de-id\\\/\",\"name\":\"Proyectos de I+D - Muvu Technologies - Railes MES\",\"isPartOf\":{\"@id\":\"https:\\\/\\\/muvu.tech\\\/es\\\/#website\"},\"datePublished\":\"2022-09-13T22:20:09+00:00\",\"dateModified\":\"2024-08-22T11:40:08+00:00\",\"breadcrumb\":{\"@id\":\"https:\\\/\\\/muvu.tech\\\/es\\\/proyectos-de-id\\\/#breadcrumb\"},\"inLanguage\":\"es\",\"potentialAction\":[{\"@type\":\"ReadAction\",\"target\":[\"https:\\\/\\\/muvu.tech\\\/es\\\/proyectos-de-id\\\/\"]}]},{\"@type\":\"BreadcrumbList\",\"@id\":\"https:\\\/\\\/muvu.tech\\\/es\\\/proyectos-de-id\\\/#breadcrumb\",\"itemListElement\":[{\"@type\":\"ListItem\",\"position\":1,\"name\":\"Home\",\"item\":\"https:\\\/\\\/muvu.tech\\\/es\\\/\"},{\"@type\":\"ListItem\",\"position\":2,\"name\":\"Proyectos de I+D\"}]},{\"@type\":\"WebSite\",\"@id\":\"https:\\\/\\\/muvu.tech\\\/es\\\/#website\",\"url\":\"https:\\\/\\\/muvu.tech\\\/es\\\/\",\"name\":\"Muvu Technologies - Railes MES\",\"description\":\"Empowering Industries with Muvu Technologies: Unleash the Potential of Railes MES for Optimal Efficiency and Quality.\",\"publisher\":{\"@id\":\"https:\\\/\\\/muvu.tech\\\/es\\\/#organization\"},\"potentialAction\":[{\"@type\":\"SearchAction\",\"target\":{\"@type\":\"EntryPoint\",\"urlTemplate\":\"https:\\\/\\\/muvu.tech\\\/es\\\/?s={search_term_string}\"},\"query-input\":{\"@type\":\"PropertyValueSpecification\",\"valueRequired\":true,\"valueName\":\"search_term_string\"}}],\"inLanguage\":\"es\"},{\"@type\":\"Organization\",\"@id\":\"https:\\\/\\\/muvu.tech\\\/es\\\/#organization\",\"name\":\"MUVU Technologies\",\"alternateName\":\"Railes MES\",\"url\":\"https:\\\/\\\/muvu.tech\\\/es\\\/\",\"logo\":{\"@type\":\"ImageObject\",\"inLanguage\":\"es\",\"@id\":\"https:\\\/\\\/muvu.tech\\\/es\\\/#\\\/schema\\\/logo\\\/image\\\/\",\"url\":\"https:\\\/\\\/muvu.tech\\\/wp-content\\\/uploads\\\/2022\\\/05\\\/muvu-logo-colour.svg\",\"contentUrl\":\"https:\\\/\\\/muvu.tech\\\/wp-content\\\/uploads\\\/2022\\\/05\\\/muvu-logo-colour.svg\",\"width\":1,\"height\":1,\"caption\":\"MUVU Technologies\"},\"image\":{\"@id\":\"https:\\\/\\\/muvu.tech\\\/es\\\/#\\\/schema\\\/logo\\\/image\\\/\"},\"sameAs\":[\"https:\\\/\\\/www.facebook.com\\\/muvutechnologies\",\"https:\\\/\\\/x.com\\\/muvutech\",\"https:\\\/\\\/www.instagram.com\\\/muvu.tech\\\/\",\"https:\\\/\\\/www.linkedin.com\\\/company\\\/muvutechnologies\\\/\"]}]}<\/script>\n<!-- \/ Yoast SEO plugin. -->","yoast_head_json":{"title":"Proyectos de I+D - Muvu Technologies - Railes MES","robots":{"index":"index","follow":"follow","max-snippet":"max-snippet:-1","max-image-preview":"max-image-preview:large","max-video-preview":"max-video-preview:-1"},"canonical":"https:\/\/muvu.tech\/es\/proyectos-de-id\/","og_locale":"es_ES","og_type":"article","og_title":"Proyectos de I+D - Muvu Technologies - Railes MES","og_description":"[vc_row css=&#8221;.vc_custom_1652826273981{padding-bottom: 80px !important;}&#8221;][vc_column][rev_slider_vc alias=&#8221;RDprojects&#8221;][\/vc_column][\/vc_row][vc_row full_width=&#8221;stretch_row&#8221;][vc_column][vc_empty_space][vc_column_text]Nuestro departamento de Investigaci\u00f3n es clave para la innovaci\u00f3n, donde [&hellip;]","og_url":"https:\/\/muvu.tech\/es\/proyectos-de-id\/","og_site_name":"Muvu Technologies - Railes MES","article_publisher":"https:\/\/www.facebook.com\/muvutechnologies","article_modified_time":"2024-08-22T11:40:08+00:00","twitter_card":"summary_large_image","twitter_site":"@muvutech","twitter_misc":{"Tiempo de lectura":"6 minutos"},"schema":{"@context":"https:\/\/schema.org","@graph":[{"@type":"WebPage","@id":"https:\/\/muvu.tech\/es\/proyectos-de-id\/","url":"https:\/\/muvu.tech\/es\/proyectos-de-id\/","name":"Proyectos de I+D - Muvu Technologies - Railes MES","isPartOf":{"@id":"https:\/\/muvu.tech\/es\/#website"},"datePublished":"2022-09-13T22:20:09+00:00","dateModified":"2024-08-22T11:40:08+00:00","breadcrumb":{"@id":"https:\/\/muvu.tech\/es\/proyectos-de-id\/#breadcrumb"},"inLanguage":"es","potentialAction":[{"@type":"ReadAction","target":["https:\/\/muvu.tech\/es\/proyectos-de-id\/"]}]},{"@type":"BreadcrumbList","@id":"https:\/\/muvu.tech\/es\/proyectos-de-id\/#breadcrumb","itemListElement":[{"@type":"ListItem","position":1,"name":"Home","item":"https:\/\/muvu.tech\/es\/"},{"@type":"ListItem","position":2,"name":"Proyectos de I+D"}]},{"@type":"WebSite","@id":"https:\/\/muvu.tech\/es\/#website","url":"https:\/\/muvu.tech\/es\/","name":"Muvu Technologies - Railes MES","description":"Empowering Industries with Muvu Technologies: Unleash the Potential of Railes MES for Optimal Efficiency and Quality.","publisher":{"@id":"https:\/\/muvu.tech\/es\/#organization"},"potentialAction":[{"@type":"SearchAction","target":{"@type":"EntryPoint","urlTemplate":"https:\/\/muvu.tech\/es\/?s={search_term_string}"},"query-input":{"@type":"PropertyValueSpecification","valueRequired":true,"valueName":"search_term_string"}}],"inLanguage":"es"},{"@type":"Organization","@id":"https:\/\/muvu.tech\/es\/#organization","name":"MUVU Technologies","alternateName":"Railes MES","url":"https:\/\/muvu.tech\/es\/","logo":{"@type":"ImageObject","inLanguage":"es","@id":"https:\/\/muvu.tech\/es\/#\/schema\/logo\/image\/","url":"https:\/\/muvu.tech\/wp-content\/uploads\/2022\/05\/muvu-logo-colour.svg","contentUrl":"https:\/\/muvu.tech\/wp-content\/uploads\/2022\/05\/muvu-logo-colour.svg","width":1,"height":1,"caption":"MUVU Technologies"},"image":{"@id":"https:\/\/muvu.tech\/es\/#\/schema\/logo\/image\/"},"sameAs":["https:\/\/www.facebook.com\/muvutechnologies","https:\/\/x.com\/muvutech","https:\/\/www.instagram.com\/muvu.tech\/","https:\/\/www.linkedin.com\/company\/muvutechnologies\/"]}]}},"_links":{"self":[{"href":"https:\/\/muvu.tech\/es\/wp-json\/wp\/v2\/pages\/10927","targetHints":{"allow":["GET"]}}],"collection":[{"href":"https:\/\/muvu.tech\/es\/wp-json\/wp\/v2\/pages"}],"about":[{"href":"https:\/\/muvu.tech\/es\/wp-json\/wp\/v2\/types\/page"}],"author":[{"embeddable":true,"href":"https:\/\/muvu.tech\/es\/wp-json\/wp\/v2\/users\/1"}],"replies":[{"embeddable":true,"href":"https:\/\/muvu.tech\/es\/wp-json\/wp\/v2\/comments?post=10927"}],"version-history":[{"count":0,"href":"https:\/\/muvu.tech\/es\/wp-json\/wp\/v2\/pages\/10927\/revisions"}],"wp:attachment":[{"href":"https:\/\/muvu.tech\/es\/wp-json\/wp\/v2\/media?parent=10927"}],"curies":[{"name":"wp","href":"https:\/\/api.w.org\/{rel}","templated":true}]}}