{"id":10916,"date":"2022-09-14T23:09:04","date_gmt":"2022-09-14T23:09:04","guid":{"rendered":"https:\/\/muvu.tech\/instagri\/"},"modified":"2024-08-20T13:39:08","modified_gmt":"2024-08-20T13:39:08","slug":"instagri","status":"publish","type":"page","link":"https:\/\/muvu.tech\/es\/proyectos-de-id\/instagri\/","title":{"rendered":"Instagri"},"content":{"rendered":"<div class=\"wpb-content-wrapper\"><p>[vc_row css=&#8221;.vc_custom_1652826273981{padding-bottom: 80px !important;}&#8221;][vc_column][rev_slider_vc alias=&#8221;industry-care-1&#8243;][\/vc_column][\/vc_row][vc_row full_width=&#8221;stretch_row&#8221;][vc_column width=&#8221;5\/6&#8243;][vc_empty_space height=&#8221;64px&#8221;][vc_row_inner][vc_column_inner width=&#8221;1\/3&#8243;][vc_single_image image=&#8221;7989&#8243; img_size=&#8221;527&#215;59&#8243;][\/vc_column_inner][vc_column_inner width=&#8221;2\/3&#8243;][\/vc_column_inner][\/vc_row_inner][vc_empty_space]<header class=\"kd-section-title col-lg-12 text-left  kd-animated fadeIn  \" data-animation-delay=200><h5 class=\"separator_off\" style=\"color: #1f3562;\">SI I&amp;DT Proyectos Individuales<\/h5><\/header>[vc_column_text]Dise\u00f1o del proyecto: INSTAGRI &#8211; Entorno Inteligente Basado en la Nube para la Agricultura de Precisi\u00f3n utilizando Tecnolog\u00eda de Teledetecci\u00f3n C\u00f3digo do Projeto: CENTRO-01-0247-FEDER-023152 Objetivo Principal: Refor\u00e7ar a investiga\u00e7\u00e3o, o desenvolvimento tecnol\u00f3gico e a inova\u00e7\u00e3o Entidade Benefici\u00e1ria: INVOKE TECHNOLOGIES, UNIPESSOAL, LDA.<br \/>\nCusto Total Eleg\u00edvel: 498.354,15 Euros[\/vc_column_text][vc_empty_space height=&#8221;64px&#8221;][\/vc_column][vc_column width=&#8221;1\/6&#8243;][vc_single_image image=&#8221;7985&#8243; img_size=&#8221;Full&#8221;][\/vc_column][\/vc_row][vc_row full_width=&#8221;stretch_row&#8221; css=&#8221;.vc_custom_1668639444531{background-color: #f2f2f2 !important;}&#8221;][vc_column width=&#8221;5\/6&#8243;][vc_empty_space height=&#8221;64px&#8221;]<header class=\"kd-section-title col-lg-12 text-left  kd-animated fadeIn  \" data-animation-delay=200><\/header>[\/vc_column][vc_column width=&#8221;1\/6&#8243;][\/vc_column][\/vc_row][vc_row full_width=&#8221;stretch_row&#8221; gap=&#8221;30&#8243; css=&#8221;.vc_custom_1668639451938{background-color: #f2f2f2 !important;}&#8221;][vc_column width=&#8221;1\/2&#8243; css=&#8221;.vc_custom_1515686761275{padding-right: 0px !important;padding-left: 0px !important;}&#8221;][vc_column_text]<\/p>\n<p class=\"p1\">A MUVU TECHNOLOGIES, LDA., foi constitu\u00edda em Julho de 2015, com o objectivo social de presta\u00e7\u00e3o de servi\u00e7os de consultoria em tecnologia de informa\u00e7\u00e3o e sistemas. Nomeadamente projetos com arquiteturas orientadas a servi\u00e7os de telecomunica\u00e7\u00f5es, base de dados, integra\u00e7\u00e3o e manuten\u00e7\u00e3o de sistemas,<\/p>\n<p>[\/vc_column_text][\/vc_column][vc_column width=&#8221;1\/2&#8243;][vc_column_text]<\/p>\n<p class=\"p1\">alojamiento web, aplicaci\u00f3n web y m\u00f3vil, outsourcing, entre otros, contado con una asociaci\u00f3n con Microsoft Portugal que permite la utilizaci\u00f3n de herramientas y soluciones de Cloud Computing (CC) Microsoft, por un per\u00edodo de 3 a\u00f1os.<\/p>\n<p>[\/vc_column_text][\/vc_column][\/vc_row][vc_row full_width=&#8221;stretch_row&#8221; gap=&#8221;30&#8243; css=&#8221;.vc_custom_1668639460054{background-color: #f2f2f2 !important;}&#8221;][vc_column css=&#8221;.vc_custom_1515686761275{padding-right: 0px !important;padding-left: 0px !important;}&#8221;][vc_row_inner][vc_column_inner width=&#8221;1\/6&#8243;][\/vc_column_inner][vc_column_inner width=&#8221;2\/3&#8243;][vc_single_image image=&#8221;8268&#8243; img_size=&#8221;full&#8221; alignment=&#8221;center&#8221;][\/vc_column_inner][vc_column_inner width=&#8221;1\/6&#8243;][\/vc_column_inner][\/vc_row_inner][\/vc_column][\/vc_row][vc_row full_width=&#8221;stretch_row&#8221; css=&#8221;.vc_custom_1663109483848{background-color: #74fac4 !important;}&#8221;][vc_column][vc_empty_space height=&#8221;64px&#8221;]<header class=\"kd-section-title col-lg-12 text-left  kd-animated fadeIn  \" data-animation-delay=200><h2 class=\"separator_off\" style=\"color: #1f3562;\">Proyecto Instagri<\/h2><\/header>[vc_column_text]<\/p>\n<p class=\"p1\"><strong style=\"color: ##1f3562;\">A trav\u00e9s de INSTAGRI, se pretende crear un software capaz de recoger, interpretar y exportar datos al usuario, proporcion\u00e1ndole informaci\u00f3n sobre la productividad, las condiciones de riego y el estado de sus culturas.<br \/>\nTambi\u00e9n permite la comparaci\u00f3n con datos ya observados en exploraciones existentes en la misma zona geogr\u00e1fica y para el mismo tipo de cultura. <\/strong><\/p>\n<p>[\/vc_column_text][\/vc_column][\/vc_row][vc_row full_width=&#8221;stretch_row&#8221; gap=&#8221;30&#8243; css=&#8221;.vc_custom_1663109537554{background-color: #74fac4 !important;}&#8221;][vc_column width=&#8221;1\/2&#8243; css=&#8221;.vc_custom_1515686761275{padding-right: 0px !important;padding-left: 0px !important;}&#8221;][vc_column_text]<\/p>\n<p class=\"p1\"><i>El producto est\u00e1 dirigido a la agricultura de <\/i><i>precis\u00e3o recorrendo a imagem a\u00e9rea (drones + <\/i><i>im\u00e1genes multiespectrales) y sensores sobre el terreno, <\/i><i>integrando todos los datos con SIG y aplicaci\u00f3n <\/i> <i>web.<br \/>\nEsta combinaci\u00f3n est\u00e1 disponible para varios   <\/i><i>propriedades\/explora\u00e7\u00f5es numa regi\u00e3o e culturas <\/i><i>constituir\u00e1 un nuevo servicio innovador.<\/i><\/p>\n<p>[\/vc_column_text][\/vc_column][vc_column width=&#8221;1\/2&#8243;][vc_column_text]<\/p>\n<p class=\"p1\">Tiene como objetivo ayudar a los agricultores y t\u00e9cnicos agr\u00edcolas en la toma de decisiones, haci\u00e9ndola m\u00e1s r\u00e1pida, econ\u00f3micamente viable y sostenible.<br \/>\nLa integraci\u00f3n de diversas tecnolog\u00edas y sistemas requiere un alto grado de Investigaci\u00f3n y Desarrollo Tecnol\u00f3gico. <\/p>\n<p>[\/vc_column_text][\/vc_column][\/vc_row][vc_row full_width=&#8221;stretch_row&#8221; css=&#8221;.vc_custom_1663109483848{background-color: #74fac4 !important;}&#8221;][vc_column][vc_empty_space height=&#8221;64px&#8221;]<header class=\"kd-section-title col-lg-12 text-left  kd-animated fadeIn  \" data-animation-delay=200><h2 class=\"separator_off\" style=\"color: #1f3562;\">V\u00eddeo de lanzamiento del proyecto<\/h2><\/header>[vc_empty_space][vc_row_inner][vc_column_inner width=&#8221;1\/6&#8243;][\/vc_column_inner][vc_column_inner width=&#8221;2\/3&#8243;][vc_video link=&#8221;https:\/\/www.youtube.com\/watch?v=wYTtJrx3uF8&#8243;][\/vc_column_inner][vc_column_inner width=&#8221;1\/6&#8243;][\/vc_column_inner][\/vc_row_inner][vc_empty_space height=&#8221;64px&#8221;][\/vc_column][\/vc_row][vc_row full_width=&#8221;stretch_row&#8221; disable_element=&#8221;yes&#8221;][vc_column css=&#8221;.vc_custom_1516095014613{padding-right: 0px !important;padding-left: 0px !important;}&#8221;][vc_row_inner css=&#8221;.vc_custom_1652918160392{padding-top: 60px !important;padding-bottom: 60px !important;}&#8221;][vc_column_inner width=&#8221;1\/4&#8243; offset=&#8221;vc_hidden-md vc_hidden-sm vc_hidden-xs&#8221;][\/vc_column_inner][vc_column_inner offset=&#8221;vc_col-lg-6&#8243;][vc_custom_heading text=&#8221;Conoce m\u00e1s a fondo lo que podemos hacer por tu explotaci\u00f3n y tu empresa.&#8221; font_container=&#8221;tag:h3|text_align:center|color:%231f3562&#8243; use_theme_fonts=&#8221;yes&#8221; css_animation=&#8221;fadeIn&#8221; css=&#8221;.vc_custom_1652918138048{margin-bottom: 50px !important;}&#8221; el_class=&#8221;light&#8221;]<a  href=\"#\"  target=\"_self\"  title=\"\" class=\"tt_button tt_primary_button btn_secondary_color  button-center button-action-link  kd-animated zoomIn\" data-animation-delay=200><span class=\"prim_text\">Saber m\u00e1s<\/span><\/a>[\/vc_column_inner][vc_column_inner width=&#8221;1\/4&#8243; offset=&#8221;vc_hidden-md vc_hidden-sm vc_hidden-xs&#8221;][\/vc_column_inner][\/vc_row_inner][\/vc_column][\/vc_row]<\/p>\n<\/div>","protected":false},"excerpt":{"rendered":"<p>[vc_row css=&#8221;.vc_custom_1652826273981{padding-bottom: 80px !important;}&#8221;][vc_column][rev_slider_vc alias=&#8221;industry-care-1&#8243;][\/vc_column][\/vc_row][vc_row full_width=&#8221;stretch_row&#8221;][vc_column width=&#8221;5\/6&#8243;][vc_empty_space height=&#8221;64px&#8221;][vc_row_inner][vc_column_inner width=&#8221;1\/3&#8243;][vc_single_image image=&#8221;7989&#8243; img_size=&#8221;527&#215;59&#8243;][\/vc_column_inner][vc_column_inner width=&#8221;2\/3&#8243;][\/vc_column_inner][\/vc_row_inner][vc_empty_space][vc_column_text]Dise\u00f1o del proyecto: INSTAGRI [&hellip;]<\/p>\n","protected":false},"author":1,"featured_media":0,"parent":10927,"menu_order":0,"comment_status":"closed","ping_status":"closed","template":"","meta":{"inline_featured_image":false,"footnotes":""},"class_list":["post-10916","page","type-page","status-publish","hentry"],"yoast_head":"<!-- This site is optimized with the Yoast SEO plugin v27.4 - https:\/\/yoast.com\/product\/yoast-seo-wordpress\/ -->\n<title>Instagri - Muvu Technologies - Railes MES<\/title>\n<meta name=\"robots\" content=\"index, follow, max-snippet:-1, max-image-preview:large, max-video-preview:-1\" \/>\n<link rel=\"canonical\" href=\"https:\/\/muvu.tech\/es\/proyectos-de-id\/instagri\/\" \/>\n<meta property=\"og:locale\" content=\"es_ES\" \/>\n<meta property=\"og:type\" content=\"article\" \/>\n<meta property=\"og:title\" content=\"Instagri - Muvu Technologies - Railes MES\" \/>\n<meta property=\"og:description\" content=\"[vc_row css=&#8221;.vc_custom_1652826273981{padding-bottom: 80px !important;}&#8221;][vc_column][rev_slider_vc alias=&#8221;industry-care-1&#8243;][\/vc_column][\/vc_row][vc_row full_width=&#8221;stretch_row&#8221;][vc_column width=&#8221;5\/6&#8243;][vc_empty_space height=&#8221;64px&#8221;][vc_row_inner][vc_column_inner width=&#8221;1\/3&#8243;][vc_single_image image=&#8221;7989&#8243; img_size=&#8221;527&#215;59&#8243;][\/vc_column_inner][vc_column_inner width=&#8221;2\/3&#8243;][\/vc_column_inner][\/vc_row_inner][vc_empty_space][vc_column_text]Dise\u00f1o del proyecto: INSTAGRI [&hellip;]\" \/>\n<meta property=\"og:url\" content=\"https:\/\/muvu.tech\/es\/proyectos-de-id\/instagri\/\" \/>\n<meta property=\"og:site_name\" content=\"Muvu Technologies - Railes MES\" \/>\n<meta property=\"article:publisher\" content=\"https:\/\/www.facebook.com\/muvutechnologies\" \/>\n<meta property=\"article:modified_time\" content=\"2024-08-20T13:39:08+00:00\" \/>\n<meta name=\"twitter:card\" content=\"summary_large_image\" \/>\n<meta name=\"twitter:site\" content=\"@muvutech\" \/>\n<meta name=\"twitter:label1\" content=\"Tiempo de lectura\" \/>\n\t<meta name=\"twitter:data1\" content=\"5 minutos\" \/>\n<script type=\"application\/ld+json\" class=\"yoast-schema-graph\">{\"@context\":\"https:\\\/\\\/schema.org\",\"@graph\":[{\"@type\":\"WebPage\",\"@id\":\"https:\\\/\\\/muvu.tech\\\/es\\\/proyectos-de-id\\\/instagri\\\/\",\"url\":\"https:\\\/\\\/muvu.tech\\\/es\\\/proyectos-de-id\\\/instagri\\\/\",\"name\":\"Instagri - Muvu Technologies - Railes MES\",\"isPartOf\":{\"@id\":\"https:\\\/\\\/muvu.tech\\\/es\\\/#website\"},\"datePublished\":\"2022-09-14T23:09:04+00:00\",\"dateModified\":\"2024-08-20T13:39:08+00:00\",\"breadcrumb\":{\"@id\":\"https:\\\/\\\/muvu.tech\\\/es\\\/proyectos-de-id\\\/instagri\\\/#breadcrumb\"},\"inLanguage\":\"es\",\"potentialAction\":[{\"@type\":\"ReadAction\",\"target\":[\"https:\\\/\\\/muvu.tech\\\/es\\\/proyectos-de-id\\\/instagri\\\/\"]}]},{\"@type\":\"BreadcrumbList\",\"@id\":\"https:\\\/\\\/muvu.tech\\\/es\\\/proyectos-de-id\\\/instagri\\\/#breadcrumb\",\"itemListElement\":[{\"@type\":\"ListItem\",\"position\":1,\"name\":\"Home\",\"item\":\"https:\\\/\\\/muvu.tech\\\/es\\\/\"},{\"@type\":\"ListItem\",\"position\":2,\"name\":\"Proyectos de I+D\",\"item\":\"https:\\\/\\\/muvu.tech\\\/es\\\/?page_id=10927\"},{\"@type\":\"ListItem\",\"position\":3,\"name\":\"Instagri\"}]},{\"@type\":\"WebSite\",\"@id\":\"https:\\\/\\\/muvu.tech\\\/es\\\/#website\",\"url\":\"https:\\\/\\\/muvu.tech\\\/es\\\/\",\"name\":\"Muvu Technologies - Railes MES\",\"description\":\"Empowering Industries with Muvu Technologies: Unleash the Potential of Railes MES for Optimal Efficiency and Quality.\",\"publisher\":{\"@id\":\"https:\\\/\\\/muvu.tech\\\/es\\\/#organization\"},\"potentialAction\":[{\"@type\":\"SearchAction\",\"target\":{\"@type\":\"EntryPoint\",\"urlTemplate\":\"https:\\\/\\\/muvu.tech\\\/es\\\/?s={search_term_string}\"},\"query-input\":{\"@type\":\"PropertyValueSpecification\",\"valueRequired\":true,\"valueName\":\"search_term_string\"}}],\"inLanguage\":\"es\"},{\"@type\":\"Organization\",\"@id\":\"https:\\\/\\\/muvu.tech\\\/es\\\/#organization\",\"name\":\"MUVU Technologies\",\"alternateName\":\"Railes MES\",\"url\":\"https:\\\/\\\/muvu.tech\\\/es\\\/\",\"logo\":{\"@type\":\"ImageObject\",\"inLanguage\":\"es\",\"@id\":\"https:\\\/\\\/muvu.tech\\\/es\\\/#\\\/schema\\\/logo\\\/image\\\/\",\"url\":\"https:\\\/\\\/muvu.tech\\\/wp-content\\\/uploads\\\/2022\\\/05\\\/muvu-logo-colour.svg\",\"contentUrl\":\"https:\\\/\\\/muvu.tech\\\/wp-content\\\/uploads\\\/2022\\\/05\\\/muvu-logo-colour.svg\",\"width\":1,\"height\":1,\"caption\":\"MUVU Technologies\"},\"image\":{\"@id\":\"https:\\\/\\\/muvu.tech\\\/es\\\/#\\\/schema\\\/logo\\\/image\\\/\"},\"sameAs\":[\"https:\\\/\\\/www.facebook.com\\\/muvutechnologies\",\"https:\\\/\\\/x.com\\\/muvutech\",\"https:\\\/\\\/www.instagram.com\\\/muvu.tech\\\/\",\"https:\\\/\\\/www.linkedin.com\\\/company\\\/muvutechnologies\\\/\"]}]}<\/script>\n<!-- \/ Yoast SEO plugin. -->","yoast_head_json":{"title":"Instagri - Muvu Technologies - Railes MES","robots":{"index":"index","follow":"follow","max-snippet":"max-snippet:-1","max-image-preview":"max-image-preview:large","max-video-preview":"max-video-preview:-1"},"canonical":"https:\/\/muvu.tech\/es\/proyectos-de-id\/instagri\/","og_locale":"es_ES","og_type":"article","og_title":"Instagri - Muvu Technologies - Railes MES","og_description":"[vc_row css=&#8221;.vc_custom_1652826273981{padding-bottom: 80px !important;}&#8221;][vc_column][rev_slider_vc alias=&#8221;industry-care-1&#8243;][\/vc_column][\/vc_row][vc_row full_width=&#8221;stretch_row&#8221;][vc_column width=&#8221;5\/6&#8243;][vc_empty_space height=&#8221;64px&#8221;][vc_row_inner][vc_column_inner width=&#8221;1\/3&#8243;][vc_single_image image=&#8221;7989&#8243; img_size=&#8221;527&#215;59&#8243;][\/vc_column_inner][vc_column_inner width=&#8221;2\/3&#8243;][\/vc_column_inner][\/vc_row_inner][vc_empty_space][vc_column_text]Dise\u00f1o del proyecto: INSTAGRI [&hellip;]","og_url":"https:\/\/muvu.tech\/es\/proyectos-de-id\/instagri\/","og_site_name":"Muvu Technologies - Railes MES","article_publisher":"https:\/\/www.facebook.com\/muvutechnologies","article_modified_time":"2024-08-20T13:39:08+00:00","twitter_card":"summary_large_image","twitter_site":"@muvutech","twitter_misc":{"Tiempo de lectura":"5 minutos"},"schema":{"@context":"https:\/\/schema.org","@graph":[{"@type":"WebPage","@id":"https:\/\/muvu.tech\/es\/proyectos-de-id\/instagri\/","url":"https:\/\/muvu.tech\/es\/proyectos-de-id\/instagri\/","name":"Instagri - Muvu Technologies - Railes MES","isPartOf":{"@id":"https:\/\/muvu.tech\/es\/#website"},"datePublished":"2022-09-14T23:09:04+00:00","dateModified":"2024-08-20T13:39:08+00:00","breadcrumb":{"@id":"https:\/\/muvu.tech\/es\/proyectos-de-id\/instagri\/#breadcrumb"},"inLanguage":"es","potentialAction":[{"@type":"ReadAction","target":["https:\/\/muvu.tech\/es\/proyectos-de-id\/instagri\/"]}]},{"@type":"BreadcrumbList","@id":"https:\/\/muvu.tech\/es\/proyectos-de-id\/instagri\/#breadcrumb","itemListElement":[{"@type":"ListItem","position":1,"name":"Home","item":"https:\/\/muvu.tech\/es\/"},{"@type":"ListItem","position":2,"name":"Proyectos de I+D","item":"https:\/\/muvu.tech\/es\/?page_id=10927"},{"@type":"ListItem","position":3,"name":"Instagri"}]},{"@type":"WebSite","@id":"https:\/\/muvu.tech\/es\/#website","url":"https:\/\/muvu.tech\/es\/","name":"Muvu Technologies - Railes MES","description":"Empowering Industries with Muvu Technologies: Unleash the Potential of Railes MES for Optimal Efficiency and Quality.","publisher":{"@id":"https:\/\/muvu.tech\/es\/#organization"},"potentialAction":[{"@type":"SearchAction","target":{"@type":"EntryPoint","urlTemplate":"https:\/\/muvu.tech\/es\/?s={search_term_string}"},"query-input":{"@type":"PropertyValueSpecification","valueRequired":true,"valueName":"search_term_string"}}],"inLanguage":"es"},{"@type":"Organization","@id":"https:\/\/muvu.tech\/es\/#organization","name":"MUVU Technologies","alternateName":"Railes MES","url":"https:\/\/muvu.tech\/es\/","logo":{"@type":"ImageObject","inLanguage":"es","@id":"https:\/\/muvu.tech\/es\/#\/schema\/logo\/image\/","url":"https:\/\/muvu.tech\/wp-content\/uploads\/2022\/05\/muvu-logo-colour.svg","contentUrl":"https:\/\/muvu.tech\/wp-content\/uploads\/2022\/05\/muvu-logo-colour.svg","width":1,"height":1,"caption":"MUVU Technologies"},"image":{"@id":"https:\/\/muvu.tech\/es\/#\/schema\/logo\/image\/"},"sameAs":["https:\/\/www.facebook.com\/muvutechnologies","https:\/\/x.com\/muvutech","https:\/\/www.instagram.com\/muvu.tech\/","https:\/\/www.linkedin.com\/company\/muvutechnologies\/"]}]}},"_links":{"self":[{"href":"https:\/\/muvu.tech\/es\/wp-json\/wp\/v2\/pages\/10916","targetHints":{"allow":["GET"]}}],"collection":[{"href":"https:\/\/muvu.tech\/es\/wp-json\/wp\/v2\/pages"}],"about":[{"href":"https:\/\/muvu.tech\/es\/wp-json\/wp\/v2\/types\/page"}],"author":[{"embeddable":true,"href":"https:\/\/muvu.tech\/es\/wp-json\/wp\/v2\/users\/1"}],"replies":[{"embeddable":true,"href":"https:\/\/muvu.tech\/es\/wp-json\/wp\/v2\/comments?post=10916"}],"version-history":[{"count":0,"href":"https:\/\/muvu.tech\/es\/wp-json\/wp\/v2\/pages\/10916\/revisions"}],"up":[{"embeddable":true,"href":"https:\/\/muvu.tech\/es\/wp-json\/wp\/v2\/pages\/10927"}],"wp:attachment":[{"href":"https:\/\/muvu.tech\/es\/wp-json\/wp\/v2\/media?parent=10916"}],"curies":[{"name":"wp","href":"https:\/\/api.w.org\/{rel}","templated":true}]}}