{"id":10914,"date":"2024-04-15T13:17:18","date_gmt":"2024-04-15T13:17:18","guid":{"rendered":"https:\/\/muvu.tech\/preguntas-frecuentes\/"},"modified":"2024-11-19T10:05:55","modified_gmt":"2024-11-19T10:05:55","slug":"preguntas-frecuentes","status":"publish","type":"page","link":"https:\/\/muvu.tech\/es\/preguntas-frecuentes\/","title":{"rendered":"PREGUNTAS FRECUENTES"},"content":{"rendered":"<div class=\"wpb-content-wrapper\"><p>[vc_row css=&#8221;.vc_custom_1652826273981{padding-bottom: 80px !important;}&#8221;][vc_column][rev_slider_vc alias=&#8221;about-12&#8243;][\/vc_column][\/vc_row][vc_row full_width=&#8221;stretch_row&#8221;][vc_column]<header class=\"kd-section-title col-lg-12 text-center  kd-animated fadeIn  \" data-animation-delay=200><h2 class=\"separator_off\" style=\"color: #1f3562;\">Preguntas m\u00e1s frecuentes<\/h2><\/header><header class=\"kd-section-title col-lg-12 text-center    \" ><h4 class=\"separator_off\" style=\"color: #1f3562;\">Explora las respuestas a las preguntas m\u00e1s frecuentes sobre Railes MES<\/h4><\/header>[\/vc_column][\/vc_row][vc_row full_width=&#8221;stretch_row&#8221;][vc_column css=&#8221;.vc_custom_1515752113308{padding-right: 0px !important;padding-left: 0px !important;}&#8221;][vc_row_inner css=&#8221;.vc_custom_1515146911247{padding-top: 100px !important;padding-bottom: 100px !important;}&#8221;][vc_column_inner width=&#8221;2\/3&#8243; css=&#8221;.vc_custom_1541160105116{padding-right: 45px !important;}&#8221; offset=&#8221;vc_col-lg-8 vc_col-md-8&#8243;][vc_toggle title=&#8221;\u00bfPor qu\u00e9 elegir las soluciones Railes MES?&#8221; css_animation=&#8221;none&#8221; el_class=&#8221;sales&#8221;]Railes MES ofrece las funciones de sistema de ejecuci\u00f3n de fabricaci\u00f3n m\u00e1s completas del mercado.<br \/>\nHace que tus operaciones se realicen sin papel y de forma automatizada, permitiendo una mejor planificaci\u00f3n y gesti\u00f3n mediante cuadros de mando visuales.<br \/>\nPara las empresas de fabricaci\u00f3n que quieren aumentar la eficacia de la producci\u00f3n, es esencial implantar Railes MES.[\/vc_toggle][vc_toggle title=&#8221;\u00bfQu\u00e9 es un Sistema de Ejecuci\u00f3n de Fabricaci\u00f3n (MES)?&#8221; el_class=&#8221;web-developer&#8221;]Un Sistema de Ejecuci\u00f3n de Fabricaci\u00f3n (MES) es una soluci\u00f3n de software utilizada en la fabricaci\u00f3n para gestionar y supervisar los procesos de producci\u00f3n en el taller.<br \/>\nProporciona visibilidad, control y seguimiento en tiempo real de las operaciones de fabricaci\u00f3n, desde la programaci\u00f3n de pedidos hasta la finalizaci\u00f3n del producto. <strong>M\u00e1s informaci\u00f3n <a href=\"https:\/\/muvu.tech\/es\/que-es-un-mes-sistema-de-ejecucion-de-fabricacion\/\">aqu\u00ed<\/a>.<\/strong>[\/vc_toggle][vc_toggle title=&#8221;\u00bfCu\u00e1les son las principales ventajas de implantar un MES?&#8221; css_animation=&#8221;none&#8221; el_class=&#8221;sales&#8221;]Implantar un MES ofrece varias ventajas, entre ellas  <\/p>\n<ul>\n<li>Mejora la eficacia operativa y la productividad;<\/li>\n<li>Mayor calidad y consistencia del producto;<\/li>\n<li>Supervisi\u00f3n e informes en tiempo real de las m\u00e9tricas de producci\u00f3n;<\/li>\n<li>Gesti\u00f3n racionalizada del flujo de trabajo y utilizaci\u00f3n de los recursos;<\/li>\n<li>Mejor cumplimiento de los requisitos y normas reglamentarias.<\/li>\n<\/ul>\n<p>[\/vc_toggle][vc_toggle title=&#8221;\u00bfCu\u00e1l es el impacto de un Railes MES en la calidad del producto?&#8221; el_class=&#8221;web-developer&#8221;]Railes MES desempe\u00f1a un papel fundamental en la mejora de la calidad de los productos al proporcionar supervisi\u00f3n y control en tiempo real de los procesos de producci\u00f3n.<br \/>\nAyuda a identificar y abordar r\u00e1pidamente los problemas de calidad, garantiza el cumplimiento de las normas y especificaciones de calidad, y facilita la iniciativa de mejora continua a trav\u00e9s de conocimientos y an\u00e1lisis basados en datos. <strong>M\u00e1s informaci\u00f3n <a href=\"https:\/\/muvu.tech\/es\/que-indicadores-debes-tener-en-cuenta-para-mejorar-la-calidad-de-tus-productos\/\">aqu\u00ed.<\/a><\/strong>[\/vc_toggle][vc_toggle title=&#8221;\u00bfC\u00f3mo se integra Railes MES con otros sistemas de software?&#8221; css_animation=&#8221;none&#8221; el_class=&#8221;sales&#8221;]Railes MES se integra perfectamente con otro software, como la Planificaci\u00f3n de Recursos Empresariales (ERP), la Gesti\u00f3n del Ciclo de Vida del Producto (PLM) y la Gesti\u00f3n de la Cadena de Suministro (SCM), mediante interfaces y protocolos estandarizados.<br \/>\nEsta integraci\u00f3n garantiza la coherencia de los datos y permite una visibilidad y colaboraci\u00f3n interfuncionales en toda la empresa de fabricaci\u00f3n.[\/vc_toggle][vc_toggle title=&#8221;\u00bfC\u00f3mo puede un Railes MES ayudar a reducir los costes de producci\u00f3n?&#8221; el_class=&#8221;full-stack-developer&#8221; el_id=&#8221;hide&#8221;]<span style=\"font-family: 'Arial',sans-serif; color: #0d0d0d; background: white;\">Railes MES ayuda a reducir los costes de producci\u00f3n optimizando la utilizaci\u00f3n de los recursos, minimizando los residuos y mejorando la eficacia operativa general.<br \/>\nPermite una mejor planificaci\u00f3n y programaci\u00f3n de las actividades de producci\u00f3n, reduce el tiempo de inactividad mediante el mantenimiento proactivo y la resoluci\u00f3n de problemas, y optimiza la gesti\u00f3n del inventario para minimizar los costes de mantenimiento. <\/span>[\/vc_toggle][vc_toggle title=&#8221;\u00bfEs un Railes MES adecuado para todo tipo de industrias?&#8221; el_class=&#8221;web-developer&#8221;]Las soluciones Railes MES se utilizan ampliamente en diversos sectores, pero su idoneidad depende de factores como la complejidad de los procesos de fabricaci\u00f3n, los requisitos normativos y las necesidades empresariales espec\u00edficas.<br \/>\nEn general, MES es m\u00e1s beneficioso para las industrias con fabricaci\u00f3n discreta o por procesos, como la automovil\u00edstica, la farmac\u00e9utica y la aeroespacial.[\/vc_toggle][vc_toggle title=&#8221;\u00bfCu\u00e1les son los pasos iniciales para empezar a implantar Railes MES?&#8221; css_animation=&#8221;none&#8221; el_class=&#8221;sales&#8221;]Para empezar a implantar Railes MES, los pasos iniciales suelen consistir en:  <\/p>\n<ol>\n<li>Evaluar tus procesos de fabricaci\u00f3n actuales e identificar \u00e1reas de mejora.<\/li>\n<li>Planificar el proceso de aplicaci\u00f3n, incluyendo el establecimiento de objetivos, plazos y asignaci\u00f3n de recursos.<\/li>\n<li>Formar a tu equipo en el sistema Railes MES y prepararlo para la transici\u00f3n (nuestro software es f\u00e1cil de usar y de aprender).<\/li>\n<li>Ampliar gradualmente la implantaci\u00f3n a otras \u00e1reas de tus operaciones de fabricaci\u00f3n.<\/li>\n<\/ol>\n<p>  Estos pasos pueden variar en funci\u00f3n de tu sector espec\u00edfico, el tama\u00f1o de la empresa y la infraestructura existente.[\/vc_toggle][vc_toggle title=&#8221;\u00bfC\u00f3mo elegir el mejor sistema MES?&#8221; el_class=&#8221;web-developer&#8221;]Elegir el mejor sistema MES implica evaluar factores como la funcionalidad, la escalabilidad, la facilidad de integraci\u00f3n, la reputaci\u00f3n del proveedor y el coste total de propiedad.<br \/>\nEs esencial investigar a fondo, evaluar los distintos proveedores y soluciones, y priorizar los requisitos en funci\u00f3n de los objetivos empresariales.<br \/>\nAdem\u00e1s, buscar recomendaciones de colegas del sector y consultar a expertos en MES puede ayudar a tomar una decisi\u00f3n informada.[\/vc_toggle][\/vc_column_inner][vc_column_inner width=&#8221;1\/3&#8243; offset=&#8221;vc_col-lg-4 vc_col-md-4&#8243;][vc_empty_space height=&#8221;64px&#8221;]<header class=\"kd-section-title col-lg-12 text-left  kd-animated fadeIn  \" data-animation-delay=200><h2 class=\"separator_off\" style=\"color: #1f3562;font-size: 24px;line-height: 28px;\">Para saber m\u00e1s sobre Railes MES y c\u00f3mo puede revolucionar tus operaciones, ponte en contacto con nosotros.<\/h2><\/header><a  href=\"https:\/\/muvu.tech\/contacts\/\"  target=\"_self\"  title=\"Contactos\" class=\"tt_button tt_primary_button btn_primary_color  button-center button-action-link  kd-animated zoomIn\" data-animation-delay=200><span class=\"prim_text\">CONT\u00c1CTANOS<\/span><\/a>[vc_empty_space][\/vc_column_inner][\/vc_row_inner][\/vc_column][\/vc_row][vc_row disable_element=&#8221;yes&#8221;][vc_column]<header class=\"kd-section-title col-lg-12 text-center    \" ><h2 class=\"separator_off\" style=\"color: #1f3562;\">\u00bfTienes curiosidad sobre Railes MES?<\/h2><\/header><a  href=\"https:\/\/muvu.tech\/contacts\/\"  target=\"_self\"  title=\"Contactos\" class=\"tt_button tt_primary_button btn_primary_color  button-center button-action-link\" ><span class=\"prim_text\">SABER M\u00c1S<\/span><\/a>[vc_empty_space][\/vc_column][\/vc_row][vc_row][vc_column][vc_empty_space height=&#8221;15px&#8221;][\/vc_column][\/vc_row]<\/p>\n<\/div>","protected":false},"excerpt":{"rendered":"<p>[vc_row css=&#8221;.vc_custom_1652826273981{padding-bottom: 80px !important;}&#8221;][vc_column][rev_slider_vc alias=&#8221;about-12&#8243;][\/vc_column][\/vc_row][vc_row full_width=&#8221;stretch_row&#8221;][vc_column][\/vc_column][\/vc_row][vc_row full_width=&#8221;stretch_row&#8221;][vc_column css=&#8221;.vc_custom_1515752113308{padding-right: 0px !important;padding-left: 0px !important;}&#8221;][vc_row_inner css=&#8221;.vc_custom_1515146911247{padding-top: 100px !important;padding-bottom: [&hellip;]<\/p>\n","protected":false},"author":3,"featured_media":0,"parent":0,"menu_order":0,"comment_status":"closed","ping_status":"closed","template":"","meta":{"inline_featured_image":false,"footnotes":""},"class_list":["post-10914","page","type-page","status-publish","hentry"],"yoast_head":"<!-- This site is optimized with the Yoast SEO plugin v27.4 - https:\/\/yoast.com\/product\/yoast-seo-wordpress\/ -->\n<title>PREGUNTAS FRECUENTES - Muvu Technologies - Railes MES<\/title>\n<meta name=\"description\" content=\"Explora las respuestas a las preguntas m\u00e1s frecuentes sobre Railes MES. Conoce las aplicaciones pr\u00e1cticas de Railes en la industria manufacturera y descubre las ventajas de implantar Railes MES en tu empresa.\" \/>\n<meta name=\"robots\" content=\"index, follow, max-snippet:-1, max-image-preview:large, max-video-preview:-1\" \/>\n<link rel=\"canonical\" href=\"https:\/\/muvu.tech\/es\/preguntas-frecuentes\/\" \/>\n<meta property=\"og:locale\" content=\"es_ES\" \/>\n<meta property=\"og:type\" content=\"article\" \/>\n<meta property=\"og:title\" content=\"PREGUNTAS FRECUENTES - Muvu Technologies - Railes MES\" \/>\n<meta property=\"og:description\" content=\"Explora las respuestas a las preguntas m\u00e1s frecuentes sobre Railes MES. Conoce las aplicaciones pr\u00e1cticas de Railes en la industria manufacturera y descubre las ventajas de implantar Railes MES en tu empresa.\" \/>\n<meta property=\"og:url\" content=\"https:\/\/muvu.tech\/es\/preguntas-frecuentes\/\" \/>\n<meta property=\"og:site_name\" content=\"Muvu Technologies - Railes MES\" \/>\n<meta property=\"article:publisher\" content=\"https:\/\/www.facebook.com\/muvutechnologies\" \/>\n<meta property=\"article:modified_time\" content=\"2024-11-19T10:05:55+00:00\" \/>\n<meta name=\"twitter:card\" content=\"summary_large_image\" \/>\n<meta name=\"twitter:site\" content=\"@muvutech\" \/>\n<meta name=\"twitter:label1\" content=\"Tiempo de lectura\" \/>\n\t<meta name=\"twitter:data1\" content=\"6 minutos\" \/>\n<script type=\"application\/ld+json\" class=\"yoast-schema-graph\">{\"@context\":\"https:\\\/\\\/schema.org\",\"@graph\":[{\"@type\":\"WebPage\",\"@id\":\"https:\\\/\\\/muvu.tech\\\/es\\\/preguntas-frecuentes\\\/\",\"url\":\"https:\\\/\\\/muvu.tech\\\/es\\\/preguntas-frecuentes\\\/\",\"name\":\"PREGUNTAS FRECUENTES - Muvu Technologies - Railes MES\",\"isPartOf\":{\"@id\":\"https:\\\/\\\/muvu.tech\\\/es\\\/#website\"},\"datePublished\":\"2024-04-15T13:17:18+00:00\",\"dateModified\":\"2024-11-19T10:05:55+00:00\",\"description\":\"Explora las respuestas a las preguntas m\u00e1s frecuentes sobre Railes MES. Conoce las aplicaciones pr\u00e1cticas de Railes en la industria manufacturera y descubre las ventajas de implantar Railes MES en tu empresa.\",\"breadcrumb\":{\"@id\":\"https:\\\/\\\/muvu.tech\\\/es\\\/preguntas-frecuentes\\\/#breadcrumb\"},\"inLanguage\":\"es\",\"potentialAction\":[{\"@type\":\"ReadAction\",\"target\":[\"https:\\\/\\\/muvu.tech\\\/es\\\/preguntas-frecuentes\\\/\"]}]},{\"@type\":\"BreadcrumbList\",\"@id\":\"https:\\\/\\\/muvu.tech\\\/es\\\/preguntas-frecuentes\\\/#breadcrumb\",\"itemListElement\":[{\"@type\":\"ListItem\",\"position\":1,\"name\":\"Home\",\"item\":\"https:\\\/\\\/muvu.tech\\\/es\\\/\"},{\"@type\":\"ListItem\",\"position\":2,\"name\":\"PREGUNTAS FRECUENTES\"}]},{\"@type\":\"WebSite\",\"@id\":\"https:\\\/\\\/muvu.tech\\\/es\\\/#website\",\"url\":\"https:\\\/\\\/muvu.tech\\\/es\\\/\",\"name\":\"Muvu Technologies - Railes MES\",\"description\":\"Empowering Industries with Muvu Technologies: Unleash the Potential of Railes MES for Optimal Efficiency and Quality.\",\"publisher\":{\"@id\":\"https:\\\/\\\/muvu.tech\\\/es\\\/#organization\"},\"potentialAction\":[{\"@type\":\"SearchAction\",\"target\":{\"@type\":\"EntryPoint\",\"urlTemplate\":\"https:\\\/\\\/muvu.tech\\\/es\\\/?s={search_term_string}\"},\"query-input\":{\"@type\":\"PropertyValueSpecification\",\"valueRequired\":true,\"valueName\":\"search_term_string\"}}],\"inLanguage\":\"es\"},{\"@type\":\"Organization\",\"@id\":\"https:\\\/\\\/muvu.tech\\\/es\\\/#organization\",\"name\":\"MUVU Technologies\",\"alternateName\":\"Railes MES\",\"url\":\"https:\\\/\\\/muvu.tech\\\/es\\\/\",\"logo\":{\"@type\":\"ImageObject\",\"inLanguage\":\"es\",\"@id\":\"https:\\\/\\\/muvu.tech\\\/es\\\/#\\\/schema\\\/logo\\\/image\\\/\",\"url\":\"https:\\\/\\\/muvu.tech\\\/wp-content\\\/uploads\\\/2022\\\/05\\\/muvu-logo-colour.svg\",\"contentUrl\":\"https:\\\/\\\/muvu.tech\\\/wp-content\\\/uploads\\\/2022\\\/05\\\/muvu-logo-colour.svg\",\"width\":1,\"height\":1,\"caption\":\"MUVU Technologies\"},\"image\":{\"@id\":\"https:\\\/\\\/muvu.tech\\\/es\\\/#\\\/schema\\\/logo\\\/image\\\/\"},\"sameAs\":[\"https:\\\/\\\/www.facebook.com\\\/muvutechnologies\",\"https:\\\/\\\/x.com\\\/muvutech\",\"https:\\\/\\\/www.instagram.com\\\/muvu.tech\\\/\",\"https:\\\/\\\/www.linkedin.com\\\/company\\\/muvutechnologies\\\/\"]}]}<\/script>\n<!-- \/ Yoast SEO plugin. -->","yoast_head_json":{"title":"PREGUNTAS FRECUENTES - Muvu Technologies - Railes MES","description":"Explora las respuestas a las preguntas m\u00e1s frecuentes sobre Railes MES. Conoce las aplicaciones pr\u00e1cticas de Railes en la industria manufacturera y descubre las ventajas de implantar Railes MES en tu empresa.","robots":{"index":"index","follow":"follow","max-snippet":"max-snippet:-1","max-image-preview":"max-image-preview:large","max-video-preview":"max-video-preview:-1"},"canonical":"https:\/\/muvu.tech\/es\/preguntas-frecuentes\/","og_locale":"es_ES","og_type":"article","og_title":"PREGUNTAS FRECUENTES - Muvu Technologies - Railes MES","og_description":"Explora las respuestas a las preguntas m\u00e1s frecuentes sobre Railes MES. Conoce las aplicaciones pr\u00e1cticas de Railes en la industria manufacturera y descubre las ventajas de implantar Railes MES en tu empresa.","og_url":"https:\/\/muvu.tech\/es\/preguntas-frecuentes\/","og_site_name":"Muvu Technologies - Railes MES","article_publisher":"https:\/\/www.facebook.com\/muvutechnologies","article_modified_time":"2024-11-19T10:05:55+00:00","twitter_card":"summary_large_image","twitter_site":"@muvutech","twitter_misc":{"Tiempo de lectura":"6 minutos"},"schema":{"@context":"https:\/\/schema.org","@graph":[{"@type":"WebPage","@id":"https:\/\/muvu.tech\/es\/preguntas-frecuentes\/","url":"https:\/\/muvu.tech\/es\/preguntas-frecuentes\/","name":"PREGUNTAS FRECUENTES - Muvu Technologies - Railes MES","isPartOf":{"@id":"https:\/\/muvu.tech\/es\/#website"},"datePublished":"2024-04-15T13:17:18+00:00","dateModified":"2024-11-19T10:05:55+00:00","description":"Explora las respuestas a las preguntas m\u00e1s frecuentes sobre Railes MES. Conoce las aplicaciones pr\u00e1cticas de Railes en la industria manufacturera y descubre las ventajas de implantar Railes MES en tu empresa.","breadcrumb":{"@id":"https:\/\/muvu.tech\/es\/preguntas-frecuentes\/#breadcrumb"},"inLanguage":"es","potentialAction":[{"@type":"ReadAction","target":["https:\/\/muvu.tech\/es\/preguntas-frecuentes\/"]}]},{"@type":"BreadcrumbList","@id":"https:\/\/muvu.tech\/es\/preguntas-frecuentes\/#breadcrumb","itemListElement":[{"@type":"ListItem","position":1,"name":"Home","item":"https:\/\/muvu.tech\/es\/"},{"@type":"ListItem","position":2,"name":"PREGUNTAS FRECUENTES"}]},{"@type":"WebSite","@id":"https:\/\/muvu.tech\/es\/#website","url":"https:\/\/muvu.tech\/es\/","name":"Muvu Technologies - Railes MES","description":"Empowering Industries with Muvu Technologies: Unleash the Potential of Railes MES for Optimal Efficiency and Quality.","publisher":{"@id":"https:\/\/muvu.tech\/es\/#organization"},"potentialAction":[{"@type":"SearchAction","target":{"@type":"EntryPoint","urlTemplate":"https:\/\/muvu.tech\/es\/?s={search_term_string}"},"query-input":{"@type":"PropertyValueSpecification","valueRequired":true,"valueName":"search_term_string"}}],"inLanguage":"es"},{"@type":"Organization","@id":"https:\/\/muvu.tech\/es\/#organization","name":"MUVU Technologies","alternateName":"Railes MES","url":"https:\/\/muvu.tech\/es\/","logo":{"@type":"ImageObject","inLanguage":"es","@id":"https:\/\/muvu.tech\/es\/#\/schema\/logo\/image\/","url":"https:\/\/muvu.tech\/wp-content\/uploads\/2022\/05\/muvu-logo-colour.svg","contentUrl":"https:\/\/muvu.tech\/wp-content\/uploads\/2022\/05\/muvu-logo-colour.svg","width":1,"height":1,"caption":"MUVU Technologies"},"image":{"@id":"https:\/\/muvu.tech\/es\/#\/schema\/logo\/image\/"},"sameAs":["https:\/\/www.facebook.com\/muvutechnologies","https:\/\/x.com\/muvutech","https:\/\/www.instagram.com\/muvu.tech\/","https:\/\/www.linkedin.com\/company\/muvutechnologies\/"]}]}},"_links":{"self":[{"href":"https:\/\/muvu.tech\/es\/wp-json\/wp\/v2\/pages\/10914","targetHints":{"allow":["GET"]}}],"collection":[{"href":"https:\/\/muvu.tech\/es\/wp-json\/wp\/v2\/pages"}],"about":[{"href":"https:\/\/muvu.tech\/es\/wp-json\/wp\/v2\/types\/page"}],"author":[{"embeddable":true,"href":"https:\/\/muvu.tech\/es\/wp-json\/wp\/v2\/users\/3"}],"replies":[{"embeddable":true,"href":"https:\/\/muvu.tech\/es\/wp-json\/wp\/v2\/comments?post=10914"}],"version-history":[{"count":0,"href":"https:\/\/muvu.tech\/es\/wp-json\/wp\/v2\/pages\/10914\/revisions"}],"wp:attachment":[{"href":"https:\/\/muvu.tech\/es\/wp-json\/wp\/v2\/media?parent=10914"}],"curies":[{"name":"wp","href":"https:\/\/api.w.org\/{rel}","templated":true}]}}