{"id":10894,"date":"2024-04-29T11:46:09","date_gmt":"2024-04-29T11:46:09","guid":{"rendered":"https:\/\/muvu.tech\/industrias\/fabricacion-aeroespacial-y-de-defensa\/"},"modified":"2024-08-23T14:17:57","modified_gmt":"2024-08-23T14:17:57","slug":"fabricacion-aeroespacial-y-de-defensa","status":"publish","type":"page","link":"https:\/\/muvu.tech\/es\/industrias\/fabricacion-aeroespacial-y-de-defensa\/","title":{"rendered":"Fabricaci\u00f3n aeroespacial y de defensa"},"content":{"rendered":"<div class=\"wpb-content-wrapper\"><p>[vc_row css=&#8221;.vc_custom_1652826273981{padding-bottom: 80px !important;}&#8221;][vc_column][rev_slider_vc alias=&#8221;automotive-manufacturing-1&#8243;][\/vc_column][\/vc_row][vc_row full_width=&#8221;stretch_row&#8221;][vc_column][vc_empty_space]<header class=\"kd-section-title col-lg-12 text-center  kd-animated fadeIn  \" data-animation-delay=200><h2 class=\"separator_off\" style=\"color: #1f3562;\">En la industria aeroespacial y de defensa, la precisi\u00f3n y el cumplimiento son primordiales<\/h2><\/header>[vc_column_text]Nuestro Railes MES es clave para la integraci\u00f3n vertical en la fabricaci\u00f3n aeroespacial, ofreciendo datos accesibles desde el taller hasta la planta superior. Los cuadros de mando en tiempo real permiten a supervisores, directores de operaciones, responsables de calidad y ejecutivos disponer de inteligencia procesable, lo que garantiza una toma de decisiones informada en todos los niveles de la organizaci\u00f3n. Con Railes MES, los fabricantes del sector aeroespacial pueden cumplir las estrictas tolerancias de ingenier\u00eda y los requisitos normativos establecidos por los organismos reguladores, protegi\u00e9ndose de las sanciones econ\u00f3micas y garantizando la seguridad de los pilotos, la tripulaci\u00f3n y los pasajeros. Libera todo el potencial de tus operaciones de fabricaci\u00f3n aeroespacial con Railes MES.[\/vc_column_text][\/vc_column][\/vc_row][vc_row full_width=&#8221;stretch_row&#8221;][vc_column]<header class=\"kd-section-title col-lg-12 text-center  kd-animated fadeIn  \" data-animation-delay=200><h2 class=\"separator_off\" style=\"color: #1f3562;\">C\u00f3mo podemos ayudar a que tu empresa de fabricaci\u00f3n aeroespacial y de defensa funcione mejor<\/h2><\/header>[vc_row_inner][vc_column_inner width=&#8221;1\/2&#8243;]<div class=\"kd-photobox  \" ><div class=\"photobox-img\"><\/div><div class=\"phb-content text-left no-image\" >\n                  <h5 style=\"color: #1f3562;\">Cumplimiento de las normas de aviaci\u00f3n<\/h5>\n                  <p >Railes MES ayuda a cumplir estas normas garantizando un registro detallado para las auditor\u00edas, rastreando todas las piezas y validando los procesos de fabricaci\u00f3n.<\/p><\/div><\/div><div class=\"kd-photobox  \" ><div class=\"photobox-img\"><\/div><div class=\"phb-content text-left no-image\" >\n                  <h5 style=\"color: #1f3562;\">Seguridad y control de acceso mejorados<\/h5>\n                  <p >Railes MES aplica estrictas medidas de seguridad debido a la sensibilidad de los datos aeroespaciales.<br \/>\nIncluye funciones como el acceso basado en funciones, la encriptaci\u00f3n de datos y auditor\u00edas de seguridad para proteger la informaci\u00f3n y cumplir las normas nacionales e internacionales. <\/p><\/div><\/div><div class=\"kd-photobox  \" ><div class=\"photobox-img\"><\/div><div class=\"phb-content text-left no-image\" >\n                  <h5 style=\"color: #1f3562;\">Manipulaci\u00f3n de materiales ligeros y trazabilidad<\/h5>\n                  <p >Railes MES gestiona los materiales desde la recepci\u00f3n hasta el montaje, garantizando la calidad y el cumplimiento de estrictas especificaciones.<\/p><\/div><\/div>[\/vc_column_inner][vc_column_inner width=&#8221;1\/2&#8243;][vc_single_image image=&#8221;8731&#8243; img_size=&#8221;500&#215;590&#8243; css_animation=&#8221;top-to-bottom&#8221;][\/vc_column_inner][\/vc_row_inner][\/vc_column][\/vc_row][vc_row full_width=&#8221;stretch_row&#8221;][vc_column][vc_empty_space]<header class=\"kd-section-title col-lg-12 text-center    \" ><h2 class=\"separator_off\" style=\"color: #1f3562;\">\u00danete a las principales empresas manufactureras que trabajan con nosotros<\/h2><\/header><div class=\"slider clients grayscale-effect kd-client-69e8e2d02f0fe black-navigation \"><div class=\"clients-content \" ><img decoding=\"async\" width=\"301\" height=\"101\" data-src=\"https:\/\/muvu.tech\/wp-content\/uploads\/2022\/05\/silampos.webp\" class=\"attachment-full lazyload\" alt=\"\" title=\"silampos\" src=\"data:image\/svg+xml;base64,PHN2ZyB3aWR0aD0iMSIgaGVpZ2h0PSIxIiB4bWxucz0iaHR0cDovL3d3dy53My5vcmcvMjAwMC9zdmciPjwvc3ZnPg==\" style=\"--smush-placeholder-width: 301px; --smush-placeholder-aspect-ratio: 301\/101;\" \/><\/div><div class=\"clients-content \" ><img decoding=\"async\" width=\"301\" height=\"101\" data-src=\"https:\/\/muvu.tech\/wp-content\/uploads\/2022\/05\/sitecna.webp\" class=\"attachment-full lazyload\" alt=\"\" title=\"sitecna\" src=\"data:image\/svg+xml;base64,PHN2ZyB3aWR0aD0iMSIgaGVpZ2h0PSIxIiB4bWxucz0iaHR0cDovL3d3dy53My5vcmcvMjAwMC9zdmciPjwvc3ZnPg==\" style=\"--smush-placeholder-width: 301px; --smush-placeholder-aspect-ratio: 301\/101;\" \/><\/div><div class=\"clients-content \" ><img decoding=\"async\" width=\"301\" height=\"101\" data-src=\"https:\/\/muvu.tech\/wp-content\/uploads\/2022\/05\/pfizer.webp\" class=\"attachment-full lazyload\" alt=\"\" title=\"pfizer\" src=\"data:image\/svg+xml;base64,PHN2ZyB3aWR0aD0iMSIgaGVpZ2h0PSIxIiB4bWxucz0iaHR0cDovL3d3dy53My5vcmcvMjAwMC9zdmciPjwvc3ZnPg==\" style=\"--smush-placeholder-width: 301px; --smush-placeholder-aspect-ratio: 301\/101;\" \/><\/div><div class=\"clients-content \" ><img decoding=\"async\" width=\"301\" height=\"101\" data-src=\"https:\/\/muvu.tech\/wp-content\/uploads\/2022\/05\/quality.webp\" class=\"attachment-full lazyload\" alt=\"\" title=\"quality\" src=\"data:image\/svg+xml;base64,PHN2ZyB3aWR0aD0iMSIgaGVpZ2h0PSIxIiB4bWxucz0iaHR0cDovL3d3dy53My5vcmcvMjAwMC9zdmciPjwvc3ZnPg==\" style=\"--smush-placeholder-width: 301px; --smush-placeholder-aspect-ratio: 301\/101;\" \/><\/div><div class=\"clients-content \" ><img decoding=\"async\" width=\"301\" height=\"101\" data-src=\"https:\/\/muvu.tech\/wp-content\/uploads\/2022\/05\/ribamaior.webp\" class=\"attachment-full lazyload\" alt=\"\" title=\"ribamaior\" src=\"data:image\/svg+xml;base64,PHN2ZyB3aWR0aD0iMSIgaGVpZ2h0PSIxIiB4bWxucz0iaHR0cDovL3d3dy53My5vcmcvMjAwMC9zdmciPjwvc3ZnPg==\" style=\"--smush-placeholder-width: 301px; --smush-placeholder-aspect-ratio: 301\/101;\" \/><\/div><div class=\"clients-content \" ><img decoding=\"async\" width=\"301\" height=\"101\" data-src=\"https:\/\/muvu.tech\/wp-content\/uploads\/2022\/05\/aci.webp\" class=\"attachment-full lazyload\" alt=\"\" title=\"aci\" src=\"data:image\/svg+xml;base64,PHN2ZyB3aWR0aD0iMSIgaGVpZ2h0PSIxIiB4bWxucz0iaHR0cDovL3d3dy53My5vcmcvMjAwMC9zdmciPjwvc3ZnPg==\" style=\"--smush-placeholder-width: 301px; --smush-placeholder-aspect-ratio: 301\/101;\" \/><\/div><div class=\"clients-content \" ><img decoding=\"async\" width=\"301\" height=\"101\" data-src=\"https:\/\/muvu.tech\/wp-content\/uploads\/2022\/05\/generis.webp\" class=\"attachment-full lazyload\" alt=\"\" title=\"Generis\" src=\"data:image\/svg+xml;base64,PHN2ZyB3aWR0aD0iMSIgaGVpZ2h0PSIxIiB4bWxucz0iaHR0cDovL3d3dy53My5vcmcvMjAwMC9zdmciPjwvc3ZnPg==\" style=\"--smush-placeholder-width: 301px; --smush-placeholder-aspect-ratio: 301\/101;\" \/><\/div><div class=\"clients-content \" ><img decoding=\"async\" width=\"1920\" height=\"1080\" data-src=\"https:\/\/muvu.tech\/wp-content\/uploads\/2024\/07\/3-1.png\" class=\"attachment-full lazyload\" alt=\"\" title=\"3\" data-srcset=\"https:\/\/muvu.tech\/wp-content\/uploads\/2024\/07\/3-1.png 1920w, https:\/\/muvu.tech\/wp-content\/uploads\/2024\/07\/3-1-300x169.png 300w, https:\/\/muvu.tech\/wp-content\/uploads\/2024\/07\/3-1-1024x576.png 1024w, https:\/\/muvu.tech\/wp-content\/uploads\/2024\/07\/3-1-768x432.png 768w, https:\/\/muvu.tech\/wp-content\/uploads\/2024\/07\/3-1-1536x864.png 1536w\" data-sizes=\"(max-width: 1920px) 100vw, 1920px\" src=\"data:image\/svg+xml;base64,PHN2ZyB3aWR0aD0iMSIgaGVpZ2h0PSIxIiB4bWxucz0iaHR0cDovL3d3dy53My5vcmcvMjAwMC9zdmciPjwvc3ZnPg==\" style=\"--smush-placeholder-width: 1920px; --smush-placeholder-aspect-ratio: 1920\/1080;\" \/><\/div><div class=\"clients-content \" ><img decoding=\"async\" width=\"1920\" height=\"1080\" data-src=\"https:\/\/muvu.tech\/wp-content\/uploads\/2024\/07\/2.png\" class=\"attachment-full lazyload\" alt=\"\" title=\"2\" data-srcset=\"https:\/\/muvu.tech\/wp-content\/uploads\/2024\/07\/2.png 1920w, https:\/\/muvu.tech\/wp-content\/uploads\/2024\/07\/2-300x169.png 300w, https:\/\/muvu.tech\/wp-content\/uploads\/2024\/07\/2-1024x576.png 1024w, https:\/\/muvu.tech\/wp-content\/uploads\/2024\/07\/2-768x432.png 768w, https:\/\/muvu.tech\/wp-content\/uploads\/2024\/07\/2-1536x864.png 1536w\" data-sizes=\"(max-width: 1920px) 100vw, 1920px\" src=\"data:image\/svg+xml;base64,PHN2ZyB3aWR0aD0iMSIgaGVpZ2h0PSIxIiB4bWxucz0iaHR0cDovL3d3dy53My5vcmcvMjAwMC9zdmciPjwvc3ZnPg==\" style=\"--smush-placeholder-width: 1920px; --smush-placeholder-aspect-ratio: 1920\/1080;\" \/><\/div><div class=\"clients-content \" ><\/div><div class=\"clients-content \" ><img decoding=\"async\" width=\"340\" height=\"200\" data-src=\"https:\/\/muvu.tech\/wp-content\/uploads\/2024\/03\/Design-sem-nome-29.png\" class=\"attachment-full lazyload\" alt=\"\" title=\"Cal\u00e7ada\" data-srcset=\"https:\/\/muvu.tech\/wp-content\/uploads\/2024\/03\/Design-sem-nome-29.png 340w, https:\/\/muvu.tech\/wp-content\/uploads\/2024\/03\/Design-sem-nome-29-300x176.png 300w\" data-sizes=\"(max-width: 340px) 100vw, 340px\" src=\"data:image\/svg+xml;base64,PHN2ZyB3aWR0aD0iMSIgaGVpZ2h0PSIxIiB4bWxucz0iaHR0cDovL3d3dy53My5vcmcvMjAwMC9zdmciPjwvc3ZnPg==\" style=\"--smush-placeholder-width: 340px; --smush-placeholder-aspect-ratio: 340\/200;\" \/><\/div><\/div><script type=\"text\/javascript\">\r\n              jQuery(document).ready(function($){\r\n                if ($(\".slider.clients.kd-client-69e8e2d02f0fe\").length) {\r\n                  $(\".slider.clients.kd-client-69e8e2d02f0fe\").owlCarousel({\r\n                    stageClass: \"owl-wrapper\",\r\n                    stageOuterClass: \"owl-wrapper-outer\",\r\n                    loadedClass: \"owl-carousel\",\r\n                    responsiveClass:true,responsive:{\r\n                      0:{\r\n                          items:1,nav: true,\r\n                            navSpeed: 500,\r\n                            dots: false,},\r\n                      480:{\r\n                          items:3,nav: true,\r\n                            navSpeed: 500,\r\n                            dots: false,},\r\n                      960:{\r\n                          items:5,nav: true,\r\n                              navSpeed: 500,\r\n                              dots: false,}\r\n                    },loop: true,autoplay: true,autoplayTimeout: 10000,\r\n                  });\r\n                }\r\n              });\r\n            <\/script>[\/vc_column][\/vc_row][vc_row full_width=&#8221;stretch_row&#8221; css=&#8221;.vc_custom_1539594596470{padding-top: 100px !important;padding-bottom: 100px !important;}&#8221;][vc_column css=&#8221;.vc_custom_1541520247262{padding-top: 100px !important;padding-right: 90px !important;}&#8221; offset=&#8221;vc_col-lg-5 vc_col-md-5&#8243;][vc_row_inner][vc_column_inner css=&#8221;.vc_custom_1541520230301{padding-left: 0px !important;}&#8221;]<header class=\"kd-section-title col-lg-12 text-center  kd-animated fadeIn  \" data-animation-delay=200><h2 class=\"separator_off\" style=\"color: #1f3562;\">Descubre por qu\u00e9 Railes MES es la opci\u00f3n ideal para tu empresa<\/h2><\/header>[vc_empty_space height=&#8221;15px&#8221;]<a  href=\"https:\/\/muvu.tech\/es\/?page_id=10806\"  target=\"_self\"  title=\"Programa una demostraci\u00f3n\" class=\"tt_button tt_primary_button btn_primary_color  button-center button-action-link  kd-animated zoomIn\" data-animation-delay=200><span class=\"prim_text\">Programa una demostraci\u00f3n<\/span><\/a>[\/vc_column_inner][\/vc_row_inner][\/vc_column][vc_column offset=&#8221;vc_col-lg-7 vc_col-md-7&#8243;][vc_row_inner][vc_column_inner width=&#8221;1\/2&#8243; css=&#8221;.vc_custom_1539594103027{padding-right: 0px !important;padding-left: 0px !important;}&#8221;]<div class=\"key-icon-box icon-default icon-top cont-left ib-hover-1  kd-animated fadeInUp\" style=\"background-color: transparent;\" data-animation-delay=200><div class=\"ib-wrapper\"><i class=\"fas fa-link\" style=\" \"><\/i> <h5 class=\"service-heading\" style=\"color: #1f3562;\">Integraci\u00f3n de la cadena de suministro<\/h5><p >Integra perfectamente Railes MES con los sistemas de la cadena de suministro para agilizar los procesos de aprovisionamiento, producci\u00f3n y distribuci\u00f3n en la fabricaci\u00f3n aeroespacial y de defensa, garantizando un flujo de materiales y una gesti\u00f3n de inventarios eficientes.<\/p><\/div><\/div>[\/vc_column_inner][vc_column_inner width=&#8221;1\/2&#8243; css=&#8221;.vc_custom_1539594114659{padding-right: 0px !important;}&#8221;]<div class=\"key-icon-box icon-default icon-top cont-left ib-hover-1  kd-animated fadeInUp\" style=\"background-color: transparent;\" data-animation-delay=400><div class=\"ib-wrapper\"><i class=\"far fa-clock\" style=\" \"><\/i> <h5 class=\"service-heading\" style=\"color: #1f3562;\">Monitorizaci\u00f3n en tiempo real<\/h5><p >Utiliza las funciones avanzadas de supervisi\u00f3n de Railes MES para hacer un seguimiento en tiempo real de KPI como el tiempo de ciclo, el rendimiento y la utilizaci\u00f3n de recursos.<\/p><\/div><\/div>[\/vc_column_inner][\/vc_row_inner][vc_row_inner][vc_column_inner width=&#8221;1\/2&#8243; css=&#8221;.vc_custom_1539594107387{padding-right: 0px !important;padding-left: 0px !important;}&#8221;]<div class=\"key-icon-box icon-default icon-top cont-left ib-hover-1  kd-animated fadeInUp\" style=\"background-color: transparent;\" data-animation-delay=200><div class=\"ib-wrapper\"><i class=\"fas fa-file\" style=\" \"><\/i> <h5 class=\"service-heading\" style=\"color: #1f3562;\">Funcionalidad integrada<\/h5><p >Act\u00faa con decisi\u00f3n y rapidez, bas\u00e1ndote en un profundo conocimiento de las capacidades integradas para guiar tus acciones.<\/p><\/div><\/div>[\/vc_column_inner][vc_column_inner width=&#8221;1\/2&#8243; css=&#8221;.vc_custom_1539594111002{padding-right: 0px !important;}&#8221;]<div class=\"key-icon-box icon-default icon-top cont-left ib-hover-1  kd-animated fadeInUp\" style=\"background-color: transparent;\" data-animation-delay=400><div class=\"ib-wrapper\"><i class=\"fas fa-people-carry\" style=\" \"><\/i> <h5 class=\"service-heading\" style=\"color: #1f3562;\">Mejora de la productividad<\/h5><p >Impulsa la excelencia operativa y el aumento de la productividad con los flujos de trabajo automatizados, las funciones de mantenimiento predictivo y las herramientas de mejora continua de Railes MES, que permiten acelerar la comercializaci\u00f3n y reducir los costes de producci\u00f3n.<\/p><\/div><\/div>[\/vc_column_inner][\/vc_row_inner][\/vc_column][\/vc_row][vc_row][vc_column]<header class=\"kd-section-title col-lg-12 text-center    \" ><h2 class=\"separator_off\" style=\"color: #1f3562;\">Descubre c\u00f3mo Railes MES se adapta a diferentes industrias<\/h2><\/header>[vc_row_inner][vc_column_inner width=&#8221;1\/3&#8243;][vc_single_image image=&#8221;9043&#8243; img_size=&#8221;full&#8221; onclick=&#8221;custom_link&#8221; link=&#8221;https:\/\/muvu.tech\/pharmaceuticals\/&#8221;][\/vc_column_inner][vc_column_inner width=&#8221;1\/3&#8243;][vc_single_image image=&#8221;8792&#8243; img_size=&#8221;full&#8221; onclick=&#8221;custom_link&#8221; link=&#8221;https:\/\/muvu.tech\/es\/?page_id=10883&#8243;][\/vc_column_inner][vc_column_inner width=&#8221;1\/3&#8243;][vc_single_image image=&#8221;8793&#8243; img_size=&#8221;full&#8221; onclick=&#8221;custom_link&#8221; link=&#8221;https:\/\/muvu.tech\/packaging&#8221;][\/vc_column_inner][\/vc_row_inner][\/vc_column][\/vc_row][vc_row full_width=&#8221;stretch_row&#8221;][vc_column][vc_empty_space][vc_custom_heading text=&#8221;Digitaliza tus operaciones&#8221; font_container=&#8221;tag:h2|text_align:center|color:%231f3562&#8243; use_theme_fonts=&#8221;yes&#8221; css_animation=&#8221;fadeIn&#8221;]<a  href=\"https:\/\/muvu.tech\/es\/contactos\/\"  target=\"_self\"  title=\"\" class=\"tt_button tt_primary_button btn_primary_color  button-center button-action-link  kd-animated zoomIn\" data-animation-delay=200><span class=\"prim_text\">Contacta con nosotros<\/span><\/a>[vc_empty_space][\/vc_column][\/vc_row]<\/p>\n<\/div>","protected":false},"excerpt":{"rendered":"<p>[vc_row css=&#8221;.vc_custom_1652826273981{padding-bottom: 80px !important;}&#8221;][vc_column][rev_slider_vc alias=&#8221;automotive-manufacturing-1&#8243;][\/vc_column][\/vc_row][vc_row full_width=&#8221;stretch_row&#8221;][vc_column][vc_empty_space][vc_column_text]Nuestro Railes MES es clave para la integraci\u00f3n vertical en [&hellip;]<\/p>\n","protected":false},"author":3,"featured_media":0,"parent":10873,"menu_order":0,"comment_status":"closed","ping_status":"closed","template":"","meta":{"inline_featured_image":false,"footnotes":""},"class_list":["post-10894","page","type-page","status-publish","hentry"],"yoast_head":"<!-- This site is optimized with the Yoast SEO plugin v27.4 - https:\/\/yoast.com\/product\/yoast-seo-wordpress\/ -->\n<title>Fabricaci\u00f3n aeroespacial y de defensa - Muvu Technologies - Railes MES<\/title>\n<meta name=\"description\" content=\"Optimiza la fabricaci\u00f3n aeroespacial y de defensa con Railes MES . Consigue operaciones fluidas y el cumplimiento de la normativa sin esfuerzo\" \/>\n<meta name=\"robots\" content=\"index, follow, max-snippet:-1, max-image-preview:large, max-video-preview:-1\" \/>\n<link rel=\"canonical\" href=\"https:\/\/muvu.tech\/es\/industrias\/fabricacion-aeroespacial-y-de-defensa\/\" \/>\n<meta property=\"og:locale\" content=\"es_ES\" \/>\n<meta property=\"og:type\" content=\"article\" \/>\n<meta property=\"og:title\" content=\"Fabricaci\u00f3n aeroespacial y de defensa - Muvu Technologies - Railes MES\" \/>\n<meta property=\"og:description\" content=\"Optimiza la fabricaci\u00f3n aeroespacial y de defensa con Railes MES . Consigue operaciones fluidas y el cumplimiento de la normativa sin esfuerzo\" \/>\n<meta property=\"og:url\" content=\"https:\/\/muvu.tech\/es\/industrias\/fabricacion-aeroespacial-y-de-defensa\/\" \/>\n<meta property=\"og:site_name\" content=\"Muvu Technologies - Railes MES\" \/>\n<meta property=\"article:publisher\" content=\"https:\/\/www.facebook.com\/muvutechnologies\" \/>\n<meta property=\"article:modified_time\" content=\"2024-08-23T14:17:57+00:00\" \/>\n<meta name=\"twitter:card\" content=\"summary_large_image\" \/>\n<meta name=\"twitter:site\" content=\"@muvutech\" \/>\n<meta name=\"twitter:label1\" content=\"Tiempo de lectura\" \/>\n\t<meta name=\"twitter:data1\" content=\"8 minutos\" \/>\n<script type=\"application\/ld+json\" class=\"yoast-schema-graph\">{\"@context\":\"https:\\\/\\\/schema.org\",\"@graph\":[{\"@type\":\"WebPage\",\"@id\":\"https:\\\/\\\/muvu.tech\\\/es\\\/industrias\\\/fabricacion-aeroespacial-y-de-defensa\\\/\",\"url\":\"https:\\\/\\\/muvu.tech\\\/es\\\/industrias\\\/fabricacion-aeroespacial-y-de-defensa\\\/\",\"name\":\"Fabricaci\u00f3n aeroespacial y de defensa - Muvu Technologies - Railes MES\",\"isPartOf\":{\"@id\":\"https:\\\/\\\/muvu.tech\\\/es\\\/#website\"},\"datePublished\":\"2024-04-29T11:46:09+00:00\",\"dateModified\":\"2024-08-23T14:17:57+00:00\",\"description\":\"Optimiza la fabricaci\u00f3n aeroespacial y de defensa con Railes MES . Consigue operaciones fluidas y el cumplimiento de la normativa sin esfuerzo\",\"breadcrumb\":{\"@id\":\"https:\\\/\\\/muvu.tech\\\/es\\\/industrias\\\/fabricacion-aeroespacial-y-de-defensa\\\/#breadcrumb\"},\"inLanguage\":\"es\",\"potentialAction\":[{\"@type\":\"ReadAction\",\"target\":[\"https:\\\/\\\/muvu.tech\\\/es\\\/industrias\\\/fabricacion-aeroespacial-y-de-defensa\\\/\"]}]},{\"@type\":\"BreadcrumbList\",\"@id\":\"https:\\\/\\\/muvu.tech\\\/es\\\/industrias\\\/fabricacion-aeroespacial-y-de-defensa\\\/#breadcrumb\",\"itemListElement\":[{\"@type\":\"ListItem\",\"position\":1,\"name\":\"Home\",\"item\":\"https:\\\/\\\/muvu.tech\\\/es\\\/\"},{\"@type\":\"ListItem\",\"position\":2,\"name\":\"Industrias\",\"item\":\"https:\\\/\\\/muvu.tech\\\/es\\\/?page_id=10873\"},{\"@type\":\"ListItem\",\"position\":3,\"name\":\"Fabricaci\u00f3n aeroespacial y de defensa\"}]},{\"@type\":\"WebSite\",\"@id\":\"https:\\\/\\\/muvu.tech\\\/es\\\/#website\",\"url\":\"https:\\\/\\\/muvu.tech\\\/es\\\/\",\"name\":\"Muvu Technologies - Railes MES\",\"description\":\"Empowering Industries with Muvu Technologies: Unleash the Potential of Railes MES for Optimal Efficiency and Quality.\",\"publisher\":{\"@id\":\"https:\\\/\\\/muvu.tech\\\/es\\\/#organization\"},\"potentialAction\":[{\"@type\":\"SearchAction\",\"target\":{\"@type\":\"EntryPoint\",\"urlTemplate\":\"https:\\\/\\\/muvu.tech\\\/es\\\/?s={search_term_string}\"},\"query-input\":{\"@type\":\"PropertyValueSpecification\",\"valueRequired\":true,\"valueName\":\"search_term_string\"}}],\"inLanguage\":\"es\"},{\"@type\":\"Organization\",\"@id\":\"https:\\\/\\\/muvu.tech\\\/es\\\/#organization\",\"name\":\"MUVU Technologies\",\"alternateName\":\"Railes MES\",\"url\":\"https:\\\/\\\/muvu.tech\\\/es\\\/\",\"logo\":{\"@type\":\"ImageObject\",\"inLanguage\":\"es\",\"@id\":\"https:\\\/\\\/muvu.tech\\\/es\\\/#\\\/schema\\\/logo\\\/image\\\/\",\"url\":\"https:\\\/\\\/muvu.tech\\\/wp-content\\\/uploads\\\/2022\\\/05\\\/muvu-logo-colour.svg\",\"contentUrl\":\"https:\\\/\\\/muvu.tech\\\/wp-content\\\/uploads\\\/2022\\\/05\\\/muvu-logo-colour.svg\",\"width\":1,\"height\":1,\"caption\":\"MUVU Technologies\"},\"image\":{\"@id\":\"https:\\\/\\\/muvu.tech\\\/es\\\/#\\\/schema\\\/logo\\\/image\\\/\"},\"sameAs\":[\"https:\\\/\\\/www.facebook.com\\\/muvutechnologies\",\"https:\\\/\\\/x.com\\\/muvutech\",\"https:\\\/\\\/www.instagram.com\\\/muvu.tech\\\/\",\"https:\\\/\\\/www.linkedin.com\\\/company\\\/muvutechnologies\\\/\"]}]}<\/script>\n<!-- \/ Yoast SEO plugin. -->","yoast_head_json":{"title":"Fabricaci\u00f3n aeroespacial y de defensa - Muvu Technologies - Railes MES","description":"Optimiza la fabricaci\u00f3n aeroespacial y de defensa con Railes MES . Consigue operaciones fluidas y el cumplimiento de la normativa sin esfuerzo","robots":{"index":"index","follow":"follow","max-snippet":"max-snippet:-1","max-image-preview":"max-image-preview:large","max-video-preview":"max-video-preview:-1"},"canonical":"https:\/\/muvu.tech\/es\/industrias\/fabricacion-aeroespacial-y-de-defensa\/","og_locale":"es_ES","og_type":"article","og_title":"Fabricaci\u00f3n aeroespacial y de defensa - Muvu Technologies - Railes MES","og_description":"Optimiza la fabricaci\u00f3n aeroespacial y de defensa con Railes MES . Consigue operaciones fluidas y el cumplimiento de la normativa sin esfuerzo","og_url":"https:\/\/muvu.tech\/es\/industrias\/fabricacion-aeroespacial-y-de-defensa\/","og_site_name":"Muvu Technologies - Railes MES","article_publisher":"https:\/\/www.facebook.com\/muvutechnologies","article_modified_time":"2024-08-23T14:17:57+00:00","twitter_card":"summary_large_image","twitter_site":"@muvutech","twitter_misc":{"Tiempo de lectura":"8 minutos"},"schema":{"@context":"https:\/\/schema.org","@graph":[{"@type":"WebPage","@id":"https:\/\/muvu.tech\/es\/industrias\/fabricacion-aeroespacial-y-de-defensa\/","url":"https:\/\/muvu.tech\/es\/industrias\/fabricacion-aeroespacial-y-de-defensa\/","name":"Fabricaci\u00f3n aeroespacial y de defensa - Muvu Technologies - Railes MES","isPartOf":{"@id":"https:\/\/muvu.tech\/es\/#website"},"datePublished":"2024-04-29T11:46:09+00:00","dateModified":"2024-08-23T14:17:57+00:00","description":"Optimiza la fabricaci\u00f3n aeroespacial y de defensa con Railes MES . Consigue operaciones fluidas y el cumplimiento de la normativa sin esfuerzo","breadcrumb":{"@id":"https:\/\/muvu.tech\/es\/industrias\/fabricacion-aeroespacial-y-de-defensa\/#breadcrumb"},"inLanguage":"es","potentialAction":[{"@type":"ReadAction","target":["https:\/\/muvu.tech\/es\/industrias\/fabricacion-aeroespacial-y-de-defensa\/"]}]},{"@type":"BreadcrumbList","@id":"https:\/\/muvu.tech\/es\/industrias\/fabricacion-aeroespacial-y-de-defensa\/#breadcrumb","itemListElement":[{"@type":"ListItem","position":1,"name":"Home","item":"https:\/\/muvu.tech\/es\/"},{"@type":"ListItem","position":2,"name":"Industrias","item":"https:\/\/muvu.tech\/es\/?page_id=10873"},{"@type":"ListItem","position":3,"name":"Fabricaci\u00f3n aeroespacial y de defensa"}]},{"@type":"WebSite","@id":"https:\/\/muvu.tech\/es\/#website","url":"https:\/\/muvu.tech\/es\/","name":"Muvu Technologies - Railes MES","description":"Empowering Industries with Muvu Technologies: Unleash the Potential of Railes MES for Optimal Efficiency and Quality.","publisher":{"@id":"https:\/\/muvu.tech\/es\/#organization"},"potentialAction":[{"@type":"SearchAction","target":{"@type":"EntryPoint","urlTemplate":"https:\/\/muvu.tech\/es\/?s={search_term_string}"},"query-input":{"@type":"PropertyValueSpecification","valueRequired":true,"valueName":"search_term_string"}}],"inLanguage":"es"},{"@type":"Organization","@id":"https:\/\/muvu.tech\/es\/#organization","name":"MUVU Technologies","alternateName":"Railes MES","url":"https:\/\/muvu.tech\/es\/","logo":{"@type":"ImageObject","inLanguage":"es","@id":"https:\/\/muvu.tech\/es\/#\/schema\/logo\/image\/","url":"https:\/\/muvu.tech\/wp-content\/uploads\/2022\/05\/muvu-logo-colour.svg","contentUrl":"https:\/\/muvu.tech\/wp-content\/uploads\/2022\/05\/muvu-logo-colour.svg","width":1,"height":1,"caption":"MUVU Technologies"},"image":{"@id":"https:\/\/muvu.tech\/es\/#\/schema\/logo\/image\/"},"sameAs":["https:\/\/www.facebook.com\/muvutechnologies","https:\/\/x.com\/muvutech","https:\/\/www.instagram.com\/muvu.tech\/","https:\/\/www.linkedin.com\/company\/muvutechnologies\/"]}]}},"_links":{"self":[{"href":"https:\/\/muvu.tech\/es\/wp-json\/wp\/v2\/pages\/10894","targetHints":{"allow":["GET"]}}],"collection":[{"href":"https:\/\/muvu.tech\/es\/wp-json\/wp\/v2\/pages"}],"about":[{"href":"https:\/\/muvu.tech\/es\/wp-json\/wp\/v2\/types\/page"}],"author":[{"embeddable":true,"href":"https:\/\/muvu.tech\/es\/wp-json\/wp\/v2\/users\/3"}],"replies":[{"embeddable":true,"href":"https:\/\/muvu.tech\/es\/wp-json\/wp\/v2\/comments?post=10894"}],"version-history":[{"count":0,"href":"https:\/\/muvu.tech\/es\/wp-json\/wp\/v2\/pages\/10894\/revisions"}],"up":[{"embeddable":true,"href":"https:\/\/muvu.tech\/es\/wp-json\/wp\/v2\/pages\/10873"}],"wp:attachment":[{"href":"https:\/\/muvu.tech\/es\/wp-json\/wp\/v2\/media?parent=10894"}],"curies":[{"name":"wp","href":"https:\/\/api.w.org\/{rel}","templated":true}]}}