{"id":10883,"date":"2024-04-29T11:15:09","date_gmt":"2024-04-29T11:15:09","guid":{"rendered":"https:\/\/muvu.tech\/industrias\/fabricacion-de-automoviles\/"},"modified":"2024-11-19T10:07:53","modified_gmt":"2024-11-19T10:07:53","slug":"fabricacion-de-automoviles","status":"publish","type":"page","link":"https:\/\/muvu.tech\/es\/industrias\/fabricacion-de-automoviles\/","title":{"rendered":"Fabricaci\u00f3n de autom\u00f3viles"},"content":{"rendered":"<div class=\"wpb-content-wrapper\"><p>[vc_row css=&#8221;.vc_custom_1652826273981{padding-bottom: 80px !important;}&#8221;][vc_column][rev_slider_vc alias=&#8221;pharmaceuticals-manufacturing-1&#8243;][\/vc_column][\/vc_row][vc_row full_width=&#8221;stretch_row&#8221;][vc_column][vc_empty_space]<header class=\"kd-section-title col-lg-12 text-center  kd-animated fadeIn  \" data-animation-delay=200><h2 class=\"separator_off\" style=\"color: #1f3562;\">Experimenta la innovaci\u00f3n en software de fabricaci\u00f3n de autom\u00f3viles y explora c\u00f3mo nuestra soluci\u00f3n puede impulsar tu \u00e9xito.<\/h2><\/header>[vc_column_text]Acelera tu fabricaci\u00f3n de autom\u00f3viles con Railes MES, \u00a1dise\u00f1ado para la din\u00e1mica industria del autom\u00f3vil!<br \/>\nEn medio de los cambios del mercado y los avances tecnol\u00f3gicos, como los veh\u00edculos el\u00e9ctricos y la conducci\u00f3n aut\u00f3noma, nuestro software te permite mejorar la rentabilidad, ampliar la presencia en el mercado y fomentar la fidelidad de los clientes.<br \/>\nLa colaboraci\u00f3n entre fabricantes y proveedores es vital, y nuestro sistema aborda diversos procesos de fabricaci\u00f3n, garantizando la adaptabilidad a las necesidades del negocio de la automoci\u00f3n.<br \/>\nOptimiza el rendimiento de la producci\u00f3n, reduce costes y cumple las estrictas normas y reglamentos de calidad con Railes MES.[\/vc_column_text][\/vc_column][\/vc_row][vc_row full_width=&#8221;stretch_row&#8221;][vc_column]<header class=\"kd-section-title col-lg-12 text-center  kd-animated fadeIn  \" data-animation-delay=200><h2 class=\"separator_off\" style=\"color: #1f3562;\">C\u00f3mo podemos ayudar a que tu empresa de fabricaci\u00f3n de autom\u00f3viles funcione mejor<\/h2><\/header>[vc_row_inner][vc_column_inner width=&#8221;1\/2&#8243;]<div class=\"kd-photobox  \" ><div class=\"photobox-img\"><\/div><div class=\"phb-content text-left no-image\" >\n                  <h5 style=\"color: #1f3562;\">Gesti\u00f3n de la calidad y trazabilidad<\/h5>\n                  <p >Railes MES hace un seguimiento de los componentes, procesos, defectos y cumplimiento, garantizando la trazabilidad para retiradas y auditor\u00edas.<\/p><\/div><\/div><div class=\"kd-photobox  \" ><div class=\"photobox-img\"><\/div><div class=\"phb-content text-left no-image\" >\n                  <h5 style=\"color: #1f3562;\">Supervisi\u00f3n en Tiempo Real<\/h5>\n                  <p >Railes MES proporciona visibilidad instant\u00e1nea de la producci\u00f3n, supervisando equipos, l\u00edneas y operaciones para abordar problemas r\u00e1pidamente y minimizar el tiempo de inactividad <\/p><\/div><\/div><div class=\"kd-photobox  \" ><div class=\"photobox-img\"><\/div><div class=\"phb-content text-left no-image\" >\n                  <h5 style=\"color: #1f3562;\">Integraci\u00f3n ERP y SCM<\/h5>\n                  <p >Railes MES se conecta eficazmente con sistemas ERP y SCM, optimizando la entrega de materiales, reduciendo residuos y mejorando la puntualidad de las entregas.<\/p><\/div><\/div>[\/vc_column_inner][vc_column_inner width=&#8221;1\/2&#8243;][vc_single_image image=&#8221;8615&#8243; img_size=&#8221;500&#215;600&#8243;][\/vc_column_inner][\/vc_row_inner][\/vc_column][\/vc_row][vc_row full_width=&#8221;stretch_row&#8221;][vc_column][vc_empty_space]<header class=\"kd-section-title col-lg-12 text-center    \" ><h2 class=\"separator_off\" style=\"color: #1f3562;\">\u00danete a las principales empresas manufactureras que trabajan con nosotros<\/h2><\/header><div class=\"slider clients grayscale-effect kd-client-69e03a2ed65dc black-navigation \"><div class=\"clients-content \" ><img decoding=\"async\" width=\"301\" height=\"101\" data-src=\"https:\/\/muvu.tech\/wp-content\/uploads\/2022\/05\/silampos.webp\" class=\"attachment-full lazyload\" alt=\"\" title=\"silampos\" src=\"data:image\/svg+xml;base64,PHN2ZyB3aWR0aD0iMSIgaGVpZ2h0PSIxIiB4bWxucz0iaHR0cDovL3d3dy53My5vcmcvMjAwMC9zdmciPjwvc3ZnPg==\" style=\"--smush-placeholder-width: 301px; --smush-placeholder-aspect-ratio: 301\/101;\" \/><\/div><div class=\"clients-content \" ><img decoding=\"async\" width=\"301\" height=\"101\" data-src=\"https:\/\/muvu.tech\/wp-content\/uploads\/2022\/05\/sitecna.webp\" class=\"attachment-full lazyload\" alt=\"\" title=\"sitecna\" src=\"data:image\/svg+xml;base64,PHN2ZyB3aWR0aD0iMSIgaGVpZ2h0PSIxIiB4bWxucz0iaHR0cDovL3d3dy53My5vcmcvMjAwMC9zdmciPjwvc3ZnPg==\" style=\"--smush-placeholder-width: 301px; --smush-placeholder-aspect-ratio: 301\/101;\" \/><\/div><div class=\"clients-content \" ><img decoding=\"async\" width=\"301\" height=\"101\" data-src=\"https:\/\/muvu.tech\/wp-content\/uploads\/2022\/05\/pfizer.webp\" class=\"attachment-full lazyload\" alt=\"\" title=\"pfizer\" src=\"data:image\/svg+xml;base64,PHN2ZyB3aWR0aD0iMSIgaGVpZ2h0PSIxIiB4bWxucz0iaHR0cDovL3d3dy53My5vcmcvMjAwMC9zdmciPjwvc3ZnPg==\" style=\"--smush-placeholder-width: 301px; --smush-placeholder-aspect-ratio: 301\/101;\" \/><\/div><div class=\"clients-content \" ><img decoding=\"async\" width=\"301\" height=\"101\" data-src=\"https:\/\/muvu.tech\/wp-content\/uploads\/2022\/05\/quality.webp\" class=\"attachment-full lazyload\" alt=\"\" title=\"quality\" src=\"data:image\/svg+xml;base64,PHN2ZyB3aWR0aD0iMSIgaGVpZ2h0PSIxIiB4bWxucz0iaHR0cDovL3d3dy53My5vcmcvMjAwMC9zdmciPjwvc3ZnPg==\" style=\"--smush-placeholder-width: 301px; --smush-placeholder-aspect-ratio: 301\/101;\" \/><\/div><div class=\"clients-content \" ><img decoding=\"async\" width=\"301\" height=\"101\" data-src=\"https:\/\/muvu.tech\/wp-content\/uploads\/2022\/05\/ribamaior.webp\" class=\"attachment-full lazyload\" alt=\"\" title=\"ribamaior\" src=\"data:image\/svg+xml;base64,PHN2ZyB3aWR0aD0iMSIgaGVpZ2h0PSIxIiB4bWxucz0iaHR0cDovL3d3dy53My5vcmcvMjAwMC9zdmciPjwvc3ZnPg==\" style=\"--smush-placeholder-width: 301px; --smush-placeholder-aspect-ratio: 301\/101;\" \/><\/div><div class=\"clients-content \" ><img decoding=\"async\" width=\"301\" height=\"101\" data-src=\"https:\/\/muvu.tech\/wp-content\/uploads\/2022\/05\/aci.webp\" class=\"attachment-full lazyload\" alt=\"\" title=\"aci\" src=\"data:image\/svg+xml;base64,PHN2ZyB3aWR0aD0iMSIgaGVpZ2h0PSIxIiB4bWxucz0iaHR0cDovL3d3dy53My5vcmcvMjAwMC9zdmciPjwvc3ZnPg==\" style=\"--smush-placeholder-width: 301px; --smush-placeholder-aspect-ratio: 301\/101;\" \/><\/div><div class=\"clients-content \" ><img decoding=\"async\" width=\"301\" height=\"101\" data-src=\"https:\/\/muvu.tech\/wp-content\/uploads\/2022\/05\/generis.webp\" class=\"attachment-full lazyload\" alt=\"\" title=\"Generis\" src=\"data:image\/svg+xml;base64,PHN2ZyB3aWR0aD0iMSIgaGVpZ2h0PSIxIiB4bWxucz0iaHR0cDovL3d3dy53My5vcmcvMjAwMC9zdmciPjwvc3ZnPg==\" style=\"--smush-placeholder-width: 301px; --smush-placeholder-aspect-ratio: 301\/101;\" \/><\/div><div class=\"clients-content \" ><img decoding=\"async\" width=\"1920\" height=\"1080\" data-src=\"https:\/\/muvu.tech\/wp-content\/uploads\/2024\/07\/3-1.png\" class=\"attachment-full lazyload\" alt=\"\" title=\"3\" data-srcset=\"https:\/\/muvu.tech\/wp-content\/uploads\/2024\/07\/3-1.png 1920w, https:\/\/muvu.tech\/wp-content\/uploads\/2024\/07\/3-1-300x169.png 300w, https:\/\/muvu.tech\/wp-content\/uploads\/2024\/07\/3-1-1024x576.png 1024w, https:\/\/muvu.tech\/wp-content\/uploads\/2024\/07\/3-1-768x432.png 768w, https:\/\/muvu.tech\/wp-content\/uploads\/2024\/07\/3-1-1536x864.png 1536w\" data-sizes=\"(max-width: 1920px) 100vw, 1920px\" src=\"data:image\/svg+xml;base64,PHN2ZyB3aWR0aD0iMSIgaGVpZ2h0PSIxIiB4bWxucz0iaHR0cDovL3d3dy53My5vcmcvMjAwMC9zdmciPjwvc3ZnPg==\" style=\"--smush-placeholder-width: 1920px; --smush-placeholder-aspect-ratio: 1920\/1080;\" \/><\/div><div class=\"clients-content \" ><img decoding=\"async\" width=\"1920\" height=\"1080\" data-src=\"https:\/\/muvu.tech\/wp-content\/uploads\/2024\/07\/2.png\" class=\"attachment-full lazyload\" alt=\"\" title=\"2\" data-srcset=\"https:\/\/muvu.tech\/wp-content\/uploads\/2024\/07\/2.png 1920w, https:\/\/muvu.tech\/wp-content\/uploads\/2024\/07\/2-300x169.png 300w, https:\/\/muvu.tech\/wp-content\/uploads\/2024\/07\/2-1024x576.png 1024w, https:\/\/muvu.tech\/wp-content\/uploads\/2024\/07\/2-768x432.png 768w, https:\/\/muvu.tech\/wp-content\/uploads\/2024\/07\/2-1536x864.png 1536w\" data-sizes=\"(max-width: 1920px) 100vw, 1920px\" src=\"data:image\/svg+xml;base64,PHN2ZyB3aWR0aD0iMSIgaGVpZ2h0PSIxIiB4bWxucz0iaHR0cDovL3d3dy53My5vcmcvMjAwMC9zdmciPjwvc3ZnPg==\" style=\"--smush-placeholder-width: 1920px; --smush-placeholder-aspect-ratio: 1920\/1080;\" \/><\/div><div class=\"clients-content \" ><\/div><div class=\"clients-content \" ><img decoding=\"async\" width=\"340\" height=\"200\" data-src=\"https:\/\/muvu.tech\/wp-content\/uploads\/2024\/03\/Design-sem-nome-29.png\" class=\"attachment-full lazyload\" alt=\"\" title=\"Cal\u00e7ada\" data-srcset=\"https:\/\/muvu.tech\/wp-content\/uploads\/2024\/03\/Design-sem-nome-29.png 340w, https:\/\/muvu.tech\/wp-content\/uploads\/2024\/03\/Design-sem-nome-29-300x176.png 300w\" data-sizes=\"(max-width: 340px) 100vw, 340px\" src=\"data:image\/svg+xml;base64,PHN2ZyB3aWR0aD0iMSIgaGVpZ2h0PSIxIiB4bWxucz0iaHR0cDovL3d3dy53My5vcmcvMjAwMC9zdmciPjwvc3ZnPg==\" style=\"--smush-placeholder-width: 340px; --smush-placeholder-aspect-ratio: 340\/200;\" \/><\/div><\/div><script type=\"text\/javascript\">\r\n              jQuery(document).ready(function($){\r\n                if ($(\".slider.clients.kd-client-69e03a2ed65dc\").length) {\r\n                  $(\".slider.clients.kd-client-69e03a2ed65dc\").owlCarousel({\r\n                    stageClass: \"owl-wrapper\",\r\n                    stageOuterClass: \"owl-wrapper-outer\",\r\n                    loadedClass: \"owl-carousel\",\r\n                    responsiveClass:true,responsive:{\r\n                      0:{\r\n                          items:1,nav: true,\r\n                            navSpeed: 500,\r\n                            dots: false,},\r\n                      480:{\r\n                          items:3,nav: true,\r\n                            navSpeed: 500,\r\n                            dots: false,},\r\n                      960:{\r\n                          items:5,nav: true,\r\n                              navSpeed: 500,\r\n                              dots: false,}\r\n                    },loop: true,autoplay: true,autoplayTimeout: 10000,\r\n                  });\r\n                }\r\n              });\r\n            <\/script>[\/vc_column][\/vc_row][vc_row full_width=&#8221;stretch_row&#8221; css=&#8221;.vc_custom_1539594596470{padding-top: 100px !important;padding-bottom: 100px !important;}&#8221;][vc_column css=&#8221;.vc_custom_1541520247262{padding-top: 100px !important;padding-right: 90px !important;}&#8221; offset=&#8221;vc_col-lg-5 vc_col-md-5&#8243;][vc_row_inner][vc_column_inner css=&#8221;.vc_custom_1541520230301{padding-left: 0px !important;}&#8221;]<header class=\"kd-section-title col-lg-12 text-center  kd-animated fadeIn  \" data-animation-delay=200><h2 class=\"separator_off\" style=\"color: #1f3562;\">Descubre por qu\u00e9 Railes MES es la opci\u00f3n ideal para tu empresa<\/h2><\/header>[vc_empty_space height=&#8221;15px&#8221;]<a  href=\"https:\/\/muvu.tech\/es\/?page_id=10806\"  target=\"_self\"  title=\"Programa una demostraci\u00f3n\" class=\"tt_button tt_primary_button btn_primary_color  button-center button-action-link  kd-animated zoomIn\" data-animation-delay=200><span class=\"prim_text\">Programa una demostraci\u00f3n<\/span><\/a>[\/vc_column_inner][\/vc_row_inner][\/vc_column][vc_column offset=&#8221;vc_col-lg-7 vc_col-md-7&#8243;][vc_row_inner][vc_column_inner width=&#8221;1\/2&#8243; css=&#8221;.vc_custom_1539594103027{padding-right: 0px !important;padding-left: 0px !important;}&#8221;]<div class=\"key-icon-box icon-default icon-top cont-left ib-hover-1  kd-animated fadeInUp\" style=\"background-color: transparent;\" data-animation-delay=200><div class=\"ib-wrapper\"><i class=\"fas fa-history\" style=\" \"><\/i> <h5 class=\"service-heading\" style=\"color: #1f3562;\">Eficacia de las operaciones<\/h5><p >Aumentar la eficacia y la producci\u00f3n para mejorar el rendimiento y la OEE, disminuir el WIP y el tiempo de ciclo para garantizar la entrega puntual.<\/p><\/div><\/div>[\/vc_column_inner][vc_column_inner width=&#8221;1\/2&#8243; css=&#8221;.vc_custom_1539594114659{padding-right: 0px !important;}&#8221;]<div class=\"key-icon-box icon-default icon-top cont-left ib-hover-1  kd-animated fadeInUp\" style=\"background-color: transparent;\" data-animation-delay=400><div class=\"ib-wrapper\"><i class=\"fas fa-users\" style=\" \"><\/i> <h5 class=\"service-heading\" style=\"color: #1f3562;\">Optimizaci\u00f3n de la utilizaci\u00f3n de recursos<\/h5><p >Mejora la gesti\u00f3n de recursos en la fabricaci\u00f3n de autom\u00f3viles con Railes MES, optimizando la asignaci\u00f3n para una mayor eficacia<\/p><\/div><\/div>[\/vc_column_inner][\/vc_row_inner][vc_row_inner][vc_column_inner width=&#8221;1\/2&#8243; css=&#8221;.vc_custom_1539594107387{padding-right: 0px !important;padding-left: 0px !important;}&#8221;]<div class=\"key-icon-box icon-default icon-top cont-left ib-hover-1  kd-animated fadeInUp\" style=\"background-color: transparent;\" data-animation-delay=200><div class=\"ib-wrapper\"><i class=\"fas fa-hands-helping\" style=\" \"><\/i> <h5 class=\"service-heading\" style=\"color: #1f3562;\">Pr\u00e1cticas de fabricaci\u00f3n ajustada<\/h5><p >Implanta principios de fabricaci\u00f3n ajustada en la producci\u00f3n de autom\u00f3viles utilizando las funciones de gesti\u00f3n ajustada de Railes MES, que apoyan las iniciativas de mejora continua, las estrategias de reducci\u00f3n de residuos y la optimizaci\u00f3n del flujo de trabajo para agilizar las operaciones y mejorar la eficacia general.<\/p><\/div><\/div>[\/vc_column_inner][vc_column_inner width=&#8221;1\/2&#8243; css=&#8221;.vc_custom_1539594111002{padding-right: 0px !important;}&#8221;]<div class=\"key-icon-box icon-default icon-top cont-left ib-hover-1  kd-animated fadeInUp\" style=\"background-color: transparent;\" data-animation-delay=400><div class=\"ib-wrapper\"><i class=\"far fa-file-powerpoint\" style=\" \"><\/i> <h5 class=\"service-heading\" style=\"color: #1f3562;\">Cumplimiento normativo e informes<\/h5><p >Railes MES simplifica el cumplimiento de la normativa del sector de la automoci\u00f3n, agilizando la elaboraci\u00f3n de informes y reduciendo los riesgos normativos<\/p><\/div><\/div>[\/vc_column_inner][\/vc_row_inner][\/vc_column][\/vc_row][vc_row][vc_column]<header class=\"kd-section-title col-lg-12 text-center    \" ><h2 class=\"separator_off\" style=\"color: #1f3562;\">Descubre c\u00f3mo Railes MES se adapta a diferentes industrias<\/h2><\/header>[vc_row_inner css=&#8221;.vc_custom_1712570923627{padding-top: 0px !important;padding-bottom: 0px !important;}&#8221;][vc_column_inner width=&#8221;1\/3&#8243;][vc_single_image image=&#8221;9043&#8243; img_size=&#8221;full&#8221; alignment=&#8221;center&#8221; onclick=&#8221;custom_link&#8221; img_link_target=&#8221;_blank&#8221; link=&#8221;https:\/\/muvu.tech\/pharmaceuticals\/&#8221;][\/vc_column_inner][vc_column_inner width=&#8221;1\/3&#8243;][vc_single_image image=&#8221;8791&#8243; img_size=&#8221;full&#8221; alignment=&#8221;center&#8221; onclick=&#8221;custom_link&#8221; img_link_target=&#8221;_blank&#8221; link=&#8221;https:\/\/muvu.tech\/es\/industrias\/fabricacion-aeroespacial-y-de-defensa\/&#8221;][\/vc_column_inner][vc_column_inner width=&#8221;1\/3&#8243;][vc_single_image image=&#8221;8793&#8243; img_size=&#8221;full&#8221; alignment=&#8221;center&#8221; onclick=&#8221;custom_link&#8221; img_link_target=&#8221;_blank&#8221; link=&#8221;https:\/\/muvu.tech\/packaging\/&#8221;][\/vc_column_inner][\/vc_row_inner][\/vc_column][\/vc_row][vc_row full_width=&#8221;stretch_row&#8221;][vc_column][vc_empty_space][vc_custom_heading text=&#8221;Digitaliza tus operaciones&#8221; font_container=&#8221;tag:h3|text_align:center|color:%231f3562&#8243; use_theme_fonts=&#8221;yes&#8221; css_animation=&#8221;fadeIn&#8221; el_class=&#8221;light&#8221;]<a  href=\"\"   class=\"tt_button tt_primary_button btn_primary_color  button-center button-action-link\" ><span class=\"prim_text\">Contacta con nosotros<\/span><\/a>[vc_empty_space][\/vc_column][\/vc_row]<\/p>\n<\/div>","protected":false},"excerpt":{"rendered":"<p>[vc_row css=&#8221;.vc_custom_1652826273981{padding-bottom: 80px !important;}&#8221;][vc_column][rev_slider_vc alias=&#8221;pharmaceuticals-manufacturing-1&#8243;][\/vc_column][\/vc_row][vc_row full_width=&#8221;stretch_row&#8221;][vc_column][vc_empty_space][vc_column_text]Acelera tu fabricaci\u00f3n de autom\u00f3viles con Railes MES, \u00a1dise\u00f1ado para [&hellip;]<\/p>\n","protected":false},"author":3,"featured_media":0,"parent":10873,"menu_order":0,"comment_status":"closed","ping_status":"closed","template":"","meta":{"inline_featured_image":false,"footnotes":""},"class_list":["post-10883","page","type-page","status-publish","hentry"],"yoast_head":"<!-- This site is optimized with the Yoast SEO plugin v27.4 - https:\/\/yoast.com\/product\/yoast-seo-wordpress\/ -->\n<title>Fabricaci\u00f3n de autom\u00f3viles - Muvu Technologies - Railes MES<\/title>\n<meta name=\"description\" content=\"Mejora la eficacia de la fabricaci\u00f3n de autom\u00f3viles con Railes MES, garantizando el cumplimiento de la normativa y la agilizaci\u00f3n de las operaciones\" \/>\n<meta name=\"robots\" content=\"index, follow, max-snippet:-1, max-image-preview:large, max-video-preview:-1\" \/>\n<link rel=\"canonical\" href=\"https:\/\/muvu.tech\/es\/industrias\/fabricacion-de-automoviles\/\" \/>\n<meta property=\"og:locale\" content=\"es_ES\" \/>\n<meta property=\"og:type\" content=\"article\" \/>\n<meta property=\"og:title\" content=\"Fabricaci\u00f3n de autom\u00f3viles - Muvu Technologies - Railes MES\" \/>\n<meta property=\"og:description\" content=\"Mejora la eficacia de la fabricaci\u00f3n de autom\u00f3viles con Railes MES, garantizando el cumplimiento de la normativa y la agilizaci\u00f3n de las operaciones\" \/>\n<meta property=\"og:url\" content=\"https:\/\/muvu.tech\/es\/industrias\/fabricacion-de-automoviles\/\" \/>\n<meta property=\"og:site_name\" content=\"Muvu Technologies - Railes MES\" \/>\n<meta property=\"article:publisher\" content=\"https:\/\/www.facebook.com\/muvutechnologies\" \/>\n<meta property=\"article:modified_time\" content=\"2024-11-19T10:07:53+00:00\" \/>\n<meta name=\"twitter:card\" content=\"summary_large_image\" \/>\n<meta name=\"twitter:site\" content=\"@muvutech\" \/>\n<meta name=\"twitter:label1\" content=\"Tiempo de lectura\" \/>\n\t<meta name=\"twitter:data1\" content=\"8 minutos\" \/>\n<script type=\"application\/ld+json\" class=\"yoast-schema-graph\">{\"@context\":\"https:\\\/\\\/schema.org\",\"@graph\":[{\"@type\":\"WebPage\",\"@id\":\"https:\\\/\\\/muvu.tech\\\/es\\\/industrias\\\/fabricacion-de-automoviles\\\/\",\"url\":\"https:\\\/\\\/muvu.tech\\\/es\\\/industrias\\\/fabricacion-de-automoviles\\\/\",\"name\":\"Fabricaci\u00f3n de autom\u00f3viles - Muvu Technologies - Railes MES\",\"isPartOf\":{\"@id\":\"https:\\\/\\\/muvu.tech\\\/es\\\/#website\"},\"datePublished\":\"2024-04-29T11:15:09+00:00\",\"dateModified\":\"2024-11-19T10:07:53+00:00\",\"description\":\"Mejora la eficacia de la fabricaci\u00f3n de autom\u00f3viles con Railes MES, garantizando el cumplimiento de la normativa y la agilizaci\u00f3n de las operaciones\",\"breadcrumb\":{\"@id\":\"https:\\\/\\\/muvu.tech\\\/es\\\/industrias\\\/fabricacion-de-automoviles\\\/#breadcrumb\"},\"inLanguage\":\"es\",\"potentialAction\":[{\"@type\":\"ReadAction\",\"target\":[\"https:\\\/\\\/muvu.tech\\\/es\\\/industrias\\\/fabricacion-de-automoviles\\\/\"]}]},{\"@type\":\"BreadcrumbList\",\"@id\":\"https:\\\/\\\/muvu.tech\\\/es\\\/industrias\\\/fabricacion-de-automoviles\\\/#breadcrumb\",\"itemListElement\":[{\"@type\":\"ListItem\",\"position\":1,\"name\":\"Home\",\"item\":\"https:\\\/\\\/muvu.tech\\\/es\\\/\"},{\"@type\":\"ListItem\",\"position\":2,\"name\":\"Industrias\",\"item\":\"https:\\\/\\\/muvu.tech\\\/es\\\/?page_id=10873\"},{\"@type\":\"ListItem\",\"position\":3,\"name\":\"Fabricaci\u00f3n de autom\u00f3viles\"}]},{\"@type\":\"WebSite\",\"@id\":\"https:\\\/\\\/muvu.tech\\\/es\\\/#website\",\"url\":\"https:\\\/\\\/muvu.tech\\\/es\\\/\",\"name\":\"Muvu Technologies - Railes MES\",\"description\":\"Empowering Industries with Muvu Technologies: Unleash the Potential of Railes MES for Optimal Efficiency and Quality.\",\"publisher\":{\"@id\":\"https:\\\/\\\/muvu.tech\\\/es\\\/#organization\"},\"potentialAction\":[{\"@type\":\"SearchAction\",\"target\":{\"@type\":\"EntryPoint\",\"urlTemplate\":\"https:\\\/\\\/muvu.tech\\\/es\\\/?s={search_term_string}\"},\"query-input\":{\"@type\":\"PropertyValueSpecification\",\"valueRequired\":true,\"valueName\":\"search_term_string\"}}],\"inLanguage\":\"es\"},{\"@type\":\"Organization\",\"@id\":\"https:\\\/\\\/muvu.tech\\\/es\\\/#organization\",\"name\":\"MUVU Technologies\",\"alternateName\":\"Railes MES\",\"url\":\"https:\\\/\\\/muvu.tech\\\/es\\\/\",\"logo\":{\"@type\":\"ImageObject\",\"inLanguage\":\"es\",\"@id\":\"https:\\\/\\\/muvu.tech\\\/es\\\/#\\\/schema\\\/logo\\\/image\\\/\",\"url\":\"https:\\\/\\\/muvu.tech\\\/wp-content\\\/uploads\\\/2022\\\/05\\\/muvu-logo-colour.svg\",\"contentUrl\":\"https:\\\/\\\/muvu.tech\\\/wp-content\\\/uploads\\\/2022\\\/05\\\/muvu-logo-colour.svg\",\"width\":1,\"height\":1,\"caption\":\"MUVU Technologies\"},\"image\":{\"@id\":\"https:\\\/\\\/muvu.tech\\\/es\\\/#\\\/schema\\\/logo\\\/image\\\/\"},\"sameAs\":[\"https:\\\/\\\/www.facebook.com\\\/muvutechnologies\",\"https:\\\/\\\/x.com\\\/muvutech\",\"https:\\\/\\\/www.instagram.com\\\/muvu.tech\\\/\",\"https:\\\/\\\/www.linkedin.com\\\/company\\\/muvutechnologies\\\/\"]}]}<\/script>\n<!-- \/ Yoast SEO plugin. -->","yoast_head_json":{"title":"Fabricaci\u00f3n de autom\u00f3viles - Muvu Technologies - Railes MES","description":"Mejora la eficacia de la fabricaci\u00f3n de autom\u00f3viles con Railes MES, garantizando el cumplimiento de la normativa y la agilizaci\u00f3n de las operaciones","robots":{"index":"index","follow":"follow","max-snippet":"max-snippet:-1","max-image-preview":"max-image-preview:large","max-video-preview":"max-video-preview:-1"},"canonical":"https:\/\/muvu.tech\/es\/industrias\/fabricacion-de-automoviles\/","og_locale":"es_ES","og_type":"article","og_title":"Fabricaci\u00f3n de autom\u00f3viles - Muvu Technologies - Railes MES","og_description":"Mejora la eficacia de la fabricaci\u00f3n de autom\u00f3viles con Railes MES, garantizando el cumplimiento de la normativa y la agilizaci\u00f3n de las operaciones","og_url":"https:\/\/muvu.tech\/es\/industrias\/fabricacion-de-automoviles\/","og_site_name":"Muvu Technologies - Railes MES","article_publisher":"https:\/\/www.facebook.com\/muvutechnologies","article_modified_time":"2024-11-19T10:07:53+00:00","twitter_card":"summary_large_image","twitter_site":"@muvutech","twitter_misc":{"Tiempo de lectura":"8 minutos"},"schema":{"@context":"https:\/\/schema.org","@graph":[{"@type":"WebPage","@id":"https:\/\/muvu.tech\/es\/industrias\/fabricacion-de-automoviles\/","url":"https:\/\/muvu.tech\/es\/industrias\/fabricacion-de-automoviles\/","name":"Fabricaci\u00f3n de autom\u00f3viles - Muvu Technologies - Railes MES","isPartOf":{"@id":"https:\/\/muvu.tech\/es\/#website"},"datePublished":"2024-04-29T11:15:09+00:00","dateModified":"2024-11-19T10:07:53+00:00","description":"Mejora la eficacia de la fabricaci\u00f3n de autom\u00f3viles con Railes MES, garantizando el cumplimiento de la normativa y la agilizaci\u00f3n de las operaciones","breadcrumb":{"@id":"https:\/\/muvu.tech\/es\/industrias\/fabricacion-de-automoviles\/#breadcrumb"},"inLanguage":"es","potentialAction":[{"@type":"ReadAction","target":["https:\/\/muvu.tech\/es\/industrias\/fabricacion-de-automoviles\/"]}]},{"@type":"BreadcrumbList","@id":"https:\/\/muvu.tech\/es\/industrias\/fabricacion-de-automoviles\/#breadcrumb","itemListElement":[{"@type":"ListItem","position":1,"name":"Home","item":"https:\/\/muvu.tech\/es\/"},{"@type":"ListItem","position":2,"name":"Industrias","item":"https:\/\/muvu.tech\/es\/?page_id=10873"},{"@type":"ListItem","position":3,"name":"Fabricaci\u00f3n de autom\u00f3viles"}]},{"@type":"WebSite","@id":"https:\/\/muvu.tech\/es\/#website","url":"https:\/\/muvu.tech\/es\/","name":"Muvu Technologies - Railes MES","description":"Empowering Industries with Muvu Technologies: Unleash the Potential of Railes MES for Optimal Efficiency and Quality.","publisher":{"@id":"https:\/\/muvu.tech\/es\/#organization"},"potentialAction":[{"@type":"SearchAction","target":{"@type":"EntryPoint","urlTemplate":"https:\/\/muvu.tech\/es\/?s={search_term_string}"},"query-input":{"@type":"PropertyValueSpecification","valueRequired":true,"valueName":"search_term_string"}}],"inLanguage":"es"},{"@type":"Organization","@id":"https:\/\/muvu.tech\/es\/#organization","name":"MUVU Technologies","alternateName":"Railes MES","url":"https:\/\/muvu.tech\/es\/","logo":{"@type":"ImageObject","inLanguage":"es","@id":"https:\/\/muvu.tech\/es\/#\/schema\/logo\/image\/","url":"https:\/\/muvu.tech\/wp-content\/uploads\/2022\/05\/muvu-logo-colour.svg","contentUrl":"https:\/\/muvu.tech\/wp-content\/uploads\/2022\/05\/muvu-logo-colour.svg","width":1,"height":1,"caption":"MUVU Technologies"},"image":{"@id":"https:\/\/muvu.tech\/es\/#\/schema\/logo\/image\/"},"sameAs":["https:\/\/www.facebook.com\/muvutechnologies","https:\/\/x.com\/muvutech","https:\/\/www.instagram.com\/muvu.tech\/","https:\/\/www.linkedin.com\/company\/muvutechnologies\/"]}]}},"_links":{"self":[{"href":"https:\/\/muvu.tech\/es\/wp-json\/wp\/v2\/pages\/10883","targetHints":{"allow":["GET"]}}],"collection":[{"href":"https:\/\/muvu.tech\/es\/wp-json\/wp\/v2\/pages"}],"about":[{"href":"https:\/\/muvu.tech\/es\/wp-json\/wp\/v2\/types\/page"}],"author":[{"embeddable":true,"href":"https:\/\/muvu.tech\/es\/wp-json\/wp\/v2\/users\/3"}],"replies":[{"embeddable":true,"href":"https:\/\/muvu.tech\/es\/wp-json\/wp\/v2\/comments?post=10883"}],"version-history":[{"count":0,"href":"https:\/\/muvu.tech\/es\/wp-json\/wp\/v2\/pages\/10883\/revisions"}],"up":[{"embeddable":true,"href":"https:\/\/muvu.tech\/es\/wp-json\/wp\/v2\/pages\/10873"}],"wp:attachment":[{"href":"https:\/\/muvu.tech\/es\/wp-json\/wp\/v2\/media?parent=10883"}],"curies":[{"name":"wp","href":"https:\/\/api.w.org\/{rel}","templated":true}]}}