{"id":10873,"date":"2024-03-22T16:17:17","date_gmt":"2024-03-22T16:17:17","guid":{"rendered":"https:\/\/muvu.tech\/industrias\/"},"modified":"2024-08-22T14:13:52","modified_gmt":"2024-08-22T14:13:52","slug":"industrias","status":"publish","type":"page","link":"https:\/\/muvu.tech\/es\/industrias\/","title":{"rendered":"Industrias"},"content":{"rendered":"<div class=\"wpb-content-wrapper\"><p>[vc_row css=&#8221;.vc_custom_1652826273981{padding-bottom: 80px !important;}&#8221;][vc_column][rev_slider_vc alias=&#8221;railes-modules-11&#8243;][\/vc_column][\/vc_row][vc_row full_width=&#8221;stretch_row&#8221; gap=&#8221;10&#8243;][vc_column]<header class=\"kd-section-title col-lg-12 text-center  kd-animated fadeIn  \" data-animation-delay=200><h2 class=\"separator_off\" style=\"color: #1f3562;\">Railes MES ofrece una soluci\u00f3n a medida para diversas industrias<\/h2><\/header>[vc_column_text]Ofrecemos soluciones a medida para una amplia gama de sectores, \u00a1potenciando a empresas de todo el mundo! Nuestros productos personalizados est\u00e1n dise\u00f1ados para optimizar los procesos, impulsar la productividad y fomentar la innovaci\u00f3n. Con Railes MES, las empresas de todos los sectores pueden seguir siendo competitivas y prosperar en la era digital[\/vc_column_text][vc_empty_space]<header class=\"kd-section-title col-lg-12 text-center    \" ><h2 class=\"separator_off\" style=\"color: #1f3562;\">Explora nuestras diversas industrias<\/h2><\/header>[vc_row_inner css=&#8221;.vc_custom_1712570923627{padding-top: 0px !important;padding-bottom: 0px !important;}&#8221;][vc_column_inner width=&#8221;1\/4&#8243;][vc_single_image image=&#8221;8789&#8243; img_size=&#8221;large&#8221; alignment=&#8221;center&#8221; onclick=&#8221;custom_link&#8221; img_link_target=&#8221;_blank&#8221; link=&#8221;https:\/\/muvu.tech\/pharmaceuticals\/&#8221;][\/vc_column_inner][vc_column_inner width=&#8221;1\/4&#8243;][vc_single_image image=&#8221;8791&#8243; img_size=&#8221;full&#8221; alignment=&#8221;center&#8221; onclick=&#8221;custom_link&#8221; img_link_target=&#8221;_blank&#8221; link=&#8221;https:\/\/muvu.tech\/industries\/aerospace-and-defense-manufacturing\/&#8221;][\/vc_column_inner][vc_column_inner width=&#8221;1\/4&#8243;][vc_single_image image=&#8221;8792&#8243; img_size=&#8221;full&#8221; alignment=&#8221;center&#8221; onclick=&#8221;custom_link&#8221; img_link_target=&#8221;_blank&#8221; link=&#8221;https:\/\/muvu.tech\/industries\/automotive-manufacturing\/&#8221;][\/vc_column_inner][vc_column_inner width=&#8221;1\/4&#8243;][vc_single_image image=&#8221;8793&#8243; img_size=&#8221;full&#8221; alignment=&#8221;center&#8221; onclick=&#8221;custom_link&#8221; img_link_target=&#8221;_blank&#8221; link=&#8221;https:\/\/muvu.tech\/packaging\/&#8221;][\/vc_column_inner][\/vc_row_inner][\/vc_column][\/vc_row][vc_row full_width=&#8221;stretch_row&#8221;][vc_column css=&#8221;.vc_custom_1516095014613{padding-right: 0px !important;padding-left: 0px !important;}&#8221;][vc_row_inner css=&#8221;.vc_custom_1652918160392{padding-top: 60px !important;padding-bottom: 60px !important;}&#8221;][vc_column_inner width=&#8221;1\/4&#8243; offset=&#8221;vc_hidden-md vc_hidden-sm vc_hidden-xs&#8221;][\/vc_column_inner][vc_column_inner offset=&#8221;vc_col-lg-6&#8243;][vc_custom_heading text=&#8221;Descubre todo lo que podemos hacer por tu negocio y tu empresa.&#8221; font_container=&#8221;tag:h3|text_align:center|color:%231f3562&#8243; use_theme_fonts=&#8221;yes&#8221; css_animation=&#8221;fadeIn&#8221; css=&#8221;.vc_custom_1652918138048{margin-bottom: 50px !important;}&#8221; el_class=&#8221;light&#8221;]<a  href=\"https:\/\/muvu.tech\/es\/?page_id=10806\"  target=\"_self\"  title=\"Programa una demostraci\u00f3n\" class=\"tt_button tt_primary_button btn_primary_color  button-center button-action-link  kd-animated zoomIn\" data-animation-delay=200><span class=\"prim_text\">PROGRAMA UNA DEMOSTRACI\u00d3N<\/span><\/a>[\/vc_column_inner][vc_column_inner width=&#8221;1\/4&#8243; offset=&#8221;vc_hidden-md vc_hidden-sm vc_hidden-xs&#8221;][\/vc_column_inner][\/vc_row_inner][\/vc_column][\/vc_row][vc_row full_width=&#8221;stretch_row&#8221;][vc_column][vc_empty_space][\/vc_column][\/vc_row]<\/p>\n<\/div>","protected":false},"excerpt":{"rendered":"<p>[vc_row css=&#8221;.vc_custom_1652826273981{padding-bottom: 80px !important;}&#8221;][vc_column][rev_slider_vc alias=&#8221;railes-modules-11&#8243;][\/vc_column][\/vc_row][vc_row full_width=&#8221;stretch_row&#8221; gap=&#8221;10&#8243;][vc_column][vc_column_text]Ofrecemos soluciones a medida para una amplia gama de [&hellip;]<\/p>\n","protected":false},"author":3,"featured_media":0,"parent":0,"menu_order":0,"comment_status":"closed","ping_status":"closed","template":"","meta":{"inline_featured_image":false,"footnotes":""},"class_list":["post-10873","page","type-page","status-publish","hentry"],"yoast_head":"<!-- This site is optimized with the Yoast SEO plugin v27.4 - https:\/\/yoast.com\/product\/yoast-seo-wordpress\/ -->\n<title>Industrias - Muvu Technologies - Railes MES<\/title>\n<meta name=\"description\" content=\"Nuestras soluciones MES est\u00e1n dise\u00f1adas para agilizar las operaciones y mejorar la productividad en una amplia gama de industrias\" \/>\n<meta name=\"robots\" content=\"index, follow, max-snippet:-1, max-image-preview:large, max-video-preview:-1\" \/>\n<link rel=\"canonical\" href=\"https:\/\/muvu.tech\/es\/industrias\/\" \/>\n<meta property=\"og:locale\" content=\"es_ES\" \/>\n<meta property=\"og:type\" content=\"article\" \/>\n<meta property=\"og:title\" content=\"Industrias - Muvu Technologies - Railes MES\" \/>\n<meta property=\"og:description\" content=\"Nuestras soluciones MES est\u00e1n dise\u00f1adas para agilizar las operaciones y mejorar la productividad en una amplia gama de industrias\" \/>\n<meta property=\"og:url\" content=\"https:\/\/muvu.tech\/es\/industrias\/\" \/>\n<meta property=\"og:site_name\" content=\"Muvu Technologies - Railes MES\" \/>\n<meta property=\"article:publisher\" content=\"https:\/\/www.facebook.com\/muvutechnologies\" \/>\n<meta property=\"article:modified_time\" content=\"2024-08-22T14:13:52+00:00\" \/>\n<meta name=\"twitter:card\" content=\"summary_large_image\" \/>\n<meta name=\"twitter:site\" content=\"@muvutech\" \/>\n<meta name=\"twitter:label1\" content=\"Tiempo de lectura\" \/>\n\t<meta name=\"twitter:data1\" content=\"3 minutos\" \/>\n<script type=\"application\/ld+json\" class=\"yoast-schema-graph\">{\"@context\":\"https:\\\/\\\/schema.org\",\"@graph\":[{\"@type\":\"WebPage\",\"@id\":\"https:\\\/\\\/muvu.tech\\\/es\\\/industrias\\\/\",\"url\":\"https:\\\/\\\/muvu.tech\\\/es\\\/industrias\\\/\",\"name\":\"Industrias - Muvu Technologies - Railes MES\",\"isPartOf\":{\"@id\":\"https:\\\/\\\/muvu.tech\\\/es\\\/#website\"},\"datePublished\":\"2024-03-22T16:17:17+00:00\",\"dateModified\":\"2024-08-22T14:13:52+00:00\",\"description\":\"Nuestras soluciones MES est\u00e1n dise\u00f1adas para agilizar las operaciones y mejorar la productividad en una amplia gama de industrias\",\"breadcrumb\":{\"@id\":\"https:\\\/\\\/muvu.tech\\\/es\\\/industrias\\\/#breadcrumb\"},\"inLanguage\":\"es\",\"potentialAction\":[{\"@type\":\"ReadAction\",\"target\":[\"https:\\\/\\\/muvu.tech\\\/es\\\/industrias\\\/\"]}]},{\"@type\":\"BreadcrumbList\",\"@id\":\"https:\\\/\\\/muvu.tech\\\/es\\\/industrias\\\/#breadcrumb\",\"itemListElement\":[{\"@type\":\"ListItem\",\"position\":1,\"name\":\"Home\",\"item\":\"https:\\\/\\\/muvu.tech\\\/es\\\/\"},{\"@type\":\"ListItem\",\"position\":2,\"name\":\"Industrias\"}]},{\"@type\":\"WebSite\",\"@id\":\"https:\\\/\\\/muvu.tech\\\/es\\\/#website\",\"url\":\"https:\\\/\\\/muvu.tech\\\/es\\\/\",\"name\":\"Muvu Technologies - Railes MES\",\"description\":\"Empowering Industries with Muvu Technologies: Unleash the Potential of Railes MES for Optimal Efficiency and Quality.\",\"publisher\":{\"@id\":\"https:\\\/\\\/muvu.tech\\\/es\\\/#organization\"},\"potentialAction\":[{\"@type\":\"SearchAction\",\"target\":{\"@type\":\"EntryPoint\",\"urlTemplate\":\"https:\\\/\\\/muvu.tech\\\/es\\\/?s={search_term_string}\"},\"query-input\":{\"@type\":\"PropertyValueSpecification\",\"valueRequired\":true,\"valueName\":\"search_term_string\"}}],\"inLanguage\":\"es\"},{\"@type\":\"Organization\",\"@id\":\"https:\\\/\\\/muvu.tech\\\/es\\\/#organization\",\"name\":\"MUVU Technologies\",\"alternateName\":\"Railes MES\",\"url\":\"https:\\\/\\\/muvu.tech\\\/es\\\/\",\"logo\":{\"@type\":\"ImageObject\",\"inLanguage\":\"es\",\"@id\":\"https:\\\/\\\/muvu.tech\\\/es\\\/#\\\/schema\\\/logo\\\/image\\\/\",\"url\":\"https:\\\/\\\/muvu.tech\\\/wp-content\\\/uploads\\\/2022\\\/05\\\/muvu-logo-colour.svg\",\"contentUrl\":\"https:\\\/\\\/muvu.tech\\\/wp-content\\\/uploads\\\/2022\\\/05\\\/muvu-logo-colour.svg\",\"width\":1,\"height\":1,\"caption\":\"MUVU Technologies\"},\"image\":{\"@id\":\"https:\\\/\\\/muvu.tech\\\/es\\\/#\\\/schema\\\/logo\\\/image\\\/\"},\"sameAs\":[\"https:\\\/\\\/www.facebook.com\\\/muvutechnologies\",\"https:\\\/\\\/x.com\\\/muvutech\",\"https:\\\/\\\/www.instagram.com\\\/muvu.tech\\\/\",\"https:\\\/\\\/www.linkedin.com\\\/company\\\/muvutechnologies\\\/\"]}]}<\/script>\n<!-- \/ Yoast SEO plugin. -->","yoast_head_json":{"title":"Industrias - Muvu Technologies - Railes MES","description":"Nuestras soluciones MES est\u00e1n dise\u00f1adas para agilizar las operaciones y mejorar la productividad en una amplia gama de industrias","robots":{"index":"index","follow":"follow","max-snippet":"max-snippet:-1","max-image-preview":"max-image-preview:large","max-video-preview":"max-video-preview:-1"},"canonical":"https:\/\/muvu.tech\/es\/industrias\/","og_locale":"es_ES","og_type":"article","og_title":"Industrias - Muvu Technologies - Railes MES","og_description":"Nuestras soluciones MES est\u00e1n dise\u00f1adas para agilizar las operaciones y mejorar la productividad en una amplia gama de industrias","og_url":"https:\/\/muvu.tech\/es\/industrias\/","og_site_name":"Muvu Technologies - Railes MES","article_publisher":"https:\/\/www.facebook.com\/muvutechnologies","article_modified_time":"2024-08-22T14:13:52+00:00","twitter_card":"summary_large_image","twitter_site":"@muvutech","twitter_misc":{"Tiempo de lectura":"3 minutos"},"schema":{"@context":"https:\/\/schema.org","@graph":[{"@type":"WebPage","@id":"https:\/\/muvu.tech\/es\/industrias\/","url":"https:\/\/muvu.tech\/es\/industrias\/","name":"Industrias - Muvu Technologies - Railes MES","isPartOf":{"@id":"https:\/\/muvu.tech\/es\/#website"},"datePublished":"2024-03-22T16:17:17+00:00","dateModified":"2024-08-22T14:13:52+00:00","description":"Nuestras soluciones MES est\u00e1n dise\u00f1adas para agilizar las operaciones y mejorar la productividad en una amplia gama de industrias","breadcrumb":{"@id":"https:\/\/muvu.tech\/es\/industrias\/#breadcrumb"},"inLanguage":"es","potentialAction":[{"@type":"ReadAction","target":["https:\/\/muvu.tech\/es\/industrias\/"]}]},{"@type":"BreadcrumbList","@id":"https:\/\/muvu.tech\/es\/industrias\/#breadcrumb","itemListElement":[{"@type":"ListItem","position":1,"name":"Home","item":"https:\/\/muvu.tech\/es\/"},{"@type":"ListItem","position":2,"name":"Industrias"}]},{"@type":"WebSite","@id":"https:\/\/muvu.tech\/es\/#website","url":"https:\/\/muvu.tech\/es\/","name":"Muvu Technologies - Railes MES","description":"Empowering Industries with Muvu Technologies: Unleash the Potential of Railes MES for Optimal Efficiency and Quality.","publisher":{"@id":"https:\/\/muvu.tech\/es\/#organization"},"potentialAction":[{"@type":"SearchAction","target":{"@type":"EntryPoint","urlTemplate":"https:\/\/muvu.tech\/es\/?s={search_term_string}"},"query-input":{"@type":"PropertyValueSpecification","valueRequired":true,"valueName":"search_term_string"}}],"inLanguage":"es"},{"@type":"Organization","@id":"https:\/\/muvu.tech\/es\/#organization","name":"MUVU Technologies","alternateName":"Railes MES","url":"https:\/\/muvu.tech\/es\/","logo":{"@type":"ImageObject","inLanguage":"es","@id":"https:\/\/muvu.tech\/es\/#\/schema\/logo\/image\/","url":"https:\/\/muvu.tech\/wp-content\/uploads\/2022\/05\/muvu-logo-colour.svg","contentUrl":"https:\/\/muvu.tech\/wp-content\/uploads\/2022\/05\/muvu-logo-colour.svg","width":1,"height":1,"caption":"MUVU Technologies"},"image":{"@id":"https:\/\/muvu.tech\/es\/#\/schema\/logo\/image\/"},"sameAs":["https:\/\/www.facebook.com\/muvutechnologies","https:\/\/x.com\/muvutech","https:\/\/www.instagram.com\/muvu.tech\/","https:\/\/www.linkedin.com\/company\/muvutechnologies\/"]}]}},"_links":{"self":[{"href":"https:\/\/muvu.tech\/es\/wp-json\/wp\/v2\/pages\/10873","targetHints":{"allow":["GET"]}}],"collection":[{"href":"https:\/\/muvu.tech\/es\/wp-json\/wp\/v2\/pages"}],"about":[{"href":"https:\/\/muvu.tech\/es\/wp-json\/wp\/v2\/types\/page"}],"author":[{"embeddable":true,"href":"https:\/\/muvu.tech\/es\/wp-json\/wp\/v2\/users\/3"}],"replies":[{"embeddable":true,"href":"https:\/\/muvu.tech\/es\/wp-json\/wp\/v2\/comments?post=10873"}],"version-history":[{"count":0,"href":"https:\/\/muvu.tech\/es\/wp-json\/wp\/v2\/pages\/10873\/revisions"}],"wp:attachment":[{"href":"https:\/\/muvu.tech\/es\/wp-json\/wp\/v2\/media?parent=10873"}],"curies":[{"name":"wp","href":"https:\/\/api.w.org\/{rel}","templated":true}]}}