{"id":10806,"date":"2024-07-17T09:18:53","date_gmt":"2024-07-17T09:18:53","guid":{"rendered":"https:\/\/muvu.tech\/programar-demostracion\/"},"modified":"2024-11-20T15:14:04","modified_gmt":"2024-11-20T15:14:04","slug":"programar-demostracion","status":"publish","type":"page","link":"https:\/\/muvu.tech\/es\/contactos\/programar-demostracion\/","title":{"rendered":"Programar demostraci\u00f3n"},"content":{"rendered":"<div class=\"wpb-content-wrapper\"><p>[vc_row][vc_column]\n\t\t\t<!-- START Schedule a demo ES REVOLUTION SLIDER 6.7.37 --><p class=\"rs-p-wp-fix\"><\/p>\n\t\t\t<rs-module-wrap id=\"rev_slider_55_1_wrapper\" data-source=\"gallery\" style=\"visibility:hidden;background:#ffffff;padding:0;\">\n\t\t\t\t<rs-module id=\"rev_slider_55_1\" style=\"\" data-version=\"6.7.37\">\n\t\t\t\t\t<rs-slides style=\"overflow: hidden; position: absolute;\">\n\t\t\t\t\t\t<rs-slide style=\"position: absolute;\" data-key=\"rs-56\" data-title=\"Slide 1\" data-anim=\"adpr:false;ms:800;\" data-in=\"o:0;e:power3.inOut;\" data-out=\"e:power3.out;\">\n\t\t\t\t\t\t\t<img decoding=\"async\" src=\"\/\/muvu.tech\/wp-content\/plugins\/revslider\/sr6\/assets\/assets\/dummy.png\" alt=\"\" title=\"about-slide\" width=\"1920\" height=\"766\" class=\"rev-slidebg tp-rs-img rs-lazyload\" data-lazyload=\"\/\/muvu.tech\/wp-content\/uploads\/2022\/05\/about-slide.png\" data-parallax=\"14\" data-no-retina>\n<!--\n\t\t\t\t\t\t\t--><h2\n\t\t\t\t\t\t\t\tid=\"slider-55-slide-56-layer-1\" \n\t\t\t\t\t\t\t\tclass=\"rs-layer\"\n\t\t\t\t\t\t\t\tdata-type=\"text\"\n\t\t\t\t\t\t\t\tdata-color=\"#1f3562\"\n\t\t\t\t\t\t\t\tdata-rsp_ch=\"on\"\n\t\t\t\t\t\t\t\tdata-xy=\"x:l,l,c,c;xo:159px,159px,-1px,-1px;y:m;yo:6px,6px,84px,25px;\"\n\t\t\t\t\t\t\t\tdata-text=\"w:normal;s:69,69,36,36;l:65,65,36,35;ls:-1px,-1px,-1px,0px;fw:300,300,400,400;a:left,left,center,center;\"\n\t\t\t\t\t\t\t\tdata-dim=\"w:405px,405px,529px,377px;h:91px,91px,94px,91px;\"\n\t\t\t\t\t\t\t\tdata-padding=\"t:10;b:10;\"\n\t\t\t\t\t\t\t\tdata-frame_1=\"st:500;sp:1000;sR:500;\"\n\t\t\t\t\t\t\t\tdata-frame_999=\"o:0;st:w;sR:7500;\"\n\t\t\t\t\t\t\t\tstyle=\"z-index:10;font-family:'inherit';\"\n\t\t\t\t\t\t\t>Agendar una demo \n\t\t\t\t\t\t\t<\/h2><!--\n\n\t\t\t\t\t\t\t--><rs-layer\n\t\t\t\t\t\t\t\tid=\"slider-55-slide-56-layer-2\" \n\t\t\t\t\t\t\t\tdata-type=\"shape\"\n\t\t\t\t\t\t\t\tdata-bsh=\"c:rgba(12,12,12,0.35);h:7px,7px,3px,1px;v:7px,7px,3px,1px;b:5px,5px,3px,1px;\"\n\t\t\t\t\t\t\t\tdata-rsp_ch=\"on\"\n\t\t\t\t\t\t\t\tdata-xy=\"x:l,l,c,c;xo:115px,115px,0,0;y:t,t,b,b;yo:295px,295px,0,0;\"\n\t\t\t\t\t\t\t\tdata-text=\"w:normal;s:20,20,12,5;l:0,0,15,7;\"\n\t\t\t\t\t\t\t\tdata-dim=\"w:595px,595px,432px,320px;h:373px,373px,234px,240px;\"\n\t\t\t\t\t\t\t\tdata-frame_999=\"o:0;st:w;\"\n\t\t\t\t\t\t\t\tstyle=\"z-index:9;background-color:#ffffff;\"\n\t\t\t\t\t\t\t> \n\t\t\t\t\t\t\t<\/rs-layer><!--\n\n\t\t\t\t\t\t\t--><p\n\t\t\t\t\t\t\t\tid=\"slider-55-slide-56-layer-4\" \n\t\t\t\t\t\t\t\tclass=\"rs-layer\"\n\t\t\t\t\t\t\t\tdata-type=\"text\"\n\t\t\t\t\t\t\t\tdata-color=\"#1f3562\"\n\t\t\t\t\t\t\t\tdata-rsp_ch=\"on\"\n\t\t\t\t\t\t\t\tdata-xy=\"x:l,l,c,c;xo:164px,164px,0,0;y:m;yo:152px,152px,132px,81px;\"\n\t\t\t\t\t\t\t\tdata-text=\"w:normal;s:23,23,18,16;l:28,28,20,20;fw:400,400,500,500;a:left,left,center,center;\"\n\t\t\t\t\t\t\t\tdata-dim=\"w:415px,415px,368.453px,273px;\"\n\t\t\t\t\t\t\t\tdata-frame_1=\"st:500;sp:1000;sR:500;\"\n\t\t\t\t\t\t\t\tdata-frame_999=\"o:0;st:w;sR:7500;\"\n\t\t\t\t\t\t\t\tstyle=\"z-index:11;font-family:'inherit';\"\n\t\t\t\t\t\t\t>\nComplete sus datos a continuaci\u00f3n para comenzar \n\t\t\t\t\t\t\t<\/p><!--\n\n\t\t\t\t\t\t\t--><rs-layer\n\t\t\t\t\t\t\t\tid=\"slider-55-slide-56-layer-11\" \n\t\t\t\t\t\t\t\tdata-type=\"text\"\n\t\t\t\t\t\t\t\tdata-rsp_ch=\"on\"\n\t\t\t\t\t\t\t\tdata-xy=\"x:l,l,c,c;xo:163px,163px,0,0;y:m;yo:232px,232px,207px,162px;\"\n\t\t\t\t\t\t\t\tdata-text=\"l:22;fw:600;a:center;\"\n\t\t\t\t\t\t\t\tdata-dim=\"w:170px;\"\n\t\t\t\t\t\t\t\tdata-frame_1=\"st:500;sp:1000;sR:500;\"\n\t\t\t\t\t\t\t\tdata-frame_999=\"o:0;e:nothing;st:w;sR:7500;\"\n\t\t\t\t\t\t\t\tstyle=\"z-index:12;font-family:'inherit';\"\n\t\t\t\t\t\t\t><a href=\"https:\/\/muvu.tech\/newsite2022\/contacts\/\" title=\"\" class=\"tt_button tt_primary_button hover_outline_secondary slider_button\" target=\"_blank\">PONERSE EN CONTACTO<\/span><\/a> \n\t\t\t\t\t\t\t<\/rs-layer><!--\n-->\t\t\t\t\t<\/rs-slide>\n\t\t\t\t\t<\/rs-slides>\n\t\t\t\t<\/rs-module>\n\t\t\t\t<script data-jetpack-boost=\"ignore\">\n\t\t\t\t\tsetREVStartSize({c: 'rev_slider_55_1',rl:[1240,1240,778,480],el:[766,766,500,400],gw:[1240,1240,778,380],gh:[766,766,500,400],type:'standard',justify:'',layout:'fullscreen',offsetContainer:'',offset:'',mh:\"0\"});if (window.RS_MODULES!==undefined && window.RS_MODULES.modules!==undefined && window.RS_MODULES.modules[\"revslider551\"]!==undefined) {window.RS_MODULES.modules[\"revslider551\"].once = false;window.revapi55 = undefined;if (window.RS_MODULES.checkMinimal!==undefined) window.RS_MODULES.checkMinimal()}\n\t\t\t\t<\/script>\n\t\t\t<\/rs-module-wrap>\n\t\t\t<!-- END REVOLUTION SLIDER -->\n[\/vc_column][\/vc_row][vc_row full_width=&#8221;stretch_row&#8221; css=&#8221;.vc_custom_1721207886653{padding-top: 50px !important;padding-bottom: 100px !important;}&#8221;][vc_column width=&#8221;1\/2&#8243; offset=&#8221;vc_col-lg-6 vc_col-md-12&#8243;][vc_row_inner css=&#8221;.vc_custom_1539780038466{margin-top: 70px !important;}&#8221;][vc_column_inner width=&#8221;1\/2&#8243; css=&#8221;.vc_custom_1541588328375{padding-right: 0px !important;padding-left: 0px !important;}&#8221; offset=&#8221;vc_col-lg-offset-0 vc_col-lg-9 vc_col-md-offset-3 vc_col-md-6 vc_col-sm-offset-3&#8243;]<header class=\"kd-section-title col-lg-12 text-left  kd-animated fadeIn  \" data-animation-delay=200><h2 class=\"separator_off\" style=\"color: #1f3562;\">Transforma tu fabricaci\u00f3n con Railes MES<\/h2><h6 class=\"subtitle \" >Deja que te mostremos c\u00f3mo nuestro innovador Railes MES puede agilizar tus procesos de producci\u00f3n, aumentar la eficacia y mejorar el rendimiento general.<\/h6><\/header>[vc_column_text css=&#8221;&#8221;]<\/p>\n<ul>\n<li>Mira c\u00f3mo Railes MES puede optimizar tu flujo de trabajo de producci\u00f3n<\/li>\n<li>Aprende a reducir el tiempo de inactividad y aumentar la productividad<\/li>\n<li>Descubre las mejores pr\u00e1cticas de los equipos de fabricaci\u00f3n de mayor rendimiento<\/li>\n<\/ul>\n<p>[\/vc_column_text][\/vc_column_inner][vc_column_inner width=&#8221;1\/6&#8243; offset=&#8221;vc_hidden-md vc_hidden-sm vc_hidden-xs&#8221;][\/vc_column_inner][\/vc_row_inner][\/vc_column][vc_column css=&#8221;.vc_custom_1541588434316{padding-left: 0px !important;}&#8221; offset=&#8221;vc_col-lg-6&#8243; el_class=&#8221;hide-bg-on-mobile&#8221;][vc_empty_space][vc_empty_space]\n<div class=\"wpcf7 no-js\" id=\"wpcf7-f10770-o1\" lang=\"es-ES\" dir=\"ltr\" data-wpcf7-id=\"10770\">\n<div class=\"screen-reader-response\"><p role=\"status\" aria-live=\"polite\" aria-atomic=\"true\"><\/p> <ul><\/ul><\/div>\n<form action=\"\/es\/wp-json\/wp\/v2\/pages\/10806#wpcf7-f10770-o1\" method=\"post\" class=\"wpcf7-form init\" aria-label=\"Formulario de contacto\" novalidate=\"novalidate\" data-status=\"init\">\n<fieldset class=\"hidden-fields-container\"><input type=\"hidden\" name=\"_wpcf7\" value=\"10770\" \/><input type=\"hidden\" name=\"_wpcf7_version\" value=\"6.1.5\" \/><input type=\"hidden\" name=\"_wpcf7_locale\" value=\"es_ES\" \/><input type=\"hidden\" name=\"_wpcf7_unit_tag\" value=\"wpcf7-f10770-o1\" \/><input type=\"hidden\" name=\"_wpcf7_container_post\" value=\"0\" \/><input type=\"hidden\" name=\"_wpcf7_posted_data_hash\" value=\"\" \/><input type=\"hidden\" name=\"_wpcf7_recaptcha_response\" value=\"\" \/>\n<\/fieldset>\n<p><span class=\"wpcf7-form-control-wrap\" data-name=\"your-name\"><input size=\"40\" maxlength=\"400\" class=\"wpcf7-form-control wpcf7-text wpcf7-validates-as-required\" aria-required=\"true\" aria-invalid=\"false\" placeholder=\"Nombre*.\" value=\"\" type=\"text\" name=\"your-name\" \/><\/span><br \/>\n<span class=\"wpcf7-form-control-wrap\" data-name=\"your-phone\"><input size=\"40\" maxlength=\"400\" class=\"wpcf7-form-control wpcf7-tel wpcf7-validates-as-required wpcf7-text wpcf7-validates-as-tel\" aria-required=\"true\" aria-invalid=\"false\" placeholder=\"Tel\u00e9fono*.\" value=\"\" type=\"tel\" name=\"your-phone\" \/><\/span><br \/>\n<span class=\"wpcf7-form-control-wrap\" data-name=\"your-email\"><input size=\"40\" maxlength=\"400\" class=\"wpcf7-form-control wpcf7-email wpcf7-validates-as-required wpcf7-text wpcf7-validates-as-email\" aria-required=\"true\" aria-invalid=\"false\" placeholder=\"Correo electr\u00f3nico\" value=\"\" type=\"email\" name=\"your-email\" \/><\/span><br \/>\n<span class=\"wpcf7-form-control-wrap\" data-name=\"Company\"><input size=\"40\" maxlength=\"400\" class=\"wpcf7-form-control wpcf7-text\" aria-invalid=\"false\" placeholder=\"Empresa\" value=\"\" type=\"text\" name=\"Company\" \/><\/span><br \/>\n<span class=\"wpcf7-form-control-wrap\" data-name=\"Jobtitle\"><input size=\"40\" maxlength=\"400\" class=\"wpcf7-form-control wpcf7-text\" aria-invalid=\"false\" placeholder=\"Puesto\" value=\"\" type=\"text\" name=\"Jobtitle\" \/><\/span><br \/>\n<span class=\"wpcf7-form-control-wrap\" data-name=\"Industry\"><select class=\"wpcf7-form-control wpcf7-select\" aria-invalid=\"false\" name=\"Industry\"><option value=\"Industria Automoci\u00f3n Consultor\u00eda Alimentaci\u00f3n Productos sanitarios Farmac\u00e9utica Pl\u00e1sticos Envases Otros\">Industria Automoci\u00f3n Consultor\u00eda Alimentaci\u00f3n Productos sanitarios Farmac\u00e9utica Pl\u00e1sticos Envases Otros<\/option><\/select><\/span><br \/>\n<span class=\"wpcf7-form-control-wrap\" data-name=\"Country\"><input size=\"40\" maxlength=\"400\" class=\"wpcf7-form-control wpcf7-text\" aria-invalid=\"false\" placeholder=\"Pa\u00eds\" value=\"\" type=\"text\" name=\"Country\" \/><\/span><br \/>\n<input class=\"wpcf7-form-control wpcf7-submit has-spinner\" type=\"submit\" value=\"ENVIAR\" \/> *Todos los campos deben ser obligatorios\n<\/p><div class=\"wpcf7-response-output\" aria-hidden=\"true\"><\/div>\n<\/form>\n<\/div>\n[\/vc_column][\/vc_row][vc_row][vc_column]<header class=\"kd-section-title col-lg-12 text-left    \" ><h2 class=\"separator_off\" style=\"color: #1f3562;\">De confianza:<\/h2><\/header>[vc_row_inner css=&#8221;.vc_custom_1715870367193{margin-right: 100px !important;margin-bottom: 100px !important;margin-left: 100px !important;}&#8221;][vc_column_inner width=&#8221;1\/3&#8243; css=&#8221;.vc_custom_1715870435512{border-right-width: 1px !important;padding-top: 40px !important;padding-bottom: 40px !important;border-right-color: rgba(0,0,0,0.08) !important;border-right-style: none !important;}&#8221;][vc_single_image image=&#8221;9485&#8243; img_size=&#8221;200&#215;100&#8243; alignment=&#8221;center&#8221;][vc_single_image image=&#8221;9486&#8243; img_size=&#8221;200&#215;100&#8243; alignment=&#8221;center&#8221;][vc_single_image image=&#8221;9487&#8243; img_size=&#8221;200&#215;100&#8243; alignment=&#8221;center&#8221;][\/vc_column_inner][vc_column_inner width=&#8221;1\/3&#8243; css=&#8221;.vc_custom_1715870376114{border-right-width: 1px !important;padding-top: 40px !important;padding-bottom: 40px !important;border-right-color: rgba(0,0,0,0.08) !important;border-right-style: none !important;}&#8221;][vc_single_image image=&#8221;9488&#8243; img_size=&#8221;200&#215;100&#8243; alignment=&#8221;center&#8221;][vc_single_image image=&#8221;9506&#8243; img_size=&#8221;200&#215;100&#8243; alignment=&#8221;center&#8221;][vc_single_image image=&#8221;9505&#8243; img_size=&#8221;200&#215;100&#8243; alignment=&#8221;center&#8221;][\/vc_column_inner][vc_column_inner width=&#8221;1\/3&#8243; css=&#8221;.vc_custom_1715870383546{padding-top: 40px !important;padding-bottom: 40px !important;}&#8221;][vc_single_image image=&#8221;9491&#8243; img_size=&#8221;200&#215;100&#8243; alignment=&#8221;center&#8221;][vc_single_image image=&#8221;9492&#8243; img_size=&#8221;200&#215;100&#8243; alignment=&#8221;center&#8221;][vc_single_image image=&#8221;9511&#8243; img_size=&#8221;200&#215;100&#8243; alignment=&#8221;center&#8221;][\/vc_column_inner][\/vc_row_inner][\/vc_column][\/vc_row]<\/p>\n<\/div>","protected":false},"excerpt":{"rendered":"<p>[vc_row][vc_column][\/vc_column][\/vc_row][vc_row full_width=&#8221;stretch_row&#8221; css=&#8221;.vc_custom_1721207886653{padding-top: 50px !important;padding-bottom: 100px !important;}&#8221;][vc_column width=&#8221;1\/2&#8243; offset=&#8221;vc_col-lg-6 vc_col-md-12&#8243;][vc_row_inner css=&#8221;.vc_custom_1539780038466{margin-top: 70px !important;}&#8221;][vc_column_inner width=&#8221;1\/2&#8243; css=&#8221;.vc_custom_1541588328375{padding-right: [&hellip;]<\/p>\n","protected":false},"author":1,"featured_media":0,"parent":10995,"menu_order":0,"comment_status":"closed","ping_status":"closed","template":"","meta":{"inline_featured_image":false,"footnotes":""},"class_list":["post-10806","page","type-page","status-publish","hentry"],"yoast_head":"<!-- This site is optimized with the Yoast SEO plugin v27.4 - https:\/\/yoast.com\/product\/yoast-seo-wordpress\/ -->\n<title>Programar demostraci\u00f3n - Muvu Technologies - Railes MES<\/title>\n<meta name=\"robots\" content=\"index, follow, max-snippet:-1, max-image-preview:large, max-video-preview:-1\" \/>\n<link rel=\"canonical\" href=\"https:\/\/muvu.tech\/es\/contactos\/programar-demostracion\/\" \/>\n<meta property=\"og:locale\" content=\"es_ES\" \/>\n<meta property=\"og:type\" content=\"article\" \/>\n<meta property=\"og:title\" content=\"Programar demostraci\u00f3n - Muvu Technologies - Railes MES\" \/>\n<meta property=\"og:description\" content=\"[vc_row][vc_column][\/vc_column][\/vc_row][vc_row full_width=&#8221;stretch_row&#8221; css=&#8221;.vc_custom_1721207886653{padding-top: 50px !important;padding-bottom: 100px !important;}&#8221;][vc_column width=&#8221;1\/2&#8243; offset=&#8221;vc_col-lg-6 vc_col-md-12&#8243;][vc_row_inner css=&#8221;.vc_custom_1539780038466{margin-top: 70px !important;}&#8221;][vc_column_inner width=&#8221;1\/2&#8243; css=&#8221;.vc_custom_1541588328375{padding-right: [&hellip;]\" \/>\n<meta property=\"og:url\" content=\"https:\/\/muvu.tech\/es\/contactos\/programar-demostracion\/\" \/>\n<meta property=\"og:site_name\" content=\"Muvu Technologies - Railes MES\" \/>\n<meta property=\"article:publisher\" content=\"https:\/\/www.facebook.com\/muvutechnologies\" \/>\n<meta property=\"article:modified_time\" content=\"2024-11-20T15:14:04+00:00\" \/>\n<meta name=\"twitter:card\" content=\"summary_large_image\" \/>\n<meta name=\"twitter:site\" content=\"@muvutech\" \/>\n<meta name=\"twitter:label1\" content=\"Tiempo de lectura\" \/>\n\t<meta name=\"twitter:data1\" content=\"3 minutos\" \/>\n<script type=\"application\/ld+json\" class=\"yoast-schema-graph\">{\"@context\":\"https:\\\/\\\/schema.org\",\"@graph\":[{\"@type\":\"WebPage\",\"@id\":\"https:\\\/\\\/muvu.tech\\\/es\\\/contactos\\\/programar-demostracion\\\/\",\"url\":\"https:\\\/\\\/muvu.tech\\\/es\\\/contactos\\\/programar-demostracion\\\/\",\"name\":\"Programar demostraci\u00f3n - Muvu Technologies - Railes MES\",\"isPartOf\":{\"@id\":\"https:\\\/\\\/muvu.tech\\\/es\\\/#website\"},\"datePublished\":\"2024-07-17T09:18:53+00:00\",\"dateModified\":\"2024-11-20T15:14:04+00:00\",\"breadcrumb\":{\"@id\":\"https:\\\/\\\/muvu.tech\\\/es\\\/contactos\\\/programar-demostracion\\\/#breadcrumb\"},\"inLanguage\":\"es\",\"potentialAction\":[{\"@type\":\"ReadAction\",\"target\":[\"https:\\\/\\\/muvu.tech\\\/es\\\/contactos\\\/programar-demostracion\\\/\"]}]},{\"@type\":\"BreadcrumbList\",\"@id\":\"https:\\\/\\\/muvu.tech\\\/es\\\/contactos\\\/programar-demostracion\\\/#breadcrumb\",\"itemListElement\":[{\"@type\":\"ListItem\",\"position\":1,\"name\":\"Home\",\"item\":\"https:\\\/\\\/muvu.tech\\\/es\\\/\"},{\"@type\":\"ListItem\",\"position\":2,\"name\":\"Contactos\",\"item\":\"https:\\\/\\\/muvu.tech\\\/es\\\/?page_id=10995\"},{\"@type\":\"ListItem\",\"position\":3,\"name\":\"Programar demostraci\u00f3n\"}]},{\"@type\":\"WebSite\",\"@id\":\"https:\\\/\\\/muvu.tech\\\/es\\\/#website\",\"url\":\"https:\\\/\\\/muvu.tech\\\/es\\\/\",\"name\":\"Muvu Technologies - Railes MES\",\"description\":\"Empowering Industries with Muvu Technologies: Unleash the Potential of Railes MES for Optimal Efficiency and Quality.\",\"publisher\":{\"@id\":\"https:\\\/\\\/muvu.tech\\\/es\\\/#organization\"},\"potentialAction\":[{\"@type\":\"SearchAction\",\"target\":{\"@type\":\"EntryPoint\",\"urlTemplate\":\"https:\\\/\\\/muvu.tech\\\/es\\\/?s={search_term_string}\"},\"query-input\":{\"@type\":\"PropertyValueSpecification\",\"valueRequired\":true,\"valueName\":\"search_term_string\"}}],\"inLanguage\":\"es\"},{\"@type\":\"Organization\",\"@id\":\"https:\\\/\\\/muvu.tech\\\/es\\\/#organization\",\"name\":\"MUVU Technologies\",\"alternateName\":\"Railes MES\",\"url\":\"https:\\\/\\\/muvu.tech\\\/es\\\/\",\"logo\":{\"@type\":\"ImageObject\",\"inLanguage\":\"es\",\"@id\":\"https:\\\/\\\/muvu.tech\\\/es\\\/#\\\/schema\\\/logo\\\/image\\\/\",\"url\":\"https:\\\/\\\/muvu.tech\\\/wp-content\\\/uploads\\\/2022\\\/05\\\/muvu-logo-colour.svg\",\"contentUrl\":\"https:\\\/\\\/muvu.tech\\\/wp-content\\\/uploads\\\/2022\\\/05\\\/muvu-logo-colour.svg\",\"width\":1,\"height\":1,\"caption\":\"MUVU Technologies\"},\"image\":{\"@id\":\"https:\\\/\\\/muvu.tech\\\/es\\\/#\\\/schema\\\/logo\\\/image\\\/\"},\"sameAs\":[\"https:\\\/\\\/www.facebook.com\\\/muvutechnologies\",\"https:\\\/\\\/x.com\\\/muvutech\",\"https:\\\/\\\/www.instagram.com\\\/muvu.tech\\\/\",\"https:\\\/\\\/www.linkedin.com\\\/company\\\/muvutechnologies\\\/\"]}]}<\/script>\n<!-- \/ Yoast SEO plugin. -->","yoast_head_json":{"title":"Programar demostraci\u00f3n - Muvu Technologies - Railes MES","robots":{"index":"index","follow":"follow","max-snippet":"max-snippet:-1","max-image-preview":"max-image-preview:large","max-video-preview":"max-video-preview:-1"},"canonical":"https:\/\/muvu.tech\/es\/contactos\/programar-demostracion\/","og_locale":"es_ES","og_type":"article","og_title":"Programar demostraci\u00f3n - Muvu Technologies - Railes MES","og_description":"[vc_row][vc_column][\/vc_column][\/vc_row][vc_row full_width=&#8221;stretch_row&#8221; css=&#8221;.vc_custom_1721207886653{padding-top: 50px !important;padding-bottom: 100px !important;}&#8221;][vc_column width=&#8221;1\/2&#8243; offset=&#8221;vc_col-lg-6 vc_col-md-12&#8243;][vc_row_inner css=&#8221;.vc_custom_1539780038466{margin-top: 70px !important;}&#8221;][vc_column_inner width=&#8221;1\/2&#8243; css=&#8221;.vc_custom_1541588328375{padding-right: [&hellip;]","og_url":"https:\/\/muvu.tech\/es\/contactos\/programar-demostracion\/","og_site_name":"Muvu Technologies - Railes MES","article_publisher":"https:\/\/www.facebook.com\/muvutechnologies","article_modified_time":"2024-11-20T15:14:04+00:00","twitter_card":"summary_large_image","twitter_site":"@muvutech","twitter_misc":{"Tiempo de lectura":"3 minutos"},"schema":{"@context":"https:\/\/schema.org","@graph":[{"@type":"WebPage","@id":"https:\/\/muvu.tech\/es\/contactos\/programar-demostracion\/","url":"https:\/\/muvu.tech\/es\/contactos\/programar-demostracion\/","name":"Programar demostraci\u00f3n - Muvu Technologies - Railes MES","isPartOf":{"@id":"https:\/\/muvu.tech\/es\/#website"},"datePublished":"2024-07-17T09:18:53+00:00","dateModified":"2024-11-20T15:14:04+00:00","breadcrumb":{"@id":"https:\/\/muvu.tech\/es\/contactos\/programar-demostracion\/#breadcrumb"},"inLanguage":"es","potentialAction":[{"@type":"ReadAction","target":["https:\/\/muvu.tech\/es\/contactos\/programar-demostracion\/"]}]},{"@type":"BreadcrumbList","@id":"https:\/\/muvu.tech\/es\/contactos\/programar-demostracion\/#breadcrumb","itemListElement":[{"@type":"ListItem","position":1,"name":"Home","item":"https:\/\/muvu.tech\/es\/"},{"@type":"ListItem","position":2,"name":"Contactos","item":"https:\/\/muvu.tech\/es\/?page_id=10995"},{"@type":"ListItem","position":3,"name":"Programar demostraci\u00f3n"}]},{"@type":"WebSite","@id":"https:\/\/muvu.tech\/es\/#website","url":"https:\/\/muvu.tech\/es\/","name":"Muvu Technologies - Railes MES","description":"Empowering Industries with Muvu Technologies: Unleash the Potential of Railes MES for Optimal Efficiency and Quality.","publisher":{"@id":"https:\/\/muvu.tech\/es\/#organization"},"potentialAction":[{"@type":"SearchAction","target":{"@type":"EntryPoint","urlTemplate":"https:\/\/muvu.tech\/es\/?s={search_term_string}"},"query-input":{"@type":"PropertyValueSpecification","valueRequired":true,"valueName":"search_term_string"}}],"inLanguage":"es"},{"@type":"Organization","@id":"https:\/\/muvu.tech\/es\/#organization","name":"MUVU Technologies","alternateName":"Railes MES","url":"https:\/\/muvu.tech\/es\/","logo":{"@type":"ImageObject","inLanguage":"es","@id":"https:\/\/muvu.tech\/es\/#\/schema\/logo\/image\/","url":"https:\/\/muvu.tech\/wp-content\/uploads\/2022\/05\/muvu-logo-colour.svg","contentUrl":"https:\/\/muvu.tech\/wp-content\/uploads\/2022\/05\/muvu-logo-colour.svg","width":1,"height":1,"caption":"MUVU Technologies"},"image":{"@id":"https:\/\/muvu.tech\/es\/#\/schema\/logo\/image\/"},"sameAs":["https:\/\/www.facebook.com\/muvutechnologies","https:\/\/x.com\/muvutech","https:\/\/www.instagram.com\/muvu.tech\/","https:\/\/www.linkedin.com\/company\/muvutechnologies\/"]}]}},"_links":{"self":[{"href":"https:\/\/muvu.tech\/es\/wp-json\/wp\/v2\/pages\/10806","targetHints":{"allow":["GET"]}}],"collection":[{"href":"https:\/\/muvu.tech\/es\/wp-json\/wp\/v2\/pages"}],"about":[{"href":"https:\/\/muvu.tech\/es\/wp-json\/wp\/v2\/types\/page"}],"author":[{"embeddable":true,"href":"https:\/\/muvu.tech\/es\/wp-json\/wp\/v2\/users\/1"}],"replies":[{"embeddable":true,"href":"https:\/\/muvu.tech\/es\/wp-json\/wp\/v2\/comments?post=10806"}],"version-history":[{"count":0,"href":"https:\/\/muvu.tech\/es\/wp-json\/wp\/v2\/pages\/10806\/revisions"}],"up":[{"embeddable":true,"href":"https:\/\/muvu.tech\/es\/wp-json\/wp\/v2\/pages\/10995"}],"wp:attachment":[{"href":"https:\/\/muvu.tech\/es\/wp-json\/wp\/v2\/media?parent=10806"}],"curies":[{"name":"wp","href":"https:\/\/api.w.org\/{rel}","templated":true}]}}